{"id":2893,"date":"2023-09-24T02:50:13","date_gmt":"2023-09-24T02:50:13","guid":{"rendered":"https:\/\/www.wingtaitape.com\/?post_type=product&#038;p=2893"},"modified":"2023-12-10T21:25:04","modified_gmt":"2023-12-10T13:25:04","slug":"bande-fragile-multilingue","status":"publish","type":"product","link":"https:\/\/www.wingtaitape.com\/fr\/produit\/bande-fragile-multilingue\/","title":{"rendered":"Bande fragile - Multilingue et personnalisable"},"content":{"rendered":"<p><iframe title=\"Lecteur vid\u00e9o YouTube\" src=\"https:\/\/www.youtube.com\/embed\/9PZQcD-7VMI?si=EVeVm8lzmdz6YKfl\" width=\"560\" height=\"315\" frameborder=\"0\" allowfullscreen=\"allowfullscreen\"><\/iframe><\/p>\n<h4><span style=\"font-family: 'Open Sans';\">Caract\u00e9ristiques principales<\/span><\/h4>\n<ul>\n<li>Personnalisable et con\u00e7u de mani\u00e8re professionnelle<\/li>\n<li>Encres \u00e9cologiques avec couleurs d'accompagnement d\u00e9di\u00e9es<\/li>\n<li>Convient aux objets fragiles<\/li>\n<li>Excellente adh\u00e9rence et prix comp\u00e9titif<\/li>\n<li>Options d'\u00e9tiquetage multilingue pour le scellement et l'identification<\/li>\n<\/ul>\n<h4><span style=\"font-family: 'Open Sans';\">Application<\/span><\/h4>\n<ul>\n<li>Id\u00e9al pour l'emballage d'objets fragiles<\/li>\n<li>Renforce la s\u00e9curit\u00e9 des envois d\u00e9licats<\/li>\n<li>Convient \u00e0 divers secteurs, notamment l'\u00e9lectronique, la verrerie et les objets de collection.<\/li>\n<\/ul>","protected":false},"excerpt":{"rendered":"<ul>\n<li>Notre ruban Fragile, enti\u00e8rement personnalisable, offre une impression de haute performance pour tous vos besoins en mati\u00e8re d'emballage d\u00e9licat.<\/li>\n<li>Les encres \u00e9cologiques, les couleurs d'accompagnement d\u00e9di\u00e9es et l'excellente adh\u00e9rence en font le choix id\u00e9al.<\/li>\n<li>D\u00e9marquez-vous gr\u00e2ce aux options d'\u00e9tiquetage multilingues !<\/li>\n<\/ul>","protected":false},"featured_media":3074,"template":"","meta":{"slim_seo":{"title":"Ruban adh\u00e9sif fragile - Multilingue et personnalisable - Ruban adh\u00e9sif - Fabricant, Fournisseur, Exportateur | WINGTAI","description":"Ruban adh\u00e9sif fragile personnalisable pour des exp\u00e9ditions en toute s\u00e9curit\u00e9 - Id\u00e9al pour les appareils \u00e9lectroniques et autres."}},"product_brand":[],"product_cat":[52],"product_tag":[],"class_list":{"0":"post-2893","1":"product","2":"type-product","3":"status-publish","4":"has-post-thumbnail","6":"product_cat-packaging-tapes","8":"first","9":"instock","10":"shipping-taxable","11":"product-type-simple"},"_links":{"self":[{"href":"https:\/\/www.wingtaitape.com\/fr\/wp-json\/wp\/v2\/product\/2893","targetHints":{"allow":["GET"]}}],"collection":[{"href":"https:\/\/www.wingtaitape.com\/fr\/wp-json\/wp\/v2\/product"}],"about":[{"href":"https:\/\/www.wingtaitape.com\/fr\/wp-json\/wp\/v2\/types\/product"}],"wp:featuredmedia":[{"embeddable":true,"href":"https:\/\/www.wingtaitape.com\/fr\/wp-json\/wp\/v2\/media\/3074"}],"wp:attachment":[{"href":"https:\/\/www.wingtaitape.com\/fr\/wp-json\/wp\/v2\/media?parent=2893"}],"wp:term":[{"taxonomy":"product_brand","embeddable":true,"href":"https:\/\/www.wingtaitape.com\/fr\/wp-json\/wp\/v2\/product_brand?post=2893"},{"taxonomy":"product_cat","embeddable":true,"href":"https:\/\/www.wingtaitape.com\/fr\/wp-json\/wp\/v2\/product_cat?post=2893"},{"taxonomy":"product_tag","embeddable":true,"href":"https:\/\/www.wingtaitape.com\/fr\/wp-json\/wp\/v2\/product_tag?post=2893"}],"curies":[{"name":"wp","href":"https:\/\/api.w.org\/{rel}","templated":true}]}}