{"id":5232,"date":"2024-04-21T12:46:32","date_gmt":"2024-04-21T04:46:32","guid":{"rendered":"https:\/\/www.wingtaitape.com\/?post_type=product&#038;p=5232"},"modified":"2024-04-21T12:52:43","modified_gmt":"2024-04-21T04:52:43","slug":"ruban-adhesif-renforce-blanc-neige-active-par-leau-usage-general","status":"publish","type":"product","link":"https:\/\/www.wingtaitape.com\/fr\/produit\/ruban-adhesif-renforce-blanc-neige-active-par-leau-usage-general\/","title":{"rendered":"Ruban adh\u00e9sif renforc\u00e9 activable \u00e0 l'eau Snow White - Usage g\u00e9n\u00e9ral"},"content":{"rendered":"<h4><img fetchpriority=\"high\" decoding=\"async\" class=\"alignnone size-full wp-image-5235\" src=\"http:\/\/www.wingtaitape.com\/wp-content\/uploads\/2024\/04\/9263-Reinforced-water-activated-kraft-tape-4.jpg\" alt=\"\" width=\"1094\" height=\"729\" srcset=\"https:\/\/www.wingtaitape.com\/wp-content\/uploads\/2024\/04\/9263-Reinforced-water-activated-kraft-tape-4.jpg 1094w, https:\/\/www.wingtaitape.com\/wp-content\/uploads\/2024\/04\/9263-Reinforced-water-activated-kraft-tape-4-600x400.jpg 600w, https:\/\/www.wingtaitape.com\/wp-content\/uploads\/2024\/04\/9263-Reinforced-water-activated-kraft-tape-4-1024x682.jpg 1024w, https:\/\/www.wingtaitape.com\/wp-content\/uploads\/2024\/04\/9263-Reinforced-water-activated-kraft-tape-4-768x512.jpg 768w, https:\/\/www.wingtaitape.com\/wp-content\/uploads\/2024\/04\/9263-Reinforced-water-activated-kraft-tape-4-18x12.jpg 18w, https:\/\/www.wingtaitape.com\/wp-content\/uploads\/2024\/04\/9263-Reinforced-water-activated-kraft-tape-4-800x533.jpg 800w\" sizes=\"(max-width: 1094px) 100vw, 1094px\" \/><\/h4>\n<h4><span style=\"font-family: 'Open Sans';\">Caract\u00e9ristiques principales<\/span><\/h4>\n<ul>\n<li>L'adh\u00e9sif \u00e0 base d'amidon adh\u00e8re de mani\u00e8re agressive aux cartons ondul\u00e9s, m\u00eame dans des environnements poussi\u00e9reux ou sales.<\/li>\n<li>Recyclable, biod\u00e9gradable et repulpable.<\/li>\n<li>Fonctionne bien avec les cartons recycl\u00e9s et les charges non unitaires.<\/li>\n<li>Sceau d'inviolabilit\u00e9 qui d\u00e9courage le vol.<\/li>\n<li>Recommand\u00e9 pour les cartons l\u00e9gers \u00e0 moyens jusqu'\u00e0 25 livres (11 kg).<\/li>\n<\/ul>\n<h4><span style=\"font-family: 'Open Sans';\">Application<\/span><\/h4>\n<div id=\"eluid6bff19a0\" class=\"tabbable hr-tabs hg-tabs eluid6bff19a0 tabs--light element-scheme--light tabs_style1\" data-tabs-history=\"1\">\n<div class=\"tab-content\">\n<div id=\"eluid6bff19a0_1_0\" class=\"tab-pane active in\">\n<div class=\"row tabPaneContainer\">\n<div id=\"eluid1612f633\" class=\"eluid1612f633 col-md-12 col-sm-12 znColumnElement\">\n<div class=\"znColumnElement-innerWrapper-eluid1612f633 znColumnElement-innerWrapper znColumnElement-innerWrapper--valign-top znColumnElement-innerWrapper--halign-left\">\n<div class=\"znColumnElement-innerContent\">\n<div class=\"zn_text_box eluidcd6101b1 zn_text_box-light element-scheme--light\">\n<ul>\n<li>Utilis\u00e9 pour sceller deux bandes sur le dessus et le dessous des cartons.<\/li>\n<li>Imprim\u00e9 sur mesure -Marquage et identification.<\/li>\n<li>Transport r\u00e9frig\u00e9r\u00e9 Stockage.<\/li>\n<li>Preuve d'effraction - un carton scell\u00e9 avec du ruban adh\u00e9sif activ\u00e9 par l'eau ne peut \u00eatre ouvert sans que le sceau ne soit bris\u00e9.<\/li>\n<\/ul>\n<\/div>\n<\/div>\n<\/div>\n<\/div>\n<\/div>\n<\/div>\n<div id=\"eluid6bff19a0_1_1\" class=\"tab-pane\">\n<div class=\"row tabPaneContainer\">\n<div id=\"eluidc5f8461b\" class=\"eluidc5f8461b col-md-12 col-sm-12 znColumnElement\">\n<div class=\"znColumnElement-innerWrapper-eluidc5f8461b znColumnElement-innerWrapper znColumnElement-innerWrapper--valign-top znColumnElement-innerWrapper--halign-left\">\n<div class=\"znColumnElement-innerContent\"><\/div>\n<\/div>\n<\/div>\n<\/div>\n<\/div>\n<div id=\"eluid6bff19a0_1_2\" class=\"tab-pane\">\n<div class=\"row tabPaneContainer\">\n<div id=\"eluid21b6464b\" class=\"eluid21b6464b col-md-12 col-sm-12 znColumnElement\">\n<div class=\"znColumnElement-innerWrapper-eluid21b6464b znColumnElement-innerWrapper znColumnElement-innerWrapper--valign-top znColumnElement-innerWrapper--halign-left\">\n<div class=\"znColumnElement-innerContent\"><\/div>\n<\/div>\n<\/div>\n<\/div>\n<\/div>\n<div id=\"eluid6bff19a0_1_3\" class=\"tab-pane\">\n<div class=\"row tabPaneContainer\">\n<div id=\"eluidb48b786c\" class=\"eluidb48b786c col-md-12 col-sm-12 znColumnElement\">\n<div class=\"znColumnElement-innerWrapper-eluidb48b786c znColumnElement-innerWrapper znColumnElement-innerWrapper--valign-top znColumnElement-innerWrapper--halign-left\">\n<div class=\"znColumnElement-innerContent\">\n<div class=\"zn_text_box eluid07647954 zn_text_box-light element-scheme--light\">\n<p>&nbsp;<\/p>\n<\/div>\n<\/div>\n<\/div>\n<\/div>\n<\/div>\n<\/div>\n<\/div>\n<\/div>\n<p>&nbsp;<\/p>\n<p>&nbsp;<\/p>","protected":false},"excerpt":{"rendered":"<ul>\n<li>papier kraft haute densit\u00e9 comme mat\u00e9riau de base et ajout de sable de fibre de verre comme renfort<br \/>\nFibre de verre \u00e0 trois voies pour une meilleure r\u00e9sistance \u00e0 la traction.<\/li>\n<li>Recommand\u00e9 pour les cartons l\u00e9gers \u00e0 moyens jusqu'\u00e0 25 livres (11 kg).<\/li>\n<\/ul>","protected":false},"featured_media":5234,"template":"","meta":{"slim_seo":{"title":"Ruban adh\u00e9sif renforc\u00e9 \u00e0 l'eau blanc neige - Usage g\u00e9n\u00e9ral - Ruban adh\u00e9sif - Fabricant, Fournisseur, Exportateur | WINGTAI","description":"La bande activ\u00e9e par l'eau fournit un sceau d'inviolabilit\u00e9 qui d\u00e9courage le vol. Le scellage est si solide qu'il suffit d'utiliser une seule bande de ruban."}},"product_brand":[],"product_cat":[46,47],"product_tag":[],"class_list":{"0":"post-5232","1":"product","2":"type-product","3":"status-publish","4":"has-post-thumbnail","6":"product_cat-kraft-tapes","7":"product_cat-masking-paper-tapes","9":"first","10":"instock","11":"shipping-taxable","12":"product-type-simple"},"_links":{"self":[{"href":"https:\/\/www.wingtaitape.com\/fr\/wp-json\/wp\/v2\/product\/5232","targetHints":{"allow":["GET"]}}],"collection":[{"href":"https:\/\/www.wingtaitape.com\/fr\/wp-json\/wp\/v2\/product"}],"about":[{"href":"https:\/\/www.wingtaitape.com\/fr\/wp-json\/wp\/v2\/types\/product"}],"wp:featuredmedia":[{"embeddable":true,"href":"https:\/\/www.wingtaitape.com\/fr\/wp-json\/wp\/v2\/media\/5234"}],"wp:attachment":[{"href":"https:\/\/www.wingtaitape.com\/fr\/wp-json\/wp\/v2\/media?parent=5232"}],"wp:term":[{"taxonomy":"product_brand","embeddable":true,"href":"https:\/\/www.wingtaitape.com\/fr\/wp-json\/wp\/v2\/product_brand?post=5232"},{"taxonomy":"product_cat","embeddable":true,"href":"https:\/\/www.wingtaitape.com\/fr\/wp-json\/wp\/v2\/product_cat?post=5232"},{"taxonomy":"product_tag","embeddable":true,"href":"https:\/\/www.wingtaitape.com\/fr\/wp-json\/wp\/v2\/product_tag?post=5232"}],"curies":[{"name":"wp","href":"https:\/\/api.w.org\/{rel}","templated":true}]}}