{"id":5740,"date":"2024-05-20T16:26:18","date_gmt":"2024-05-20T08:26:18","guid":{"rendered":"https:\/\/www.wingtaitape.com\/?post_type=product&#038;p=5740"},"modified":"2025-04-24T11:17:34","modified_gmt":"2025-04-24T03:17:34","slug":"ruban-de-masquage-bleu-pour-peintres","status":"publish","type":"product","link":"https:\/\/www.wingtaitape.com\/fr\/produit\/ruban-de-masquage-bleu-pour-peintres\/","title":{"rendered":"Ruban de masquage bleu"},"content":{"rendered":"<h4><span style=\"font-family: 'Open Sans';\">Caract\u00e9ristiques principales<\/span><\/h4>\n<ul>\n<li>Tient jusqu'\u00e0 45 jours avec un enl\u00e8vement propre pour une utilisation \u00e0 l'int\u00e9rieur.<\/li>\n<li>R\u00e9siste \u00e0 des temp\u00e9ratures allant jusqu'\u00e0 200\u00b0F pendant 30 minutes.<\/li>\n<li>Papier cr\u00eap\u00e9 bleu avec adh\u00e9sif acrylique.<\/li>\n<li>Haute r\u00e9sistance aux intemp\u00e9ries, aux UV et au vieillissement<\/li>\n<\/ul>\n<h4><span style=\"font-family: 'Open Sans';\">Application<\/span><\/h4>\n<div id=\"eluid6bff19a0\" class=\"tabbable hr-tabs hg-tabs eluid6bff19a0 tabs--light element-scheme--light tabs_style1\" data-tabs-history=\"1\">\n<div class=\"tab-content\">\n<div id=\"eluid6bff19a0_1_0\" class=\"tab-pane active in\">\n<div class=\"row tabPaneContainer\">\n<div id=\"eluid1612f633\" class=\"eluid1612f633 col-md-12 col-sm-12 znColumnElement\">\n<div class=\"znColumnElement-innerWrapper-eluid1612f633 znColumnElement-innerWrapper znColumnElement-innerWrapper--valign-top znColumnElement-innerWrapper--halign-left\">\n<div class=\"znColumnElement-innerContent\">\n<div class=\"zn_text_box eluidcd6101b1 zn_text_box-light element-scheme--light\">\n<div id=\"eluid6bff19a0_1_0\" class=\"tab-pane active in\">\n<div class=\"row tabPaneContainer\"><\/div>\n<\/div>\n<div id=\"eluid6bff19a0_1_1\" class=\"tab-pane\">\n<div class=\"row tabPaneContainer\">\n<div id=\"eluidc5f8461b\" class=\"eluidc5f8461b col-md-12 col-sm-12 znColumnElement\">\n<div class=\"znColumnElement-innerWrapper-eluidc5f8461b znColumnElement-innerWrapper znColumnElement-innerWrapper--valign-top znColumnElement-innerWrapper--halign-left\">\n<ul>\n<li class=\"znColumnElement-innerContent\">Utilis\u00e9 pour le masquage dans la d\u00e9coration int\u00e9rieure, sur les surfaces en verre, en m\u00e9tal, en plastique et en bois, ainsi que pour le masquage de peinture et le masquage par pulv\u00e9risation de peinture.<\/li>\n<\/ul>\n<div><\/div>\n<\/div>\n<div><\/div>\n<\/div>\n<div><img fetchpriority=\"high\" decoding=\"async\" class=\"alignnone size-full wp-image-6482\" src=\"https:\/\/www.wingtaitape.com\/wp-content\/uploads\/2024\/05\/Blue-masking-tape-d.jpg\" alt=\"Ruban adh\u00e9sif bleu\" width=\"790\" height=\"1080\" srcset=\"https:\/\/www.wingtaitape.com\/wp-content\/uploads\/2024\/05\/Blue-masking-tape-d.jpg 790w, https:\/\/www.wingtaitape.com\/wp-content\/uploads\/2024\/05\/Blue-masking-tape-d-439x600.jpg 439w, https:\/\/www.wingtaitape.com\/wp-content\/uploads\/2024\/05\/Blue-masking-tape-d-749x1024.jpg 749w, https:\/\/www.wingtaitape.com\/wp-content\/uploads\/2024\/05\/Blue-masking-tape-d-768x1050.jpg 768w, https:\/\/www.wingtaitape.com\/wp-content\/uploads\/2024\/05\/Blue-masking-tape-d-9x12.jpg 9w, https:\/\/www.wingtaitape.com\/wp-content\/uploads\/2024\/05\/Blue-masking-tape-d-600x820.jpg 600w\" sizes=\"(max-width: 790px) 100vw, 790px\" \/><\/div>\n<\/div>\n<\/div>\n<\/div>\n<\/div>\n<\/div>\n<\/div>\n<\/div>\n<\/div>\n<div id=\"eluid6bff19a0_1_2\" class=\"tab-pane\">\n<div class=\"row tabPaneContainer\">\n<div id=\"eluid21b6464b\" class=\"eluid21b6464b col-md-12 col-sm-12 znColumnElement\">\n<div class=\"znColumnElement-innerWrapper-eluid21b6464b znColumnElement-innerWrapper znColumnElement-innerWrapper--valign-top znColumnElement-innerWrapper--halign-left\">\n<div class=\"znColumnElement-innerContent\"><\/div>\n<\/div>\n<\/div>\n<\/div>\n<\/div>\n<div id=\"eluid6bff19a0_1_3\" class=\"tab-pane\">\n<div class=\"row tabPaneContainer\">\n<div id=\"eluidb48b786c\" class=\"eluidb48b786c col-md-12 col-sm-12 znColumnElement\">\n<div class=\"znColumnElement-innerWrapper-eluidb48b786c znColumnElement-innerWrapper znColumnElement-innerWrapper--valign-top znColumnElement-innerWrapper--halign-left\">\n<div class=\"znColumnElement-innerContent\">\n<div class=\"zn_text_box eluid07647954 zn_text_box-light element-scheme--light\">\n<p>&nbsp;<\/p>\n<\/div>\n<\/div>\n<\/div>\n<\/div>\n<\/div>\n<\/div>\n<\/div>\n<\/div>\n<p>&nbsp;<\/p>\n<p>&nbsp;<\/p>","protected":false},"excerpt":{"rendered":"<p>Ce ruban de masquage bleu pour peintre peut tenir jusqu'\u00e0 40 jours avec un enl\u00e8vement propre pour une utilisation en int\u00e9rieur. R\u00e9siste \u00e0 des temp\u00e9ratures allant jusqu'\u00e0 200\u00b0F pendant 30 minutes.<\/p>","protected":false},"featured_media":6481,"template":"","meta":{"slim_seo":{"title":"Ruban de masquage bleu pour peintre - Ruban adh\u00e9sif - Fabricant, Fournisseur, Exportateur | WINGTAI","description":"Le ruban de masquage bleu pour peintre peut tenir jusqu'\u00e0 40 jours avec un enl\u00e8vement propre pour une utilisation en int\u00e9rieur. R\u00e9siste \u00e0 des temp\u00e9ratures allant jusqu'\u00e0 200\u00b0F pendant 30 minutes."}},"product_brand":[],"product_cat":[47,48],"product_tag":[],"class_list":{"0":"post-5740","1":"product","2":"type-product","3":"status-publish","4":"has-post-thumbnail","6":"product_cat-masking-paper-tapes","7":"product_cat-masking-tapes","9":"first","10":"instock","11":"shipping-taxable","12":"product-type-simple"},"_links":{"self":[{"href":"https:\/\/www.wingtaitape.com\/fr\/wp-json\/wp\/v2\/product\/5740","targetHints":{"allow":["GET"]}}],"collection":[{"href":"https:\/\/www.wingtaitape.com\/fr\/wp-json\/wp\/v2\/product"}],"about":[{"href":"https:\/\/www.wingtaitape.com\/fr\/wp-json\/wp\/v2\/types\/product"}],"wp:featuredmedia":[{"embeddable":true,"href":"https:\/\/www.wingtaitape.com\/fr\/wp-json\/wp\/v2\/media\/6481"}],"wp:attachment":[{"href":"https:\/\/www.wingtaitape.com\/fr\/wp-json\/wp\/v2\/media?parent=5740"}],"wp:term":[{"taxonomy":"product_brand","embeddable":true,"href":"https:\/\/www.wingtaitape.com\/fr\/wp-json\/wp\/v2\/product_brand?post=5740"},{"taxonomy":"product_cat","embeddable":true,"href":"https:\/\/www.wingtaitape.com\/fr\/wp-json\/wp\/v2\/product_cat?post=5740"},{"taxonomy":"product_tag","embeddable":true,"href":"https:\/\/www.wingtaitape.com\/fr\/wp-json\/wp\/v2\/product_tag?post=5740"}],"curies":[{"name":"wp","href":"https:\/\/api.w.org\/{rel}","templated":true}]}}