{"id":6076,"date":"2024-07-23T11:28:08","date_gmt":"2024-07-23T03:28:08","guid":{"rendered":"https:\/\/www.wingtaitape.com\/?post_type=product&#038;p=6076"},"modified":"2025-07-31T11:59:20","modified_gmt":"2025-07-31T03:59:20","slug":"ruban-de-filament-double-face-maille-croisee","status":"publish","type":"product","link":"https:\/\/www.wingtaitape.com\/fr\/produit\/ruban-de-filament-double-face-maille-croisee\/","title":{"rendered":"Ruban filamentaire double face Maille crois\u00e9e"},"content":{"rendered":"<p>Le ruban en fibre double face est fabriqu\u00e9 en mettant <b>filaments de fibres de verre<\/b> ou <b>grilles<\/b> Les rubans en plastique sont fabriqu\u00e9s \u00e0 partir d'un film PET (polyester) ou d'un autre film r\u00e9sistant, puis recouverts d'un adh\u00e9sif sensible \u00e0 la pression sur les deux faces. Cette fabrication sp\u00e9ciale lui conf\u00e8re de meilleures performances que les rubans en plastique ordinaires.<\/p>\n<h4><span style=\"font-family: 'Open Sans';\">Caract\u00e9ristiques principales<\/span><\/h4>\n<p><b>Stick double face - Tenue tout-en-un :<\/b> Les deux faces du ruban sont collantes, ce qui permet une connexion simple et rapide. Il n'est donc plus n\u00e9cessaire de proc\u00e9der \u00e0 des \u00e9tapes compliqu\u00e9es telles que l'insertion ou l'emballage.<\/p>\n<p><b>Capacit\u00e9 de charge \u00e9lev\u00e9e - Maintien solide :<\/b> Combiner un <b>support renforc\u00e9 de fibres<\/b> avec <b>adh\u00e9sif double face haute performance<\/b>Ce ruban peut tenir plus de trois fois plus longtemps qu'un ruban adh\u00e9sif double face normal. Il est id\u00e9al pour maintenir des objets lourds et fixer des pi\u00e8ces.<\/p>\n<p><b>R\u00e9siste aux d\u00e9chirures - Robuste et r\u00e9sistant aux intemp\u00e9ries :<\/b> La grille en fibre de verre \u00e0 l'int\u00e9rieur le rend r\u00e9sistant \u00e0 la d\u00e9chirure, de sorte que les coupures ne s'\u00e9tendent pas. De plus, sa bonne formule adh\u00e9sive r\u00e9siste <b>l'humidit\u00e9<\/b> et <b>vieillissement<\/b>Il peut ainsi fonctionner longtemps \u00e0 l'int\u00e9rieur comme \u00e0 l'ext\u00e9rieur.<\/p>\n<p><b>Fonctionne \u00e0 de nombreuses temp\u00e9ratures - Stable et fiable :<\/b> Il supporte une large gamme de temp\u00e9ratures, de <span class=\"math-inline\"><span class=\"katex\"><span class=\"katex-html\" aria-hidden=\"true\"><span class=\"base\"><span class=\"mord text\"><span class=\"mord\">&#8211;<\/span><\/span><span class=\"mord\">2<\/span><span class=\"mord\"><span class=\"mord\">0<\/span><span class=\"msupsub\"><span class=\"vlist-t\"><span class=\"vlist-r\"><span class=\"vlist\"><span class=\"\"><span class=\"sizing reset-size6 size3 mtight\"><span class=\"mbin mtight\">\u2218<\/span><\/span><\/span><\/span><\/span><\/span><\/span><\/span><span class=\"mord text\"><span class=\"mord\">C<\/span><\/span><\/span><\/span><\/span><\/span> \u00e0 <span class=\"math-inline\"><span class=\"katex\"><span class=\"katex-html\" aria-hidden=\"true\"><span class=\"base\"><span class=\"mord\">7<\/span><span class=\"mord\"><span class=\"mord\">0<\/span><span class=\"msupsub\"><span class=\"vlist-t\"><span class=\"vlist-r\"><span class=\"vlist\"><span class=\"\"><span class=\"sizing reset-size6 size3 mtight\"><span class=\"mbin mtight\">\u2218<\/span><\/span><\/span><\/span><\/span><\/span><\/span><\/span><span class=\"mord text\"><span class=\"mord\">C<\/span><\/span><\/span><\/span><\/span><\/span> (<span class=\"math-inline\"><span class=\"katex\"><span class=\"katex-html\" aria-hidden=\"true\"><span class=\"base\"><span class=\"mord\">-<\/span><span class=\"mord\"><span class=\"mord\">4<\/span><span class=\"msupsub\"><span class=\"vlist-t\"><span class=\"vlist-r\"><span class=\"vlist\"><span class=\"\"><span class=\"sizing reset-size6 size3 mtight\"><span class=\"mbin mtight\">\u2218<\/span><\/span><\/span><\/span><\/span><\/span><\/span><\/span><span class=\"mord text\"><span class=\"mord\">F<\/span><\/span><\/span><\/span><\/span><\/span> \u00e0 <span class=\"math-inline\"><span class=\"katex\"><span class=\"katex-html\" aria-hidden=\"true\"><span class=\"base\"><span class=\"mord\">15<\/span><span class=\"mord\"><span class=\"mord\">8<\/span><span class=\"msupsub\"><span class=\"vlist-t\"><span class=\"vlist-r\"><span class=\"vlist\"><span class=\"\"><span class=\"sizing reset-size6 size3 mtight\"><span class=\"mbin mtight\">\u2218<\/span><\/span><\/span><\/span><\/span><\/span><\/span><\/span><span class=\"mord text\"><span class=\"mord\">F<\/span><\/span><\/span><\/span><\/span><\/span>). Cela signifie qu'il reste fermement attach\u00e9, que ce soit sur des lignes de production chaudes ou dans des entrep\u00f4ts frigorifiques.<\/p>\n<p>&nbsp;<\/p>\n<h4><span style=\"font-family: Open Sans;\">Application<\/span><\/h4>\n<ul>\n<li><b>D\u00e9coration de b\u00e2timents :<\/b>\n<ul>\n<li>Fixation solide <b>d\u00e9corations murales<\/b>.<\/li>\n<li>Pose et fixation <b>tapis<\/b>.<\/li>\n<li>Installation <b>joints de porte et de fen\u00eatre<\/b>.<\/li>\n<\/ul>\n<\/li>\n<li><b>Meubles et articles de maison :<\/b>\n<ul>\n<li>Coller vers le bas <b>supports de meubles<\/b>.<\/li>\n<li>Fa\u00e7onner et s\u00e9curiser <b>tapisserie d'ameublement<\/b>.<\/li>\n<li>Unir fermement <b>tissu avec panneaux de bois<\/b>.<\/li>\n<\/ul>\n<\/li>\n<\/ul>\n<p>&nbsp;<\/p>\n<p><a href=\"https:\/\/www.wingtaitape.com\/wp-content\/uploads\/2024\/07\/double-sided-tape-application-1.webp\"><img fetchpriority=\"high\" decoding=\"async\" class=\"alignnone wp-image-7551\" src=\"https:\/\/www.wingtaitape.com\/wp-content\/uploads\/2024\/07\/double-sided-tape-application-1.webp\" alt=\"Application de ruban double face (1)\" width=\"357\" height=\"238\" srcset=\"https:\/\/www.wingtaitape.com\/wp-content\/uploads\/2024\/07\/double-sided-tape-application-1.webp 800w, https:\/\/www.wingtaitape.com\/wp-content\/uploads\/2024\/07\/double-sided-tape-application-1-600x400.webp 600w, https:\/\/www.wingtaitape.com\/wp-content\/uploads\/2024\/07\/double-sided-tape-application-1-768x512.webp 768w, https:\/\/www.wingtaitape.com\/wp-content\/uploads\/2024\/07\/double-sided-tape-application-1-18x12.webp 18w\" sizes=\"(max-width: 357px) 100vw, 357px\" \/><\/a> \u00a0<a href=\"https:\/\/www.wingtaitape.com\/wp-content\/uploads\/2024\/07\/double-sided-tape-application-2.webp\">\u00a0 <img decoding=\"async\" class=\"alignnone wp-image-7552\" src=\"https:\/\/www.wingtaitape.com\/wp-content\/uploads\/2024\/07\/double-sided-tape-application-2.webp\" alt=\"Application de ruban double face (2)\" width=\"237\" height=\"237\" srcset=\"https:\/\/www.wingtaitape.com\/wp-content\/uploads\/2024\/07\/double-sided-tape-application-2.webp 800w, https:\/\/www.wingtaitape.com\/wp-content\/uploads\/2024\/07\/double-sided-tape-application-2-600x600.webp 600w, https:\/\/www.wingtaitape.com\/wp-content\/uploads\/2024\/07\/double-sided-tape-application-2-150x150.webp 150w, https:\/\/www.wingtaitape.com\/wp-content\/uploads\/2024\/07\/double-sided-tape-application-2-768x768.webp 768w, https:\/\/www.wingtaitape.com\/wp-content\/uploads\/2024\/07\/double-sided-tape-application-2-12x12.webp 12w, https:\/\/www.wingtaitape.com\/wp-content\/uploads\/2024\/07\/double-sided-tape-application-2-100x100.webp 100w\" sizes=\"(max-width: 237px) 100vw, 237px\" \/><\/a>\u00a0\u00a0<a href=\"https:\/\/www.wingtaitape.com\/wp-content\/uploads\/2024\/07\/double-sided-tape-application-3.webp\"> \u00a0<img decoding=\"async\" class=\"alignnone wp-image-7553\" src=\"https:\/\/www.wingtaitape.com\/wp-content\/uploads\/2024\/07\/double-sided-tape-application-3.webp\" alt=\"Application de ruban double face (3)\" width=\"237\" height=\"237\" srcset=\"https:\/\/www.wingtaitape.com\/wp-content\/uploads\/2024\/07\/double-sided-tape-application-3.webp 800w, https:\/\/www.wingtaitape.com\/wp-content\/uploads\/2024\/07\/double-sided-tape-application-3-600x600.webp 600w, https:\/\/www.wingtaitape.com\/wp-content\/uploads\/2024\/07\/double-sided-tape-application-3-150x150.webp 150w, https:\/\/www.wingtaitape.com\/wp-content\/uploads\/2024\/07\/double-sided-tape-application-3-768x768.webp 768w, https:\/\/www.wingtaitape.com\/wp-content\/uploads\/2024\/07\/double-sided-tape-application-3-12x12.webp 12w, https:\/\/www.wingtaitape.com\/wp-content\/uploads\/2024\/07\/double-sided-tape-application-3-100x100.webp 100w\" sizes=\"(max-width: 237px) 100vw, 237px\" \/><\/a><\/p>\n<h4>Donn\u00e9es techniques<\/h4>\n<p><a href=\"https:\/\/www.wingtaitape.com\/wp-content\/uploads\/2023\/09\/Double-side-filament-tape-data-sheet.jpg\"><img loading=\"lazy\" decoding=\"async\" class=\"alignnone wp-image-6073 size-full\" src=\"https:\/\/www.wingtaitape.com\/wp-content\/uploads\/2023\/09\/Double-side-filament-tape-data-sheet.jpg\" alt=\"Feuille de donn\u00e9es sur les rubans \u00e0 double paroi\" width=\"1531\" height=\"457\" srcset=\"https:\/\/www.wingtaitape.com\/wp-content\/uploads\/2023\/09\/Double-side-filament-tape-data-sheet.jpg 1531w, https:\/\/www.wingtaitape.com\/wp-content\/uploads\/2023\/09\/Double-side-filament-tape-data-sheet-600x179.jpg 600w, https:\/\/www.wingtaitape.com\/wp-content\/uploads\/2023\/09\/Double-side-filament-tape-data-sheet-1024x306.jpg 1024w, https:\/\/www.wingtaitape.com\/wp-content\/uploads\/2023\/09\/Double-side-filament-tape-data-sheet-768x229.jpg 768w, https:\/\/www.wingtaitape.com\/wp-content\/uploads\/2023\/09\/Double-side-filament-tape-data-sheet-18x5.jpg 18w, https:\/\/www.wingtaitape.com\/wp-content\/uploads\/2023\/09\/Double-side-filament-tape-data-sheet-800x239.jpg 800w\" sizes=\"(max-width: 1531px) 100vw, 1531px\" \/><\/a><\/p>","protected":false},"excerpt":{"rendered":"<p>Les rubans de filament double face sont dot\u00e9s d'un adh\u00e9sif sur les deux faces, ce qui am\u00e9liore la stabilit\u00e9 dimensionnelle et facilite la manipulation. Id\u00e9al pour diverses applications, y compris la stratification de mousse et l'installation de moquette. Choisissez parmi diverses propri\u00e9t\u00e9s, telles qu'une forte adh\u00e9rence et une grande r\u00e9sistance, pour r\u00e9pondre \u00e0 vos besoins.<\/p>","protected":false},"featured_media":6077,"template":"","meta":{"slim_seo":{"title":"Ruban filamentaire double face - Ruban adh\u00e9sif - Fabricant, Fournisseur, Exportateur | WINGTAI","description":"Ruban filamentaire double face avec un adh\u00e9sif tr\u00e8s puissant. Id\u00e9al pour la stratification de mousse, l'installation de tapis, etc. Manipulation facile et forte adh\u00e9rence."}},"product_brand":[],"product_cat":[40],"product_tag":[39],"class_list":{"0":"post-6076","1":"product","2":"type-product","3":"status-publish","4":"has-post-thumbnail","6":"product_cat-filament-tapes","7":"product_tag-filament-tape","9":"first","10":"instock","11":"shipping-taxable","12":"product-type-simple"},"_links":{"self":[{"href":"https:\/\/www.wingtaitape.com\/fr\/wp-json\/wp\/v2\/product\/6076","targetHints":{"allow":["GET"]}}],"collection":[{"href":"https:\/\/www.wingtaitape.com\/fr\/wp-json\/wp\/v2\/product"}],"about":[{"href":"https:\/\/www.wingtaitape.com\/fr\/wp-json\/wp\/v2\/types\/product"}],"wp:featuredmedia":[{"embeddable":true,"href":"https:\/\/www.wingtaitape.com\/fr\/wp-json\/wp\/v2\/media\/6077"}],"wp:attachment":[{"href":"https:\/\/www.wingtaitape.com\/fr\/wp-json\/wp\/v2\/media?parent=6076"}],"wp:term":[{"taxonomy":"product_brand","embeddable":true,"href":"https:\/\/www.wingtaitape.com\/fr\/wp-json\/wp\/v2\/product_brand?post=6076"},{"taxonomy":"product_cat","embeddable":true,"href":"https:\/\/www.wingtaitape.com\/fr\/wp-json\/wp\/v2\/product_cat?post=6076"},{"taxonomy":"product_tag","embeddable":true,"href":"https:\/\/www.wingtaitape.com\/fr\/wp-json\/wp\/v2\/product_tag?post=6076"}],"curies":[{"name":"wp","href":"https:\/\/api.w.org\/{rel}","templated":true}]}}