{"id":6078,"date":"2024-07-23T15:51:12","date_gmt":"2024-07-23T07:51:12","guid":{"rendered":"https:\/\/www.wingtaitape.com\/?post_type=product&#038;p=6078"},"modified":"2025-04-06T10:30:03","modified_gmt":"2025-04-06T02:30:03","slug":"ruban-de-cerclage-mopp","status":"publish","type":"product","link":"https:\/\/www.wingtaitape.com\/fr\/produit\/ruban-de-cerclage-mopp\/","title":{"rendered":"Ruban de cerclage MOPP haute r\u00e9sistance \u00e0 usages multiples"},"content":{"rendered":"<p><iframe title=\"Lecteur vid\u00e9o YouTube\" src=\"https:\/\/www.youtube.com\/embed\/SKn5KBCEr8M?si=0reZR8M0ufPI2KZm\" width=\"560\" height=\"315\" frameborder=\"0\" allowfullscreen=\"allowfullscreen\"><\/iframe><\/p>\n<p>Le ruban de cerclage MOPP est un ruban dont le support est un film MOPP (polypropyl\u00e8ne mono-orient\u00e9) et dont l'une des faces est recouverte de caoutchouc naturel.<\/p>\n<h4><span style=\"font-family: 'Open Sans';\">Caract\u00e9ristiques principales<\/span><\/h4>\n<ul>\n<li>Le film MOPP peut offrir une r\u00e9sistance \u00e9lev\u00e9e \u00e0 la traction Une r\u00e9sistance \u00e9lev\u00e9e \u00e0 la traction et un faible allongement<\/li>\n<li>Le ruban est souple et pr\u00e9sente une bonne conformabilit\u00e9.<\/li>\n<li>R\u00e9sistance \u00e9lev\u00e9e \u00e0 l'abrasion, aux chocs et aux d\u00e9chirures.<\/li>\n<li>La colle en caoutchouc sp\u00e9cialement trait\u00e9e pr\u00e9sente une excellente r\u00e9sistance aux intemp\u00e9ries et ne laisse aucun r\u00e9sidu de colle apr\u00e8s l'enl\u00e8vement.<\/li>\n<\/ul>\n<h4><span style=\"font-family: 'Open Sans';\">Application<\/span><\/h4>\n<ul>\n<li>Collage et r\u00e9paration de gros appareils \u00e9lectrom\u00e9nagers<\/li>\n<li>Collage et fixation des imprimantes<\/li>\n<li>Peinture et marquage du m\u00e9tro<\/li>\n<li>Remplacer les sacs de supermarch\u00e9<\/li>\n<\/ul>\n<p><img fetchpriority=\"high\" decoding=\"async\" class=\"alignnone size-full wp-image-6298\" src=\"https:\/\/www.wingtaitape.com\/wp-content\/uploads\/2025\/04\/Application-of-MOPP-tape-Wingtai.jpg\" alt=\"Application de la bande MOPP\" width=\"750\" height=\"750\" srcset=\"https:\/\/www.wingtaitape.com\/wp-content\/uploads\/2025\/04\/Application-of-MOPP-tape-Wingtai.jpg 750w, https:\/\/www.wingtaitape.com\/wp-content\/uploads\/2025\/04\/Application-of-MOPP-tape-Wingtai-600x600.jpg 600w, https:\/\/www.wingtaitape.com\/wp-content\/uploads\/2025\/04\/Application-of-MOPP-tape-Wingtai-150x150.jpg 150w, https:\/\/www.wingtaitape.com\/wp-content\/uploads\/2025\/04\/Application-of-MOPP-tape-Wingtai-12x12.jpg 12w, https:\/\/www.wingtaitape.com\/wp-content\/uploads\/2025\/04\/Application-of-MOPP-tape-Wingtai-100x100.jpg 100w\" sizes=\"(max-width: 750px) 100vw, 750px\" \/><\/p>\n<p>&nbsp;<\/p>\n<p>&nbsp;<\/p>","protected":false},"excerpt":{"rendered":"<ul>\n<li>Les rubans adh\u00e9sifs en polypropyl\u00e8ne \u00e0 orientation monoaxiale (MOPP) sont parfaits pour diverses applications, notamment la fabrication d'appareils \u00e9lectrom\u00e9nagers et l'exp\u00e9dition. Nos rubans MOPP offrent une r\u00e9sistance \u00e9lev\u00e9e \u00e0 la traction et un faible allongement, combin\u00e9s \u00e0 des syst\u00e8mes adh\u00e9sifs qui ne laissent aucun r\u00e9sidu lorsqu'ils sont retir\u00e9s. Ils sont id\u00e9aux pour coller et fixer les appareils \u00e9lectrom\u00e9nagers blancs, les imprimantes, les peintures de m\u00e9tro et pour remplacer les sacs de supermarch\u00e9.<\/li>\n<\/ul>","protected":false},"featured_media":6079,"template":"","meta":{"slim_seo":{"title":"Ruban de cerclage MOPP haute r\u00e9sistance pour usages multiples - Ruban adh\u00e9sif - Fabricant, Fournisseur, Exportateur | WINGTAI","description":"Ruban adh\u00e9sif MOPP haute r\u00e9sistance avec enl\u00e8vement sans r\u00e9sidu. Id\u00e9al pour la fabrication d'appareils, l'exp\u00e9dition et les applications polyvalentes."}},"product_brand":[],"product_cat":[43],"product_tag":[],"class_list":{"0":"post-6078","1":"product","2":"type-product","3":"status-publish","4":"has-post-thumbnail","6":"product_cat-industrial-tape","8":"first","9":"instock","10":"shipping-taxable","11":"product-type-simple"},"_links":{"self":[{"href":"https:\/\/www.wingtaitape.com\/fr\/wp-json\/wp\/v2\/product\/6078","targetHints":{"allow":["GET"]}}],"collection":[{"href":"https:\/\/www.wingtaitape.com\/fr\/wp-json\/wp\/v2\/product"}],"about":[{"href":"https:\/\/www.wingtaitape.com\/fr\/wp-json\/wp\/v2\/types\/product"}],"wp:featuredmedia":[{"embeddable":true,"href":"https:\/\/www.wingtaitape.com\/fr\/wp-json\/wp\/v2\/media\/6079"}],"wp:attachment":[{"href":"https:\/\/www.wingtaitape.com\/fr\/wp-json\/wp\/v2\/media?parent=6078"}],"wp:term":[{"taxonomy":"product_brand","embeddable":true,"href":"https:\/\/www.wingtaitape.com\/fr\/wp-json\/wp\/v2\/product_brand?post=6078"},{"taxonomy":"product_cat","embeddable":true,"href":"https:\/\/www.wingtaitape.com\/fr\/wp-json\/wp\/v2\/product_cat?post=6078"},{"taxonomy":"product_tag","embeddable":true,"href":"https:\/\/www.wingtaitape.com\/fr\/wp-json\/wp\/v2\/product_tag?post=6078"}],"curies":[{"name":"wp","href":"https:\/\/api.w.org\/{rel}","templated":true}]}}