{"id":6087,"date":"2024-07-30T15:27:28","date_gmt":"2024-07-30T07:27:28","guid":{"rendered":"https:\/\/www.wingtaitape.com\/?post_type=product&#038;p=6087"},"modified":"2024-07-30T15:39:33","modified_gmt":"2024-07-30T07:39:33","slug":"ruban-kraft-pour-applications-hvac","status":"publish","type":"product","link":"https:\/\/www.wingtaitape.com\/fr\/produit\/ruban-kraft-pour-applications-hvac\/","title":{"rendered":"Ruban Kraft avec feuille d'aluminium pour les applications HVAC"},"content":{"rendered":"<h4><span style=\"font-family: 'Open Sans';\">Caract\u00e9ristiques principales<\/span><\/h4>\n<ul>\n<li>Support 3 voies Foil-Scrim-Kraft pour une excellente r\u00e9flexion de la chaleur et de la lumi\u00e8re<\/li>\n<li>Adh\u00e9sif de haute qualit\u00e9 avec une forte adh\u00e9rence et un bon pouvoir de maintien<\/li>\n<li>Faible taux de transmission de la vapeur d'eau, agissant comme un excellent pare-vapeur<\/li>\n<li>Plage de temp\u00e9rature de service de -30 \u00e0 +120 \u00b0C (-22 \u00e0 +248 \u00b0F)<\/li>\n<li>Couche de feuille renforc\u00e9e pour une r\u00e9sistance \u00e0 l'humidit\u00e9, \u00e0 la chaleur et aux produits chimiques<\/li>\n<\/ul>\n<h4><span style=\"font-family: 'Open Sans';\">Application<\/span><\/h4>\n<ul>\n<li>Scellement et assemblage de mat\u00e9riaux d'isolation dans les syst\u00e8mes CVC<\/li>\n<li>\u00c9tanch\u00e9it\u00e9 des joints et des raccords dans les conduits<\/li>\n<li>Assemblage et scellement des joints et des raccords des conduits d'air flexibles<\/li>\n<li>Convient \u00e0 d'autres utilisations industrielles n\u00e9cessitant un ruban durable et fiable<\/li>\n<\/ul>\n<p>&nbsp;<\/p>\n<p>&nbsp;<\/p>","protected":false},"excerpt":{"rendered":"<ul>\n<li>Le ruban Foil Scrim Kraft, \u00e9galement connu sous le nom de ruban FSK, est sp\u00e9cialement con\u00e7u pour l'industrie du chauffage, de la ventilation et de la climatisation. Fabriqu\u00e9 \u00e0 partir d'une combinaison de feuilles d'aluminium, de grilles en fibre de verre et de papier kraft, ce ruban assure l'\u00e9tanch\u00e9it\u00e9 \u00e0 l'air et l'isolation des conduits. Il est dot\u00e9 d'un adh\u00e9sif acrylique \u00e0 solvant haute performance et d'un support en papier silicon\u00e9 facile \u00e0 d\u00e9tacher.<\/li>\n<\/ul>","protected":false},"featured_media":6088,"template":"","meta":{"slim_seo":{"title":"Ruban adh\u00e9sif Kraft pour applications HVAC - Ruban adh\u00e9sif - Fabricant, Fournisseur, Exportateur | WINGTAI","description":"Ruban kraft \u00e0 feuille d'aluminium haute performance pour les applications CVC. Offre une excellente r\u00e9flexion de la chaleur et de la lumi\u00e8re, une forte adh\u00e9rence et agit comme un pare-vapeur. Id\u00e9al pour sceller les joints et les raccords des conduits."}},"product_brand":[],"product_cat":[43],"product_tag":[],"class_list":{"0":"post-6087","1":"product","2":"type-product","3":"status-publish","4":"has-post-thumbnail","6":"product_cat-industrial-tape","8":"first","9":"instock","10":"shipping-taxable","11":"product-type-simple"},"_links":{"self":[{"href":"https:\/\/www.wingtaitape.com\/fr\/wp-json\/wp\/v2\/product\/6087","targetHints":{"allow":["GET"]}}],"collection":[{"href":"https:\/\/www.wingtaitape.com\/fr\/wp-json\/wp\/v2\/product"}],"about":[{"href":"https:\/\/www.wingtaitape.com\/fr\/wp-json\/wp\/v2\/types\/product"}],"wp:featuredmedia":[{"embeddable":true,"href":"https:\/\/www.wingtaitape.com\/fr\/wp-json\/wp\/v2\/media\/6088"}],"wp:attachment":[{"href":"https:\/\/www.wingtaitape.com\/fr\/wp-json\/wp\/v2\/media?parent=6087"}],"wp:term":[{"taxonomy":"product_brand","embeddable":true,"href":"https:\/\/www.wingtaitape.com\/fr\/wp-json\/wp\/v2\/product_brand?post=6087"},{"taxonomy":"product_cat","embeddable":true,"href":"https:\/\/www.wingtaitape.com\/fr\/wp-json\/wp\/v2\/product_cat?post=6087"},{"taxonomy":"product_tag","embeddable":true,"href":"https:\/\/www.wingtaitape.com\/fr\/wp-json\/wp\/v2\/product_tag?post=6087"}],"curies":[{"name":"wp","href":"https:\/\/api.w.org\/{rel}","templated":true}]}}