{"id":6090,"date":"2024-07-30T15:46:52","date_gmt":"2024-07-30T07:46:52","guid":{"rendered":"https:\/\/www.wingtaitape.com\/?post_type=product&#038;p=6090"},"modified":"2024-07-30T16:06:51","modified_gmt":"2024-07-30T08:06:51","slug":"total-transfer-tamper-evident-security-void-packing-tape","status":"publish","type":"product","link":"https:\/\/www.wingtaitape.com\/fr\/produit\/total-transfer-tamper-evident-security-void-packing-tape\/","title":{"rendered":"Total Transfer Tamper Evident Security Void Packing Tape (ruban d'emballage vide)"},"content":{"rendered":"<h4><span style=\"font-family: 'Open Sans';\">Caract\u00e9ristiques principales<\/span><\/h4>\n<ul>\n<li><strong>Autocollant d'inviolabilit\u00e9<\/strong>: Laisse un message \"Void Open\" (vide ouvert) lors du retrait.<\/li>\n<li><strong>Mat\u00e9riaux de haute qualit\u00e9<\/strong>: Support polyester solide et adh\u00e9sif acrylique \u00e0 base de solvant.<\/li>\n<li><strong>Adh\u00e9sif ultra-agressif<\/strong>: Adh\u00e8re aux bo\u00eetes en carton ondul\u00e9, aux m\u00e9taux, au bois de haute densit\u00e9, etc.<\/li>\n<li><strong>R\u00e9sistance \u00e0 la temp\u00e9rature<\/strong>: Bonne performance \u00e0 haute et \u00e0 basse temp\u00e9rature.<\/li>\n<li><strong>Tailles personnalisables<\/strong>: La taille standard est de 50 mm de large et 50 m de long ; des tailles personnalis\u00e9es sont disponibles.<\/li>\n<li><strong>R\u00e9v\u00e9lation rapide<\/strong>: Le message \"Void\/Open\" appara\u00eet dans les secondes qui suivent la manipulation.<\/li>\n<li><strong>Film de s\u00e9curit\u00e9 \u00e9pais<\/strong>: Super durable, 2 fois plus \u00e9pais que les rubans standard.<\/li>\n<li><strong>Application polyvalente<\/strong>: Compatible avec une large gamme de surfaces, y compris les surfaces \u00e0 faible \u00e9nergie comme le carton non couch\u00e9 et divers plastiques.<\/li>\n<li><strong>Noyau en plastique et film protecteur<\/strong>: Noyau en plastique de 3\" et film lamin\u00e9 pour un aspect propre et professionnel.<\/li>\n<\/ul>\n<h4><span style=\"font-family: 'Open Sans';\">Application<\/span><\/h4>\n<ul>\n<li>Sceller des objets de valeur pour le stockage ou le transport<\/li>\n<li>S\u00e9curisation des enveloppes et des petits paquets<\/li>\n<li>Prot\u00e9ger les envois contre la falsification<\/li>\n<li>Utilisation dans diverses industries n\u00e9cessitant un emballage inviolable<\/li>\n<\/ul>\n<p>&nbsp;<\/p>\n<p>&nbsp;<\/p>","protected":false},"excerpt":{"rendered":"<ul>\n<li>Garantissez la s\u00e9curit\u00e9 de vos objets de valeur gr\u00e2ce \u00e0 notre ruban d'emballage de s\u00e9curit\u00e9 Total Transfer Tamper Evident Security Void Packing Tape. Ce ruban de s\u00e9curit\u00e9 de haute qualit\u00e9 laisse un message clair \"Vide ouvert\" lors de toute tentative d'enl\u00e8vement, fournissant une preuve imm\u00e9diate de la falsification. Id\u00e9al pour sceller les enveloppes, les petits paquets et les exp\u00e9ditions plus importantes, il est dot\u00e9 d'un support en polyester solide et d'un adh\u00e9sif acrylique \u00e0 base de solvant, et r\u00e9siste aux temp\u00e9ratures \u00e9lev\u00e9es et basses.<\/li>\n<\/ul>","protected":false},"featured_media":6091,"template":"","meta":{"slim_seo":{"title":"Total Transfer Tamper Evident Security Void Packing Tape - Ruban adh\u00e9sif - Fabricant, Fournisseur, Exportateur | WINGTAI","description":"Total Transfer Tamper Evident Security Void Packing Tape pour un emballage s\u00e9curis\u00e9. L'adh\u00e9sif ultra-agressif, r\u00e9sistant \u00e0 la temp\u00e9rature et compatible avec diverses surfaces, laisse le message \"Void Open\" lorsqu'il est enlev\u00e9."}},"product_brand":[],"product_cat":[43],"product_tag":[],"class_list":{"0":"post-6090","1":"product","2":"type-product","3":"status-publish","4":"has-post-thumbnail","6":"product_cat-industrial-tape","8":"first","9":"instock","10":"shipping-taxable","11":"product-type-simple"},"_links":{"self":[{"href":"https:\/\/www.wingtaitape.com\/fr\/wp-json\/wp\/v2\/product\/6090","targetHints":{"allow":["GET"]}}],"collection":[{"href":"https:\/\/www.wingtaitape.com\/fr\/wp-json\/wp\/v2\/product"}],"about":[{"href":"https:\/\/www.wingtaitape.com\/fr\/wp-json\/wp\/v2\/types\/product"}],"wp:featuredmedia":[{"embeddable":true,"href":"https:\/\/www.wingtaitape.com\/fr\/wp-json\/wp\/v2\/media\/6091"}],"wp:attachment":[{"href":"https:\/\/www.wingtaitape.com\/fr\/wp-json\/wp\/v2\/media?parent=6090"}],"wp:term":[{"taxonomy":"product_brand","embeddable":true,"href":"https:\/\/www.wingtaitape.com\/fr\/wp-json\/wp\/v2\/product_brand?post=6090"},{"taxonomy":"product_cat","embeddable":true,"href":"https:\/\/www.wingtaitape.com\/fr\/wp-json\/wp\/v2\/product_cat?post=6090"},{"taxonomy":"product_tag","embeddable":true,"href":"https:\/\/www.wingtaitape.com\/fr\/wp-json\/wp\/v2\/product_tag?post=6090"}],"curies":[{"name":"wp","href":"https:\/\/api.w.org\/{rel}","templated":true}]}}