{"id":6102,"date":"2024-08-16T10:36:52","date_gmt":"2024-08-16T02:36:52","guid":{"rendered":"https:\/\/www.wingtaitape.com\/?post_type=product&#038;p=6102"},"modified":"2025-04-12T15:18:39","modified_gmt":"2025-04-12T07:18:39","slug":"ruban-de-filament-bopp-bi-directionnel","status":"publish","type":"product","link":"https:\/\/www.wingtaitape.com\/fr\/produit\/ruban-de-filament-bopp-bi-directionnel\/","title":{"rendered":"Ruban de filament BOPP bidirectionnel -Utilit\u00e9"},"content":{"rendered":"<p><iframe title=\"Lecteur vid\u00e9o YouTube\" src=\"https:\/\/www.youtube.com\/embed\/-7agbhNiR1A?si=F3mHCiPlb9AihEuS\" width=\"560\" height=\"315\" frameborder=\"0\" allowfullscreen=\"allowfullscreen\"><\/iframe><\/p>\n<h4><span style=\"font-family: 'Open Sans';\">Caract\u00e9ristiques principales<\/span><\/h4>\n<ul>\n<li>Con\u00e7us pour diverses t\u00e2ches d'emballage, de palettisation et d'unitisation.<\/li>\n<li>Adh\u00e9sif agressif en caoutchouc synth\u00e9tique pour un collage s\u00fbr.<\/li>\n<li>Excellente adh\u00e9rence aux cartons ondul\u00e9s.<\/li>\n<li>Le pouvoir de r\u00e9tention \u00e9lev\u00e9 garantit l'int\u00e9grit\u00e9 de l'emballage.<\/li>\n<\/ul>\n<p>&nbsp;<\/p>\n<h4><span style=\"font-family: Open Sans;\">Application<\/span><\/h4>\n<ul>\n<li>La construction<\/li>\n<li>Solutions g\u00e9n\u00e9rales pour les chantiers de construction<\/li>\n<li>Applications g\u00e9n\u00e9rales du processus<\/li>\n<li>Solutions polyvalentes<\/li>\n<li>S\u00e9curisation non critique<\/li>\n<li>Palettisation \/ Unitisation<\/li>\n<li>Bacs de tri - Stations<\/li>\n<\/ul>\n<h4><span style=\"font-family: Open Sans;\">Donn\u00e9es techniques<\/span><\/h4>\n<p><img fetchpriority=\"high\" decoding=\"async\" class=\"alignnone size-full wp-image-6072\" src=\"https:\/\/www.wingtaitape.com\/wp-content\/uploads\/2023\/09\/mono-directional-filament-tape-data-sheet.jpg\" alt=\"fiche technique de la bande mono-directionnelle\" width=\"1531\" height=\"567\" srcset=\"https:\/\/www.wingtaitape.com\/wp-content\/uploads\/2023\/09\/mono-directional-filament-tape-data-sheet.jpg 1531w, https:\/\/www.wingtaitape.com\/wp-content\/uploads\/2023\/09\/mono-directional-filament-tape-data-sheet-600x222.jpg 600w, https:\/\/www.wingtaitape.com\/wp-content\/uploads\/2023\/09\/mono-directional-filament-tape-data-sheet-1024x379.jpg 1024w, https:\/\/www.wingtaitape.com\/wp-content\/uploads\/2023\/09\/mono-directional-filament-tape-data-sheet-768x284.jpg 768w, https:\/\/www.wingtaitape.com\/wp-content\/uploads\/2023\/09\/mono-directional-filament-tape-data-sheet-18x7.jpg 18w, https:\/\/www.wingtaitape.com\/wp-content\/uploads\/2023\/09\/mono-directional-filament-tape-data-sheet-800x296.jpg 800w\" sizes=\"(max-width: 1531px) 100vw, 1531px\" \/><\/p>\n<p><img decoding=\"async\" class=\"alignnone size-full wp-image-6074\" src=\"https:\/\/www.wingtaitape.com\/wp-content\/uploads\/2023\/09\/Bi-directional-filament-tape-data-sheet.jpg\" alt=\"Fiche technique de la bande filamenteuse bidirectionnelle\" width=\"1531\" height=\"457\" srcset=\"https:\/\/www.wingtaitape.com\/wp-content\/uploads\/2023\/09\/Bi-directional-filament-tape-data-sheet.jpg 1531w, https:\/\/www.wingtaitape.com\/wp-content\/uploads\/2023\/09\/Bi-directional-filament-tape-data-sheet-600x179.jpg 600w, https:\/\/www.wingtaitape.com\/wp-content\/uploads\/2023\/09\/Bi-directional-filament-tape-data-sheet-1024x306.jpg 1024w, https:\/\/www.wingtaitape.com\/wp-content\/uploads\/2023\/09\/Bi-directional-filament-tape-data-sheet-768x229.jpg 768w, https:\/\/www.wingtaitape.com\/wp-content\/uploads\/2023\/09\/Bi-directional-filament-tape-data-sheet-18x5.jpg 18w, https:\/\/www.wingtaitape.com\/wp-content\/uploads\/2023\/09\/Bi-directional-filament-tape-data-sheet-800x239.jpg 800w\" sizes=\"(max-width: 1531px) 100vw, 1531px\" \/><\/p>\n<p><img decoding=\"async\" class=\"alignnone size-full wp-image-6075\" src=\"https:\/\/www.wingtaitape.com\/wp-content\/uploads\/2023\/09\/Clean-removal-filament-tape-data-sheet.jpg\" alt=\"Feuille de donn\u00e9es sur les rubans de filaments pour l&#039;\u00e9limination des d\u00e9chets\" width=\"1531\" height=\"709\" srcset=\"https:\/\/www.wingtaitape.com\/wp-content\/uploads\/2023\/09\/Clean-removal-filament-tape-data-sheet.jpg 1531w, https:\/\/www.wingtaitape.com\/wp-content\/uploads\/2023\/09\/Clean-removal-filament-tape-data-sheet-600x278.jpg 600w, https:\/\/www.wingtaitape.com\/wp-content\/uploads\/2023\/09\/Clean-removal-filament-tape-data-sheet-1024x474.jpg 1024w, https:\/\/www.wingtaitape.com\/wp-content\/uploads\/2023\/09\/Clean-removal-filament-tape-data-sheet-768x356.jpg 768w, https:\/\/www.wingtaitape.com\/wp-content\/uploads\/2023\/09\/Clean-removal-filament-tape-data-sheet-18x8.jpg 18w, https:\/\/www.wingtaitape.com\/wp-content\/uploads\/2023\/09\/Clean-removal-filament-tape-data-sheet-800x370.jpg 800w\" sizes=\"(max-width: 1531px) 100vw, 1531px\" \/><\/p>\n<p><img loading=\"lazy\" decoding=\"async\" class=\"alignnone size-full wp-image-6367\" src=\"https:\/\/www.wingtaitape.com\/wp-content\/uploads\/2023\/09\/Filament-tape_01.jpg\" alt=\"ruban de filament\" width=\"790\" height=\"1104\" srcset=\"https:\/\/www.wingtaitape.com\/wp-content\/uploads\/2023\/09\/Filament-tape_01.jpg 790w, https:\/\/www.wingtaitape.com\/wp-content\/uploads\/2023\/09\/Filament-tape_01-429x600.jpg 429w, https:\/\/www.wingtaitape.com\/wp-content\/uploads\/2023\/09\/Filament-tape_01-733x1024.jpg 733w, https:\/\/www.wingtaitape.com\/wp-content\/uploads\/2023\/09\/Filament-tape_01-768x1073.jpg 768w, https:\/\/www.wingtaitape.com\/wp-content\/uploads\/2023\/09\/Filament-tape_01-9x12.jpg 9w, https:\/\/www.wingtaitape.com\/wp-content\/uploads\/2023\/09\/Filament-tape_01-600x838.jpg 600w\" sizes=\"(max-width: 790px) 100vw, 790px\" \/> <img loading=\"lazy\" decoding=\"async\" class=\"alignnone size-full wp-image-6368\" src=\"https:\/\/www.wingtaitape.com\/wp-content\/uploads\/2023\/09\/Filament-tape_02.jpg\" alt=\"ruban de filament\" width=\"790\" height=\"1404\" srcset=\"https:\/\/www.wingtaitape.com\/wp-content\/uploads\/2023\/09\/Filament-tape_02.jpg 790w, https:\/\/www.wingtaitape.com\/wp-content\/uploads\/2023\/09\/Filament-tape_02-338x600.jpg 338w, https:\/\/www.wingtaitape.com\/wp-content\/uploads\/2023\/09\/Filament-tape_02-576x1024.jpg 576w, https:\/\/www.wingtaitape.com\/wp-content\/uploads\/2023\/09\/Filament-tape_02-768x1365.jpg 768w, https:\/\/www.wingtaitape.com\/wp-content\/uploads\/2023\/09\/Filament-tape_02-7x12.jpg 7w, https:\/\/www.wingtaitape.com\/wp-content\/uploads\/2023\/09\/Filament-tape_02-600x1066.jpg 600w\" sizes=\"(max-width: 790px) 100vw, 790px\" \/> <img loading=\"lazy\" decoding=\"async\" class=\"alignnone size-full wp-image-6369\" src=\"https:\/\/www.wingtaitape.com\/wp-content\/uploads\/2023\/09\/Filament-tape_03.jpg\" alt=\"ruban de filament\" width=\"790\" height=\"866\" srcset=\"https:\/\/www.wingtaitape.com\/wp-content\/uploads\/2023\/09\/Filament-tape_03.jpg 790w, https:\/\/www.wingtaitape.com\/wp-content\/uploads\/2023\/09\/Filament-tape_03-547x600.jpg 547w, https:\/\/www.wingtaitape.com\/wp-content\/uploads\/2023\/09\/Filament-tape_03-768x842.jpg 768w, https:\/\/www.wingtaitape.com\/wp-content\/uploads\/2023\/09\/Filament-tape_03-11x12.jpg 11w, https:\/\/www.wingtaitape.com\/wp-content\/uploads\/2023\/09\/Filament-tape_03-600x658.jpg 600w\" sizes=\"(max-width: 790px) 100vw, 790px\" \/> <img loading=\"lazy\" decoding=\"async\" class=\"alignnone size-full wp-image-6370\" src=\"https:\/\/www.wingtaitape.com\/wp-content\/uploads\/2023\/09\/Filament-tape_04.jpg\" alt=\"ruban de filament\" width=\"790\" height=\"1343\" srcset=\"https:\/\/www.wingtaitape.com\/wp-content\/uploads\/2023\/09\/Filament-tape_04.jpg 790w, https:\/\/www.wingtaitape.com\/wp-content\/uploads\/2023\/09\/Filament-tape_04-353x600.jpg 353w, https:\/\/www.wingtaitape.com\/wp-content\/uploads\/2023\/09\/Filament-tape_04-602x1024.jpg 602w, https:\/\/www.wingtaitape.com\/wp-content\/uploads\/2023\/09\/Filament-tape_04-768x1306.jpg 768w, https:\/\/www.wingtaitape.com\/wp-content\/uploads\/2023\/09\/Filament-tape_04-7x12.jpg 7w, https:\/\/www.wingtaitape.com\/wp-content\/uploads\/2023\/09\/Filament-tape_04-600x1020.jpg 600w\" sizes=\"(max-width: 790px) 100vw, 790px\" \/> <img loading=\"lazy\" decoding=\"async\" class=\"alignnone size-full wp-image-6371\" src=\"https:\/\/www.wingtaitape.com\/wp-content\/uploads\/2023\/09\/Filament-tape_05.jpg\" alt=\"ruban de filament\" width=\"790\" height=\"1615\" srcset=\"https:\/\/www.wingtaitape.com\/wp-content\/uploads\/2023\/09\/Filament-tape_05.jpg 790w, https:\/\/www.wingtaitape.com\/wp-content\/uploads\/2023\/09\/Filament-tape_05-293x600.jpg 293w, https:\/\/www.wingtaitape.com\/wp-content\/uploads\/2023\/09\/Filament-tape_05-501x1024.jpg 501w, https:\/\/www.wingtaitape.com\/wp-content\/uploads\/2023\/09\/Filament-tape_05-768x1570.jpg 768w, https:\/\/www.wingtaitape.com\/wp-content\/uploads\/2023\/09\/Filament-tape_05-751x1536.jpg 751w, https:\/\/www.wingtaitape.com\/wp-content\/uploads\/2023\/09\/Filament-tape_05-6x12.jpg 6w, https:\/\/www.wingtaitape.com\/wp-content\/uploads\/2023\/09\/Filament-tape_05-600x1227.jpg 600w\" sizes=\"(max-width: 790px) 100vw, 790px\" \/> <img loading=\"lazy\" decoding=\"async\" class=\"alignnone size-full wp-image-6372\" src=\"https:\/\/www.wingtaitape.com\/wp-content\/uploads\/2023\/09\/Filament-tape_06.jpg\" alt=\"ruban de filament\" width=\"790\" height=\"1006\" srcset=\"https:\/\/www.wingtaitape.com\/wp-content\/uploads\/2023\/09\/Filament-tape_06.jpg 790w, https:\/\/www.wingtaitape.com\/wp-content\/uploads\/2023\/09\/Filament-tape_06-471x600.jpg 471w, https:\/\/www.wingtaitape.com\/wp-content\/uploads\/2023\/09\/Filament-tape_06-768x978.jpg 768w, https:\/\/www.wingtaitape.com\/wp-content\/uploads\/2023\/09\/Filament-tape_06-9x12.jpg 9w, https:\/\/www.wingtaitape.com\/wp-content\/uploads\/2023\/09\/Filament-tape_06-600x764.jpg 600w\" sizes=\"(max-width: 790px) 100vw, 790px\" \/> <img loading=\"lazy\" decoding=\"async\" class=\"alignnone size-full wp-image-6373\" src=\"https:\/\/www.wingtaitape.com\/wp-content\/uploads\/2023\/09\/Filament-tape_07.jpg\" alt=\"ruban de filament\" width=\"790\" height=\"1049\" srcset=\"https:\/\/www.wingtaitape.com\/wp-content\/uploads\/2023\/09\/Filament-tape_07.jpg 790w, https:\/\/www.wingtaitape.com\/wp-content\/uploads\/2023\/09\/Filament-tape_07-452x600.jpg 452w, https:\/\/www.wingtaitape.com\/wp-content\/uploads\/2023\/09\/Filament-tape_07-771x1024.jpg 771w, https:\/\/www.wingtaitape.com\/wp-content\/uploads\/2023\/09\/Filament-tape_07-768x1020.jpg 768w, https:\/\/www.wingtaitape.com\/wp-content\/uploads\/2023\/09\/Filament-tape_07-9x12.jpg 9w, https:\/\/www.wingtaitape.com\/wp-content\/uploads\/2023\/09\/Filament-tape_07-600x797.jpg 600w\" sizes=\"(max-width: 790px) 100vw, 790px\" \/> <img loading=\"lazy\" decoding=\"async\" class=\"alignnone size-full wp-image-6374\" src=\"https:\/\/www.wingtaitape.com\/wp-content\/uploads\/2023\/09\/Filament-tape_08.jpg\" alt=\"ruban de filament\" width=\"790\" height=\"1698\" srcset=\"https:\/\/www.wingtaitape.com\/wp-content\/uploads\/2023\/09\/Filament-tape_08.jpg 790w, https:\/\/www.wingtaitape.com\/wp-content\/uploads\/2023\/09\/Filament-tape_08-279x600.jpg 279w, https:\/\/www.wingtaitape.com\/wp-content\/uploads\/2023\/09\/Filament-tape_08-476x1024.jpg 476w, https:\/\/www.wingtaitape.com\/wp-content\/uploads\/2023\/09\/Filament-tape_08-768x1651.jpg 768w, https:\/\/www.wingtaitape.com\/wp-content\/uploads\/2023\/09\/Filament-tape_08-715x1536.jpg 715w, https:\/\/www.wingtaitape.com\/wp-content\/uploads\/2023\/09\/Filament-tape_08-6x12.jpg 6w, https:\/\/www.wingtaitape.com\/wp-content\/uploads\/2023\/09\/Filament-tape_08-600x1290.jpg 600w\" sizes=\"(max-width: 790px) 100vw, 790px\" \/> <img loading=\"lazy\" decoding=\"async\" class=\"alignnone size-full wp-image-6375\" src=\"https:\/\/www.wingtaitape.com\/wp-content\/uploads\/2023\/09\/Filament-tape_09.jpg\" alt=\"ruban de filament\" width=\"790\" height=\"810\" srcset=\"https:\/\/www.wingtaitape.com\/wp-content\/uploads\/2023\/09\/Filament-tape_09.jpg 790w, https:\/\/www.wingtaitape.com\/wp-content\/uploads\/2023\/09\/Filament-tape_09-585x600.jpg 585w, https:\/\/www.wingtaitape.com\/wp-content\/uploads\/2023\/09\/Filament-tape_09-768x787.jpg 768w, https:\/\/www.wingtaitape.com\/wp-content\/uploads\/2023\/09\/Filament-tape_09-12x12.jpg 12w, https:\/\/www.wingtaitape.com\/wp-content\/uploads\/2023\/09\/Filament-tape_09-600x615.jpg 600w\" sizes=\"(max-width: 790px) 100vw, 790px\" \/><\/p>","protected":false},"excerpt":{"rendered":"<ul>\n<li>Nous vous pr\u00e9sentons notre ruban filamentaire bidirectionnel transparent \u00e0 haute r\u00e9sistance avec un support en film BOPP. Il est enrichi de fibres de verre pour une r\u00e9sistance sup\u00e9rieure \u00e0 la traction et d'un caoutchouc synth\u00e9tique renforc\u00e9 pour une adh\u00e9rence robuste. Le ruban offre une excellente r\u00e9sistance \u00e0 l'abrasion, une tol\u00e9rance aux chocs et une forte capacit\u00e9 de maintien, ce qui le rend adapt\u00e9 aux applications industrielles exigeantes.<\/li>\n<\/ul>","protected":false},"featured_media":6103,"template":"","meta":{"slim_seo":{"title":"Ruban de filament BOPP bidirectionnel -Utilit\u00e9 - Ruban adh\u00e9sif Fabricant, Fournisseur, Exportateur | WINGTAI","description":"Ruban \u00e9conomique en polypropyl\u00e8ne renforc\u00e9 de fibre de verre avec une forte adh\u00e9rence pour l'emballage et la palettisation. Id\u00e9al pour l'a\u00e9rospatiale, le commerce \u00e9lectronique, etc."}},"product_brand":[],"product_cat":[40],"product_tag":[39],"class_list":{"0":"post-6102","1":"product","2":"type-product","3":"status-publish","4":"has-post-thumbnail","6":"product_cat-filament-tapes","7":"product_tag-filament-tape","9":"first","10":"instock","11":"shipping-taxable","12":"product-type-simple"},"_links":{"self":[{"href":"https:\/\/www.wingtaitape.com\/fr\/wp-json\/wp\/v2\/product\/6102","targetHints":{"allow":["GET"]}}],"collection":[{"href":"https:\/\/www.wingtaitape.com\/fr\/wp-json\/wp\/v2\/product"}],"about":[{"href":"https:\/\/www.wingtaitape.com\/fr\/wp-json\/wp\/v2\/types\/product"}],"wp:featuredmedia":[{"embeddable":true,"href":"https:\/\/www.wingtaitape.com\/fr\/wp-json\/wp\/v2\/media\/6103"}],"wp:attachment":[{"href":"https:\/\/www.wingtaitape.com\/fr\/wp-json\/wp\/v2\/media?parent=6102"}],"wp:term":[{"taxonomy":"product_brand","embeddable":true,"href":"https:\/\/www.wingtaitape.com\/fr\/wp-json\/wp\/v2\/product_brand?post=6102"},{"taxonomy":"product_cat","embeddable":true,"href":"https:\/\/www.wingtaitape.com\/fr\/wp-json\/wp\/v2\/product_cat?post=6102"},{"taxonomy":"product_tag","embeddable":true,"href":"https:\/\/www.wingtaitape.com\/fr\/wp-json\/wp\/v2\/product_tag?post=6102"}],"curies":[{"name":"wp","href":"https:\/\/api.w.org\/{rel}","templated":true}]}}