{"id":6323,"date":"2025-04-12T14:41:44","date_gmt":"2025-04-12T06:41:44","guid":{"rendered":"https:\/\/www.wingtaitape.com\/?post_type=product&#038;p=6323"},"modified":"2025-04-12T14:52:43","modified_gmt":"2025-04-12T06:52:43","slug":"ruban-de-scellement-de-boites-en-pvc","status":"publish","type":"product","link":"https:\/\/www.wingtaitape.com\/fr\/produit\/ruban-de-scellement-de-boites-en-pvc\/","title":{"rendered":"Ruban de scellement de bo\u00eetes alimentaires sans r\u00e9sidu PVC pour bo\u00eetes de conserve"},"content":{"rendered":"<p><iframe title=\"Lecteur vid\u00e9o YouTube\" src=\"https:\/\/www.youtube.com\/embed\/-lJqkqk_YqM?si=88_KNWc9RTnT6QHb\" width=\"560\" height=\"315\" frameborder=\"0\" allowfullscreen=\"allowfullscreen\"><\/iframe><\/p>\n<h4><span style=\"font-family: 'Open Sans';\">Caract\u00e9ristiques principales<\/span><\/h4>\n<ul>\n<li><strong data-spm-anchor-id=\"a2700.details-description.0.i1.1f48adyAadyA4s\">PVC de haute qualit\u00e9 Mat\u00e9riau :<\/strong>\u00a0Fabriqu\u00e9 avec des mat\u00e9riaux durables\u00a0<strong>Film PVC<\/strong>\u00a0qui fournit un joint adh\u00e9sif solide et fiable pour\u00a0<strong>protection \u00e9tanche \u00e0 l'air<\/strong>\u00a0de produits.<\/li>\n<li><strong>Application sans r\u00e9sidus :<\/strong>\u00a0Le ruban peut \u00eatre facilement appliqu\u00e9 sur\u00a0<strong>bo\u00eetes alimentaires<\/strong>,\u00a0<strong>r\u00e9cipients en verre<\/strong>et\u00a0<strong>emballage pharmaceutique<\/strong>\u00a0et s'enl\u00e8ve proprement sans laisser de r\u00e9sidus collants.<\/li>\n<li><strong>Mat Surface :<\/strong>\u00a0Caract\u00e9ristiques\u00a0<strong>finition mate<\/strong>L'utilisation d'un ruban adh\u00e9sif est une pratique courante, qui donne \u00e0 la bande un aspect propre et \u00e9pur\u00e9, parfait pour un look professionnel, en particulier pour les\u00a0<strong>emballage haut de gamme<\/strong>.<\/li>\n<li><strong>Conception transparente<\/strong><strong>:<\/strong>\u00a0Les\u00a0<strong>ruban PVC transparent<\/strong>\u00a0permet d'inspecter facilement les conteneurs scell\u00e9s, garantissant ainsi la visibilit\u00e9 tout en conservant une apparence propre et nette.<\/li>\n<li><strong>Joint adh\u00e9sif solide :<\/strong>\u00a0Offre une excellente adh\u00e9rence qui garantit que votre produit reste herm\u00e9tiquement ferm\u00e9, \u00e9vitant ainsi les fuites, la contamination ou la d\u00e9t\u00e9rioration des aliments et autres articles.<\/li>\n<li><strong>Durable et fiable :<\/strong>\u00a0Con\u00e7u pour\u00a0<strong>protection de la surface<\/strong>, en particulier pour\u00a0<strong>plaques en acier inoxydable<\/strong>\u00a0ou pendant\u00a0<strong>fabrication<\/strong>\u00a0et\u00a0<strong>le transport<\/strong>Le syst\u00e8me d'alimentation en eau est un syst\u00e8me d'alimentation en \u00e9nergie qui prot\u00e8ge de l'usure et de la contamination.<\/li>\n<li><strong>Application permettant de gagner du temps :<\/strong>\u00a0Les\u00a0<strong>joint adh\u00e9sif facile \u00e0 utiliser<\/strong>\u00a0assure un scellement rapide, am\u00e9liorant l'efficacit\u00e9 du travail et r\u00e9duisant le temps d'emballage.<\/li>\n<\/ul>\n<p>&nbsp;<\/p>\n<h4><span style=\"font-family: Open Sans;\">Application<\/span><\/h4>\n<ul>\n<li><strong data-spm-anchor-id=\"a2700.details-description.0.i2.1f48adyAadyA4s\">Emballage alimentaire :<\/strong>\u00a0Largement utilis\u00e9 dans les\u00a0<strong>industrie alimentaire<\/strong>\u00a0pour sceller les couvercles des\u00a0<strong>aliments en conserve<\/strong>\u00a0tels que les fruits, les l\u00e9gumes, les viandes et les boissons. Il maintient la\u00a0<strong>fra\u00eecheur<\/strong>\u00a0et\u00a0<strong>saveur<\/strong>\u00a0en cr\u00e9ant un joint \u00e9tanche et s\u00fbr.<\/li>\n<li><strong>Produits pharmaceutiques :<\/strong>\u00a0<strong>Ruban d'\u00e9tanch\u00e9it\u00e9 en PVC pour bo\u00eetes alimentaires<\/strong>\u00a0est cruciale dans la\u00a0<strong>industrie pharmaceutique<\/strong>\u00a0pour sceller les contenants de m\u00e9dicaments tels que les flacons de pilules et les seringues, afin de pr\u00e9venir la contamination et d'assurer la s\u00e9curit\u00e9 des patients.\u00a0<strong>qualit\u00e9 des m\u00e9dicaments<\/strong>.<\/li>\n<li><strong>Conteneurs de produits chimiques :<\/strong>\u00a0Utilis\u00e9 pour sceller les bo\u00eetes de conserve ou les r\u00e9cipients en plastique qui contiennent de l'eau.\u00a0<strong>Produits chimiques<\/strong>y compris les solvants, les adh\u00e9sifs et les lubrifiants. Il aide \u00e0 pr\u00e9venir\u00a0<strong>fuites<\/strong>\u00a0et\u00a0<strong>d\u00e9versements<\/strong>Le syst\u00e8me d'\u00e9tanch\u00e9it\u00e9 de l'appareil permet d'assurer un confinement s\u00fbr.<\/li>\n<li><strong>Cosm\u00e9tiques et articles de toilette :<\/strong>\u00a0Parfait pour l'\u00e9tanch\u00e9it\u00e9\u00a0<strong>r\u00e9cipients pour produits cosm\u00e9tiques<\/strong>\u00a0qui contiennent des cr\u00e8mes, des lotions ou d'autres produits de beaut\u00e9. Le ruban adh\u00e9sif prot\u00e8ge de l'air et de l'humidit\u00e9, pr\u00e9servant ainsi l'int\u00e9grit\u00e9 des produits de beaut\u00e9.\u00a0<strong>l'int\u00e9grit\u00e9<\/strong>\u00a0des produits.<\/li>\n<li><strong>Arts et m\u00e9tiers :<\/strong>\u00a0Id\u00e9al pour\u00a0<strong>artisanat<\/strong>\u00a0les projets n\u00e9cessitant un adh\u00e9sif puissant, tels que l'\u00e9tiquetage, la d\u00e9coration ou l'apposition d'embellissements sur des objets.\u00a0<strong>bo\u00eetes de conserve<\/strong>,\u00a0<strong>bo\u00eetes alimentaires<\/strong>ou d'autres r\u00e9cipients.<\/li>\n<\/ul>\n<p>&nbsp;<\/p>","protected":false},"excerpt":{"rendered":"<ul>\n<li>Notre\u00a0<strong>Ruban d'\u00e9tanch\u00e9it\u00e9 pour bo\u00eetes de conserve<\/strong>\u00a0est un produit de haute qualit\u00e9\u00a0<strong>Ruban adh\u00e9sif en PVC<\/strong>\u00a0con\u00e7u pour sceller herm\u00e9tiquement les bo\u00eetes de conserve, les r\u00e9cipients alimentaires, etc. Il assure un scellement s\u00fbr et sans r\u00e9sidu qui pr\u00e9serve la fra\u00eecheur du contenu et emp\u00eache toute contamination. Id\u00e9al pour une utilisation dans\u00a0<strong>emballage alimentaire<\/strong>,\u00a0<strong>produits pharmaceutiques<\/strong>,\u00a0<strong>cosm\u00e9tiques<\/strong>et\u00a0<strong>Produits chimiques<\/strong>. Facile \u00e0 appliquer et \u00e0 retirer sans laisser de r\u00e9sidus collants.<\/li>\n<\/ul>","protected":false},"featured_media":6324,"template":"","meta":{"slim_seo":{"title":"Ruban de scellement de bo\u00eetes alimentaires sans r\u00e9sidu Ruban de scellement de bo\u00eetes de conserve en PVC - Ruban adh\u00e9sif - Fabricant, Fournisseur, Exportateur | WINGTAI","description":"Ruban \u00e9conomique en polypropyl\u00e8ne renforc\u00e9 de fibre de verre avec une forte adh\u00e9rence pour l'emballage et la palettisation. Id\u00e9al pour l'a\u00e9rospatiale, le commerce \u00e9lectronique, etc."}},"product_brand":[],"product_cat":[52],"product_tag":[39],"class_list":{"0":"post-6323","1":"product","2":"type-product","3":"status-publish","4":"has-post-thumbnail","6":"product_cat-packaging-tapes","7":"product_tag-filament-tape","9":"first","10":"instock","11":"shipping-taxable","12":"product-type-simple"},"_links":{"self":[{"href":"https:\/\/www.wingtaitape.com\/fr\/wp-json\/wp\/v2\/product\/6323","targetHints":{"allow":["GET"]}}],"collection":[{"href":"https:\/\/www.wingtaitape.com\/fr\/wp-json\/wp\/v2\/product"}],"about":[{"href":"https:\/\/www.wingtaitape.com\/fr\/wp-json\/wp\/v2\/types\/product"}],"wp:featuredmedia":[{"embeddable":true,"href":"https:\/\/www.wingtaitape.com\/fr\/wp-json\/wp\/v2\/media\/6324"}],"wp:attachment":[{"href":"https:\/\/www.wingtaitape.com\/fr\/wp-json\/wp\/v2\/media?parent=6323"}],"wp:term":[{"taxonomy":"product_brand","embeddable":true,"href":"https:\/\/www.wingtaitape.com\/fr\/wp-json\/wp\/v2\/product_brand?post=6323"},{"taxonomy":"product_cat","embeddable":true,"href":"https:\/\/www.wingtaitape.com\/fr\/wp-json\/wp\/v2\/product_cat?post=6323"},{"taxonomy":"product_tag","embeddable":true,"href":"https:\/\/www.wingtaitape.com\/fr\/wp-json\/wp\/v2\/product_tag?post=6323"}],"curies":[{"name":"wp","href":"https:\/\/api.w.org\/{rel}","templated":true}]}}