{"id":6595,"date":"2025-07-08T16:02:11","date_gmt":"2025-07-08T08:02:11","guid":{"rendered":"https:\/\/www.wingtaitape.com\/?post_type=product&#038;p=6595"},"modified":"2025-07-08T16:04:57","modified_gmt":"2025-07-08T08:04:57","slug":"ruban-de-scellement-de-carton-2-pouces-3-pouces-pistolet-distributeur-de-ruban-demballage-manuel","status":"publish","type":"product","link":"https:\/\/www.wingtaitape.com\/fr\/produit\/ruban-de-scellement-de-carton-2-pouces-3-pouces-pistolet-distributeur-de-ruban-demballage-manuel\/","title":{"rendered":"Pistolet distributeur de ruban d'emballage \u00e0 main 2 pouces 3 pouces"},"content":{"rendered":"<h3 class=\"\">S'adapte \u00e0 diff\u00e9rentes tailles de rubans<\/h3>\n<div class=\"paragraph\"><strong>Convient aux rubans jusqu'\u00e0 3 pouces de large<\/strong>: Notre pistolet \u00e0 ruban peut prendre en charge une vari\u00e9t\u00e9 de largeurs de ruban, ce qui le rend adapt\u00e9 aux rubans d'emballage \u00e9pais et ordinaires. Cette polyvalence permet de rationaliser votre processus d'emballage et de gagner un temps pr\u00e9cieux.<\/div>\n<h3 class=\"\">Poign\u00e9e ergonomique<\/h3>\n<div class=\"paragraph\"><strong>Poign\u00e9e de type pistolet<\/strong>: La poign\u00e9e ergonomique offre une prise confortable et s\u00fbre, r\u00e9duisant la fatigue des mains lors d'une utilisation prolong\u00e9e. Cette conception permet une utilisation ais\u00e9e d'une seule main, facilitant la coupe, l'application et le lissage du ruban adh\u00e9sif.<\/div>\n<h3 class=\"\">L\u00e9ger et confortable<\/h3>\n<div class=\"paragraph\"><strong>R\u00e9duction de la tension<\/strong>: La construction l\u00e9g\u00e8re de notre d\u00e9vidoir de ruban adh\u00e9sif garantit une exp\u00e9rience confortable, m\u00eame lors de l'emballage d'un grand nombre de colis. Sa conception pratique minimise la fatigue des bras et des mains, am\u00e9liorant ainsi votre exp\u00e9rience globale de l'emballage.<\/div>\n<h3 class=\"\">Large \u00e9ventail d'applications<\/h3>\n<div class=\"paragraph\"><strong>Adapt\u00e9 \u00e0 de multiples environnements<\/strong>: Que ce soit dans un cadre professionnel (bureaux, magasins de d\u00e9tail et entrep\u00f4ts) ou pour un usage personnel \u00e0 la maison, notre pistolet \u00e0 ruban adh\u00e9sif est un outil polyvalent. Il est \u00e9galement id\u00e9al pour l'industrie, les centres commerciaux, les magasins de d\u00e9tail et les supermarch\u00e9s afin de sceller efficacement les bo\u00eetes d'exp\u00e9dition.<\/div>","protected":false},"excerpt":{"rendered":"<ul>\n<li>Pointu, l\u00e9ger et durable,<\/li>\n<li>Simple et pratique \u00e0 utiliser.<\/li>\n<\/ul>","protected":false},"featured_media":6593,"template":"","meta":{"slim_seo":{"title":"Pistolet distributeur de ruban d'emballage manuel 2 pouces 3 pouces - Ruban adh\u00e9sif - Fabricant, Fournisseur, Exportateur | WINGTAI","description":"Le distributeur de ruban d'emballage est pointu, l\u00e9ger et durable, simple et pratique \u00e0 utiliser."}},"product_brand":[],"product_cat":[34],"product_tag":[],"class_list":{"0":"post-6595","1":"product","2":"type-product","3":"status-publish","4":"has-post-thumbnail","6":"product_cat-dispensers","8":"first","9":"instock","10":"shipping-taxable","11":"product-type-simple"},"_links":{"self":[{"href":"https:\/\/www.wingtaitape.com\/fr\/wp-json\/wp\/v2\/product\/6595","targetHints":{"allow":["GET"]}}],"collection":[{"href":"https:\/\/www.wingtaitape.com\/fr\/wp-json\/wp\/v2\/product"}],"about":[{"href":"https:\/\/www.wingtaitape.com\/fr\/wp-json\/wp\/v2\/types\/product"}],"wp:featuredmedia":[{"embeddable":true,"href":"https:\/\/www.wingtaitape.com\/fr\/wp-json\/wp\/v2\/media\/6593"}],"wp:attachment":[{"href":"https:\/\/www.wingtaitape.com\/fr\/wp-json\/wp\/v2\/media?parent=6595"}],"wp:term":[{"taxonomy":"product_brand","embeddable":true,"href":"https:\/\/www.wingtaitape.com\/fr\/wp-json\/wp\/v2\/product_brand?post=6595"},{"taxonomy":"product_cat","embeddable":true,"href":"https:\/\/www.wingtaitape.com\/fr\/wp-json\/wp\/v2\/product_cat?post=6595"},{"taxonomy":"product_tag","embeddable":true,"href":"https:\/\/www.wingtaitape.com\/fr\/wp-json\/wp\/v2\/product_tag?post=6595"}],"curies":[{"name":"wp","href":"https:\/\/api.w.org\/{rel}","templated":true}]}}