{"id":6596,"date":"2025-07-08T16:13:09","date_gmt":"2025-07-08T08:13:09","guid":{"rendered":"https:\/\/www.wingtaitape.com\/?post_type=product&#038;p=6596"},"modified":"2025-07-08T16:18:41","modified_gmt":"2025-07-08T08:18:41","slug":"pistolet-a-ruban-demballage-a-usage-intensif","status":"publish","type":"product","link":"https:\/\/www.wingtaitape.com\/fr\/produit\/pistolet-a-ruban-demballage-a-usage-intensif\/","title":{"rendered":"Pistolet \u00e0 ruban d'emballage de qualit\u00e9 efficace en m\u00e9tal de 2 pouces pour usage intensif"},"content":{"rendered":"<h3 class=\"\">Une coupe sans effort<\/h3>\n<div class=\"paragraph\"><strong>Lame tranchante et poign\u00e9e antid\u00e9rapante<\/strong>: Le coupe-poign\u00e9e tranche facilement le ruban d'emballage d'une largeur allant jusqu'\u00e0 deux pouces. Sa lame tranchante assure des coupes nettes, tandis que la poign\u00e9e antid\u00e9rapante en silicone permet une manipulation s\u00fbre.<\/div>\n<h3 class=\"\">Durable et \u00e9l\u00e9gant<\/h3>\n<div class=\"paragraph\"><strong>Construction robuste<\/strong>: Construite pour durer, la conception robuste du cutter r\u00e9siste \u00e0 l'usure et conserve son aspect attrayant au fil du temps.<\/div>\n<h3 class=\"\">Am\u00e9lioration de la souplesse<\/h3>\n<div class=\"paragraph\"><strong>D\u00e9flecteurs en plastique<\/strong>: Les d\u00e9flecteurs en plastique coupent la face adh\u00e9sive du ruban, am\u00e9liorant ainsi sa flexibilit\u00e9 et sa facilit\u00e9 d'utilisation.<\/div>\n<h3 class=\"\">Installation simple<\/h3>\n<div class=\"paragraph\"><strong>Facile \u00e0 utiliser<\/strong>: Il suffit de placer le ruban sur le rouleau, de le d\u00e9chirer et d'ins\u00e9rer une extr\u00e9mit\u00e9 \u00e0 travers la t\u00f4le. Le cutter est alors pr\u00eat \u00e0 l'emploi.<\/div>\n<h3 class=\"\">Conception ajustable<\/h3>\n<div class=\"paragraph\"><strong>D\u00e9flecteur amovible<\/strong>: Si vous le souhaitez, le d\u00e9flecteur peut \u00eatre retir\u00e9 en d\u00e9vissant et en revissant la lunette, ce qui permet de l'adapter \u00e0 vos besoins.<\/div>","protected":false},"excerpt":{"rendered":"<ul>\n<li>Pointu, l\u00e9ger et durable,<\/li>\n<li>Simple et pratique \u00e0 utiliser.<\/li>\n<\/ul>","protected":false},"featured_media":6598,"template":"","meta":{"slim_seo":{"title":"Pistolet \u00e0 ruban d'emballage en m\u00e9tal 2 pouces de qualit\u00e9 efficace - Ruban adh\u00e9sif - Fabricant, Fournisseur, Exportateur | WINGTAI","description":"Le distributeur de ruban d'emballage est pointu, l\u00e9ger et durable, simple et pratique \u00e0 utiliser."}},"product_brand":[],"product_cat":[34],"product_tag":[],"class_list":{"0":"post-6596","1":"product","2":"type-product","3":"status-publish","4":"has-post-thumbnail","6":"product_cat-dispensers","8":"first","9":"instock","10":"shipping-taxable","11":"product-type-simple"},"_links":{"self":[{"href":"https:\/\/www.wingtaitape.com\/fr\/wp-json\/wp\/v2\/product\/6596","targetHints":{"allow":["GET"]}}],"collection":[{"href":"https:\/\/www.wingtaitape.com\/fr\/wp-json\/wp\/v2\/product"}],"about":[{"href":"https:\/\/www.wingtaitape.com\/fr\/wp-json\/wp\/v2\/types\/product"}],"wp:featuredmedia":[{"embeddable":true,"href":"https:\/\/www.wingtaitape.com\/fr\/wp-json\/wp\/v2\/media\/6598"}],"wp:attachment":[{"href":"https:\/\/www.wingtaitape.com\/fr\/wp-json\/wp\/v2\/media?parent=6596"}],"wp:term":[{"taxonomy":"product_brand","embeddable":true,"href":"https:\/\/www.wingtaitape.com\/fr\/wp-json\/wp\/v2\/product_brand?post=6596"},{"taxonomy":"product_cat","embeddable":true,"href":"https:\/\/www.wingtaitape.com\/fr\/wp-json\/wp\/v2\/product_cat?post=6596"},{"taxonomy":"product_tag","embeddable":true,"href":"https:\/\/www.wingtaitape.com\/fr\/wp-json\/wp\/v2\/product_tag?post=6596"}],"curies":[{"name":"wp","href":"https:\/\/api.w.org\/{rel}","templated":true}]}}