{"id":7646,"date":"2025-08-09T18:29:21","date_gmt":"2025-08-09T10:29:21","guid":{"rendered":"https:\/\/www.wingtaitape.com\/?post_type=product&#038;p=7646"},"modified":"2025-08-09T18:37:23","modified_gmt":"2025-08-09T10:37:23","slug":"ruban-adhesif-double-face-pour-scrapbooking","status":"publish","type":"product","link":"https:\/\/www.wingtaitape.com\/fr\/produit\/ruban-adhesif-double-face-pour-scrapbooking\/","title":{"rendered":"Ruban adh\u00e9sif double face pour le scrapbooking"},"content":{"rendered":"<p><iframe title=\"Lecteur vid\u00e9o YouTube\" src=\"https:\/\/www.youtube.com\/embed\/e1e_aGcGLdU?si=K8DVpZa10_qcdZEn\" width=\"560\" height=\"315\" frameborder=\"0\" allowfullscreen=\"allowfullscreen\"><\/iframe><\/p>\n<div id=\"model-response-message-contentr_16707efe56158903\" class=\"markdown markdown-main-panel stronger enable-updated-hr-color\" dir=\"ltr\">\n<p>&nbsp;<\/p>\n<h3>Caract\u00e9ristiques du produit :<\/h3>\n<ul>\n<li><b>Facile \u00e0 utiliser :<\/b><span class=\"citation-5 citation-end-5\"> Le ruban est simple \u00e0 appliquer, \u00e9liminant le d\u00e9sordre et le temps de s\u00e9chage associ\u00e9s aux adh\u00e9sifs liquides.<\/span><\/li>\n<li><b><span class=\"citation-4\">Adh\u00e9sion durable :<\/span><\/b><span class=\"citation-4 citation-end-4\"> Fournit une liaison s\u00fbre et durable pour divers travaux de papeterie.<\/span><\/li>\n<li><b>Vari\u00e9t\u00e9 de tailles :<\/b> Disponible en rouleaux de diff\u00e9rentes largeurs, allant de 0,25 pouce \u00e0 4 pouces, pour r\u00e9pondre aux diff\u00e9rents besoins des projets.<\/li>\n<li><b>Lies Flat :<\/b> Le ruban adh\u00e8re en douceur aux surfaces, \u00e9vitant les plis, les d\u00e9formations ou les bulles sur le papier et les photographies.<\/li>\n<li><b><span class=\"citation-3\">Application sans d\u00e9g\u00e2ts :<\/span><\/b><span class=\"citation-3 citation-end-3\"> Contrairement \u00e0 la colle liquide, le ruban ne laisse aucun r\u00e9sidu ni aucune trace d'humidit\u00e9, ce qui garantit une finition propre et professionnelle.<\/span><\/li>\n<li><b>Emballage pratique :<\/b> Vendus en rouleaux faciles \u00e0 stocker, ils sont souvent disponibles en paquets de vari\u00e9t\u00e9s pour un \u00e9ventail d'options.<\/li>\n<\/ul>\n<p>&nbsp;<\/p>\n<h3>Applications :<\/h3>\n<ul>\n<li><b>Scrapbooking :<\/b> Id\u00e9al pour fixer des photos, des papiers d\u00e9coratifs et des embellissements sur les pages de scrapbooking.<\/li>\n<li><b>Mini albums :<\/b> Parfait pour la construction et l'assemblage de mini-albums photo gr\u00e2ce \u00e0 sa forte adh\u00e9rence \u00e0 plat.<\/li>\n<li><b>Fabrication de cartes :<\/b> Excellent pour fixer des couches de papier cartonn\u00e9, des d\u00e9coupes complexes et de petits embellissements tels que des lettres ou des accents floraux.<\/li>\n<li><b>Artisanat en papier :<\/b> Convient \u00e0 un large \u00e9ventail de projets sur papier n\u00e9cessitant un adh\u00e9sif puissant, propre et plat.<\/li>\n<li><b>Joindre des photographies :<\/b> Les plus grandes largeurs sont particuli\u00e8rement utiles pour monter des photographies sans les endommager ou les d\u00e9former.<\/li>\n<li><b>Fixation des arri\u00e8re-plans et des embellissements :<\/b> Utilisez des largeurs plus petites pour les bandes de papier fines et les embellissements d\u00e9taill\u00e9s, et des largeurs plus grandes pour couvrir des zones plus larges comme les arri\u00e8re-plans.<\/li>\n<\/ul>\n<\/div>\n<h4><\/h4>","protected":false},"excerpt":{"rendered":"<p>Vous cherchez un moyen propre et fiable d'assembler vos scrapbooks et vos travaux en papier ?<\/p>\n<p>Notre <b>ruban adh\u00e9sif double face pour scrapbooking<\/b> est la solution id\u00e9ale.<\/p>\n<p>Contrairement aux colles liquides qui peuvent provoquer des plis et des d\u00e9formations, notre ruban adh\u00e9sif reste parfaitement plat pour une finition lisse et professionnelle. Il offre une liaison solide et durable pour tout ce qui concerne les photos, les arri\u00e8re-plans et les embellissements d\u00e9licats.<\/p>\n<p>Disponible dans une vari\u00e9t\u00e9 de largeurs de 0,25 \u00e0 4 pouces, vous pouvez facilement trouver la bonne taille pour n'importe quel projet. Que vous r\u00e9alisiez des mini-albums, des cartes de v\u0153ux ou des mises en page complexes, notre ruban adh\u00e9sif pour scrapbooking garantit que vos cr\u00e9ations resteront intactes et auront fi\u00e8re allure pendant des ann\u00e9es.<\/p>","protected":false},"featured_media":3123,"template":"","meta":{"slim_seo":{"description":"Cr\u00e9ez des albums et des travaux manuels impeccables avec notre ruban adh\u00e9sif double face. Plat, infroissable et durable. Diff\u00e9rentes tailles pour tous vos projets.","title":"Double Sided Adhesive Tape for Scrapbooking - Adhesive tape Manufacturer, Supplier, Exporter | WINGTAI"}},"product_brand":[],"product_cat":[35,43],"product_tag":[],"class_list":{"0":"post-7646","1":"product","2":"type-product","3":"status-publish","4":"has-post-thumbnail","6":"product_cat-double-coated-tapes","7":"product_cat-industrial-tape","9":"first","10":"instock","11":"shipping-taxable","12":"product-type-simple"},"_links":{"self":[{"href":"https:\/\/www.wingtaitape.com\/fr\/wp-json\/wp\/v2\/product\/7646","targetHints":{"allow":["GET"]}}],"collection":[{"href":"https:\/\/www.wingtaitape.com\/fr\/wp-json\/wp\/v2\/product"}],"about":[{"href":"https:\/\/www.wingtaitape.com\/fr\/wp-json\/wp\/v2\/types\/product"}],"wp:featuredmedia":[{"embeddable":true,"href":"https:\/\/www.wingtaitape.com\/fr\/wp-json\/wp\/v2\/media\/3123"}],"wp:attachment":[{"href":"https:\/\/www.wingtaitape.com\/fr\/wp-json\/wp\/v2\/media?parent=7646"}],"wp:term":[{"taxonomy":"product_brand","embeddable":true,"href":"https:\/\/www.wingtaitape.com\/fr\/wp-json\/wp\/v2\/product_brand?post=7646"},{"taxonomy":"product_cat","embeddable":true,"href":"https:\/\/www.wingtaitape.com\/fr\/wp-json\/wp\/v2\/product_cat?post=7646"},{"taxonomy":"product_tag","embeddable":true,"href":"https:\/\/www.wingtaitape.com\/fr\/wp-json\/wp\/v2\/product_tag?post=7646"}],"curies":[{"name":"wp","href":"https:\/\/api.w.org\/{rel}","templated":true}]}}