{"id":7706,"date":"2025-08-17T16:32:55","date_gmt":"2025-08-17T08:32:55","guid":{"rendered":"https:\/\/www.wingtaitape.com\/?post_type=product&#038;p=7706"},"modified":"2025-08-17T16:42:30","modified_gmt":"2025-08-17T08:42:30","slug":"ruban-gaffer-noir-non-reflechissant","status":"publish","type":"product","link":"https:\/\/www.wingtaitape.com\/fr\/produit\/ruban-gaffer-noir-non-reflechissant\/","title":{"rendered":"Ruban adh\u00e9sif noir pour gaffeurs, sans r\u00e9sidu, r\u00e9sistant \u00e0 l'eau, non r\u00e9fl\u00e9chissant, facile \u00e0 d\u00e9chirer - Ruban adh\u00e9sif polyvalent pour gaffeurs"},"content":{"rendered":"<h3 class=\"ng-star-inserted\"><strong class=\"ng-star-inserted\"><span class=\"ng-star-inserted\">Caract\u00e9ristiques<\/span><\/strong><\/h3>\n<ul class=\"ng-star-inserted\">\n<li class=\"ng-star-inserted\">\n<p class=\"ng-star-inserted\"><strong class=\"ng-star-inserted\"><span class=\"ng-star-inserted\">Travailler en toute confiance :<\/span><\/strong><span class=\"ng-star-inserted\">\u00a0Fixez solidement les c\u00e2bles, les accessoires et l'\u00e9quipement, en sachant qu'ils resteront bien en place pendant les concerts, les tournages vid\u00e9o et les \u00e9v\u00e9nements en direct.<\/span><\/p>\n<\/li>\n<li class=\"ng-star-inserted\">\n<p class=\"ng-star-inserted\"><strong class=\"ng-star-inserted\"><span class=\"ng-star-inserted\">Prot\u00e9gez votre mat\u00e9riel et vos sites de valeur :<\/span><\/strong><span class=\"ng-star-inserted\">\u00a0Emballez sans souci avec un ruban adh\u00e9sif qui s'enl\u00e8ve proprement, sans laisser de r\u00e9sidus collants sur votre \u00e9quipement ou vos surfaces.<\/span><\/p>\n<\/li>\n<li class=\"ng-star-inserted\">\n<p class=\"ng-star-inserted\"><strong class=\"ng-star-inserted\"><span class=\"ng-star-inserted\">Maintenir un aspect professionnel et homog\u00e8ne :<\/span><\/strong><span class=\"ng-star-inserted\">\u00a0Gardez l'attention sur votre production gr\u00e2ce \u00e0 un ruban adh\u00e9sif mat non r\u00e9fl\u00e9chissant qui reste invisible sous les lumi\u00e8res vives de la sc\u00e8ne et des cam\u00e9ras.<\/span><\/p>\n<\/li>\n<li class=\"ng-star-inserted\">\n<p class=\"ng-star-inserted\"><strong class=\"ng-star-inserted\"><span class=\"ng-star-inserted\">Appliquer le ruban avec rapidit\u00e9 et pr\u00e9cision :<\/span><\/strong><span class=\"ng-star-inserted\">\u00a0D\u00e9chirez le ruban \u00e0 la main sans effort pour une application rapide et facile, ce qui vous permet de vous adapter \u00e0 toute situation \u00e0 la vol\u00e9e.<\/span><\/p>\n<\/li>\n<li class=\"ng-star-inserted\">\n<p class=\"ng-star-inserted\"><strong class=\"ng-star-inserted\"><span class=\"ng-star-inserted\">Cr\u00e9er un environnement propre et organis\u00e9 :<\/span><\/strong><span class=\"ng-star-inserted\">\u00a0Regrouper, envelopper et dissimuler les cordons, les toiles de fond et les autres \u00e9l\u00e9ments afin de garantir un espace bien rang\u00e9 et sans danger.<\/span><\/p>\n<\/li>\n<\/ul>\n<h3 class=\"ng-star-inserted\"><strong class=\"ng-star-inserted\"><span class=\"ng-star-inserted\">Applications<\/span><\/strong><\/h3>\n<ul class=\"ng-star-inserted\">\n<li class=\"ng-star-inserted\">\n<p class=\"ng-star-inserted\"><strong class=\"ng-star-inserted\"><span class=\"ng-star-inserted\">\u00c9v\u00e9nements et productions en direct :<\/span><\/strong><span class=\"ng-star-inserted\">\u00a0Id\u00e9al pour fixer les fils et les c\u00e2bles lors de concerts, de productions th\u00e9\u00e2trales, de salons professionnels et de conf\u00e9rences afin d'\u00e9viter les risques de tr\u00e9buchement.<\/span><\/p>\n<\/li>\n<li class=\"ng-star-inserted\">\n<p class=\"ng-star-inserted\"><strong class=\"ng-star-inserted\"><span class=\"ng-star-inserted\">Studios de cin\u00e9ma et de photographie :<\/span><\/strong><span class=\"ng-star-inserted\">\u00a0Utilisez-le pour fixer les toiles de fond, marquer les positions sur le sol (spiking) et attacher les gels aux lumi\u00e8res sans laisser de trace.<\/span><\/p>\n<\/li>\n<li class=\"ng-star-inserted\">\n<p class=\"ng-star-inserted\"><strong class=\"ng-star-inserted\"><span class=\"ng-star-inserted\">Gestion de la sc\u00e8ne et des d\u00e9cors :<\/span><\/strong><span class=\"ng-star-inserted\">\u00a0Parfait pour masquer les sols de sc\u00e8ne, dissimuler les c\u00e2bles et effectuer des r\u00e9parations rapides et non permanentes sur les d\u00e9cors.<\/span><\/p>\n<\/li>\n<li class=\"ng-star-inserted\">\n<p class=\"ng-star-inserted\"><strong class=\"ng-star-inserted\"><span class=\"ng-star-inserted\">Organisation de la maison et du bureau :<\/span><\/strong><span class=\"ng-star-inserted\">\u00a0Enrouler proprement les c\u00e2bles d'ordinateur, fixer les tapis sur des surfaces lisses et r\u00e9pondre \u00e0 divers besoins de r\u00e9paration temporaires.<\/span><\/p>\n<\/li>\n<li class=\"ng-star-inserted\">\n<p class=\"ng-star-inserted\"><strong class=\"ng-star-inserted\"><span class=\"ng-star-inserted\">Installations artistiques et ateliers :<\/span><\/strong><span class=\"ng-star-inserted\">\u00a0Positionne et maintient de mani\u00e8re fiable les articles pour les expositions temporaires, les s\u00e9minaires et les sessions de formation sans endommager les surfaces lors du retrait.<\/span><\/p>\n<\/li>\n<\/ul>","protected":false},"excerpt":{"rendered":"<p class=\"ng-star-inserted\"><span class=\"ng-star-inserted\">S\u00e9curisez votre \u00e9quipement avec du ruban gaffer de qualit\u00e9 professionnelle con\u00e7u pour une tenue forte et fiable et un retrait propre et sans r\u00e9sidus. Sa finition mate non r\u00e9fl\u00e9chissante et son application facile \u00e0 d\u00e9chirer \u00e0 la main en font un outil essentiel et polyvalent pour toute production, sc\u00e8ne ou studio.<\/span><\/p>","protected":false},"featured_media":7707,"template":"","meta":{"slim_seo":{"description":"Fixez les c\u00e2bles et le mat\u00e9riel avec du ruban adh\u00e9sif professionnel. Il offre une tenue solide et sans r\u00e9sidu avec une finition mate non r\u00e9fl\u00e9chissante, parfaite pour la sc\u00e8ne ou le studio.","title":"Black Gaffers Tape No Residue, Water Resistant, Non-Reflective, Easy Tear - Multipurpose Gaffs Tape - Adhesive tape Manufacturer, Supplier, Exporter | WINGTAI"}},"product_brand":[],"product_cat":[84,43],"product_tag":[105],"class_list":{"0":"post-7706","1":"product","2":"type-product","3":"status-publish","4":"has-post-thumbnail","6":"product_cat-duct-tape","7":"product_cat-industrial-tape","8":"product_tag-gaffer-tape","10":"first","11":"instock","12":"shipping-taxable","13":"product-type-simple"},"_links":{"self":[{"href":"https:\/\/www.wingtaitape.com\/fr\/wp-json\/wp\/v2\/product\/7706","targetHints":{"allow":["GET"]}}],"collection":[{"href":"https:\/\/www.wingtaitape.com\/fr\/wp-json\/wp\/v2\/product"}],"about":[{"href":"https:\/\/www.wingtaitape.com\/fr\/wp-json\/wp\/v2\/types\/product"}],"wp:featuredmedia":[{"embeddable":true,"href":"https:\/\/www.wingtaitape.com\/fr\/wp-json\/wp\/v2\/media\/7707"}],"wp:attachment":[{"href":"https:\/\/www.wingtaitape.com\/fr\/wp-json\/wp\/v2\/media?parent=7706"}],"wp:term":[{"taxonomy":"product_brand","embeddable":true,"href":"https:\/\/www.wingtaitape.com\/fr\/wp-json\/wp\/v2\/product_brand?post=7706"},{"taxonomy":"product_cat","embeddable":true,"href":"https:\/\/www.wingtaitape.com\/fr\/wp-json\/wp\/v2\/product_cat?post=7706"},{"taxonomy":"product_tag","embeddable":true,"href":"https:\/\/www.wingtaitape.com\/fr\/wp-json\/wp\/v2\/product_tag?post=7706"}],"curies":[{"name":"wp","href":"https:\/\/api.w.org\/{rel}","templated":true}]}}