{"id":7799,"date":"2025-09-17T17:07:21","date_gmt":"2025-09-17T09:07:21","guid":{"rendered":"https:\/\/www.wingtaitape.com\/?post_type=product&#038;p=7799"},"modified":"2025-09-17T17:16:28","modified_gmt":"2025-09-17T09:16:28","slug":"ruban-depissure-double-face-finger-lift-avec-doublure-surdimensionnee","status":"publish","type":"product","link":"https:\/\/www.wingtaitape.com\/fr\/produit\/ruban-depissure-double-face-finger-lift-avec-doublure-surdimensionnee\/","title":{"rendered":"Bande adh\u00e9sive double face Finger Lift"},"content":{"rendered":"<h3>Caract\u00e9ristiques du produit :<\/h3>\n<div id=\"model-response-message-contentr_16707efe56158903\" class=\"markdown markdown-main-panel stronger enable-updated-hr-color\" dir=\"ltr\">\n<ul>\n<li data-start=\"103\" data-end=\"215\">\n<p data-start=\"105\" data-end=\"215\">Construit avec un <strong data-start=\"125\" data-end=\"145\">adh\u00e9sif acrylique<\/strong> et un <strong data-start=\"153\" data-end=\"190\">papier silicon\u00e9 surdimensionn\u00e9<\/strong> pour une meilleure maniabilit\u00e9.<\/p>\n<\/li>\n<li data-start=\"216\" data-end=\"302\">\n<p data-start=\"218\" data-end=\"302\"><strong data-start=\"218\" data-end=\"244\">Grande force d'adh\u00e9rence<\/strong> garantit un collage s\u00fbr, m\u00eame dans des conditions difficiles.<\/p>\n<\/li>\n<li data-start=\"303\" data-end=\"408\">\n<p data-start=\"305\" data-end=\"408\"><strong data-start=\"305\" data-end=\"346\">Excellente r\u00e9sistance aux hautes temp\u00e9ratures<\/strong>Les produits de cette cat\u00e9gorie conviennent aux applications industrielles qui requi\u00e8rent une grande long\u00e9vit\u00e9.<\/p>\n<\/li>\n<li data-start=\"409\" data-end=\"529\">\n<p data-start=\"411\" data-end=\"529\">La doublure arri\u00e8re surdimensionn\u00e9e permet <strong data-start=\"442\" data-end=\"474\">retrait rapide et sans effort<\/strong>L'efficacit\u00e9 et le gain de temps dans la production s'en trouvent am\u00e9lior\u00e9s.<\/p>\n<\/li>\n<li data-start=\"530\" data-end=\"618\">\n<p data-start=\"532\" data-end=\"618\">Fournit des performances constantes dans les <strong data-start=\"567\" data-end=\"615\">les op\u00e9rations d'\u00e9pissage, de maintien et de laminage.<\/strong><\/p>\n<\/li>\n<\/ul>\n<p>&nbsp;<\/p>\n<h3>Applications :<\/h3>\n<\/div>\n<ul>\n<li data-start=\"640\" data-end=\"728\">\n<p data-start=\"642\" data-end=\"728\">Id\u00e9al <strong data-start=\"648\" data-end=\"682\">ruban d'\u00e9pissure haute performance<\/strong> pour les <strong data-start=\"691\" data-end=\"725\">industries du carton et du papier<\/strong>.<\/p>\n<\/li>\n<li data-start=\"729\" data-end=\"843\">\n<p data-start=\"731\" data-end=\"843\">Largement utilis\u00e9 dans <strong data-start=\"746\" data-end=\"785\">applications de laminage et de maintien<\/strong> o\u00f9 l'adh\u00e9rence et la r\u00e9sistance \u00e0 la chaleur sont essentielles.<\/p>\n<\/li>\n<li data-start=\"844\" data-end=\"925\">\n<p data-start=\"846\" data-end=\"925\">Parfait pour les op\u00e9rations n\u00e9cessitant <strong data-start=\"879\" data-end=\"901\">retrait rapide de la doublure<\/strong> pour acc\u00e9l\u00e9rer le flux de travail.<\/p>\n<\/li>\n<li data-start=\"926\" data-end=\"1013\">\n<p data-start=\"928\" data-end=\"1013\">Convient aux processus industriels exigeants <strong data-start=\"972\" data-end=\"1010\">un collage fiable et une manipulation ais\u00e9e<\/strong>.<\/p>\n<\/li>\n<\/ul>","protected":false},"excerpt":{"rendered":"<p>Ruban d'\u00e9pissure haute performance avec un adh\u00e9sif acrylique puissant, <strong>papier silicon\u00e9 surdimensionn\u00e9<\/strong>et une excellente r\u00e9sistance aux hautes temp\u00e9ratures. Id\u00e9ale pour les industries du papier et du carton, cette <strong>l\u00e8ve-doigts<\/strong> garantit un collage fiable, un retrait facile du support et des op\u00e9rations de plastification efficaces.<\/p>","protected":false},"featured_media":7800,"template":"","meta":{"slim_seo":{"description":"Ruban d'\u00e9pissure haute performance avec adh\u00e9sif acrylique et support silicon\u00e9 surdimensionn\u00e9. Forte adh\u00e9rence, r\u00e9sistant \u00e0 la chaleur, retrait facile du liner. Parfait pour les applications dans l'industrie du carton et du papier.","title":"Finger Lift Double Sided Adhesive Tape - Adhesive tape Manufacturer, Supplier, Exporter | WINGTAI"}},"product_brand":[],"product_cat":[35,43],"product_tag":[],"class_list":{"0":"post-7799","1":"product","2":"type-product","3":"status-publish","4":"has-post-thumbnail","6":"product_cat-double-coated-tapes","7":"product_cat-industrial-tape","9":"first","10":"instock","11":"shipping-taxable","12":"product-type-simple"},"_links":{"self":[{"href":"https:\/\/www.wingtaitape.com\/fr\/wp-json\/wp\/v2\/product\/7799","targetHints":{"allow":["GET"]}}],"collection":[{"href":"https:\/\/www.wingtaitape.com\/fr\/wp-json\/wp\/v2\/product"}],"about":[{"href":"https:\/\/www.wingtaitape.com\/fr\/wp-json\/wp\/v2\/types\/product"}],"wp:featuredmedia":[{"embeddable":true,"href":"https:\/\/www.wingtaitape.com\/fr\/wp-json\/wp\/v2\/media\/7800"}],"wp:attachment":[{"href":"https:\/\/www.wingtaitape.com\/fr\/wp-json\/wp\/v2\/media?parent=7799"}],"wp:term":[{"taxonomy":"product_brand","embeddable":true,"href":"https:\/\/www.wingtaitape.com\/fr\/wp-json\/wp\/v2\/product_brand?post=7799"},{"taxonomy":"product_cat","embeddable":true,"href":"https:\/\/www.wingtaitape.com\/fr\/wp-json\/wp\/v2\/product_cat?post=7799"},{"taxonomy":"product_tag","embeddable":true,"href":"https:\/\/www.wingtaitape.com\/fr\/wp-json\/wp\/v2\/product_tag?post=7799"}],"curies":[{"name":"wp","href":"https:\/\/api.w.org\/{rel}","templated":true}]}}