{"id":7855,"date":"2025-10-19T17:52:54","date_gmt":"2025-10-19T09:52:54","guid":{"rendered":"https:\/\/www.wingtaitape.com\/?post_type=product&#038;p=7855"},"modified":"2025-10-19T18:35:13","modified_gmt":"2025-10-19T10:35:13","slug":"ruban-de-film-polyimide-pi-resistant-a-la-chaleur-a-haute-temperature-sans-residu","status":"publish","type":"product","link":"https:\/\/www.wingtaitape.com\/fr\/produit\/ruban-de-film-polyimide-pi-resistant-a-la-chaleur-a-haute-temperature-sans-residu\/","title":{"rendered":"Ruban de film polyimide Pi r\u00e9sistant \u00e0 la chaleur \u00e0 haute temp\u00e9rature et sans r\u00e9sidu"},"content":{"rendered":"<h3>Maximisez votre potentiel de fabrication et d'artisanat avec ce ruban polyimide de qualit\u00e9 professionnelle, con\u00e7u pour des applications de chaleur extr\u00eame et de pr\u00e9cision.<\/h3>\n<h3>Caract\u00e9ristiques du produit :<\/h3>\n<div id=\"model-response-message-contentr_16707efe56158903\" class=\"markdown markdown-main-panel stronger enable-updated-hr-color\" dir=\"ltr\">\n<ul>\n<li>Garantir un <strong>finition propre<\/strong> sur tous les mat\u00e9riaux car l'adh\u00e9sif en silicone se d\u00e9tache sans laisser de traces.<\/li>\n<li>Poign\u00e9e <strong>temp\u00e9ratures extr\u00eames<\/strong>r\u00e9sistant \u00e0 la chaleur jusqu'\u00e0 <span class=\"math-inline\" data-math=\"536^\\circ\\text{F}\">536\u2109<\/span><span class=\"citation-14 citation-end-14\">\u00a0(<\/span><span class=\"math-inline\" data-math=\"280^\\circ\\text{C}\">280\u2103<\/span><span class=\"citation-13\">) <\/span>pour une protection fiable \u00e0 court terme lors de processus rigoureux.<\/li>\n<li>Compl\u00e9ter <strong>d\u00e9tails fins et formes complexes<\/strong> Le ruban pr\u00e9sente des propri\u00e9t\u00e9s de cisaillement sup\u00e9rieures et est pr\u00eat \u00e0 \u00eatre utilis\u00e9. <strong>d\u00e9coupe<\/strong> processus.<\/li>\n<li>Maintien de l'int\u00e9grit\u00e9 m\u00e9canique sous forte contrainte, ce qui le rend fiable dans les endroits o\u00f9 la chaleur et les vibrations sont monnaie courante.<\/li>\n<li>Prot\u00e9ger les composants sensibles et les doigts d'or des agents nettoyants agressifs, en b\u00e9n\u00e9ficiant de l'efficacit\u00e9 de la bande.<strong> forte r\u00e9sistance aux solvants<\/strong>.<\/li>\n<li>R\u00e9duire les changements de mat\u00e9riaux et <strong>augmenter le temps de fonctionnement<\/strong>.<\/li>\n<li>Obtenir une adh\u00e9sion fiable et un alignement parfait, gr\u00e2ce \u00e0 l'appui d'un <strong>rev\u00eatement de haute pr\u00e9cision<\/strong> qui limite les incoh\u00e9rences dimensionnelles.<\/li>\n<\/ul>\n<p>&nbsp;<\/p>\n<h3>Applications :<\/h3>\n<\/div>\n<p>Ce ruban r\u00e9sistant \u00e0 la chaleur est un composant fiable dans divers environnements industriels et de fabrication :<\/p>\n<ul>\n<li><b>Fabrication de produits \u00e9lectroniques :<\/b> Utilis\u00e9 pour <b>bouclier de soudure \u00e0 la vague<\/b> sur les cartes de circuits imprim\u00e9s et la protection des zones sensibles telles que <b>doigts d'or<\/b>.<\/li>\n<li><b>Processus de transfert de chaleur :<\/b> Obtenir des mat\u00e9riaux pour <b>sublimation, presse \u00e0 chaud et HTV<\/b> sur les v\u00eatements et autres substrats.<\/li>\n<li><b>Isolation \u00e9lectrique :<\/b> Fournir une isolation sp\u00e9cialis\u00e9e pour <b>moteurs, bobines, transformateurs et condensateurs<\/b> dans les assemblages \u00e9lectroniques.<\/li>\n<li><b>Traitement sp\u00e9cialis\u00e9 :<\/b> S'appliquant aux t\u00e2ches \u00e0 haute temp\u00e9rature telles que <b>rev\u00eatement en poudre<\/b> et l'industrie manufacturi\u00e8re dans l'Union europ\u00e9enne <b>semi-conducteur<\/b> l'industrie.<\/li>\n<li><b>\u00c9nergie et pouvoir :<\/b> Isolation des p\u00f4les positif et n\u00e9gatif lors de la production de <b>batterie au lithium<\/b> des syst\u00e8mes d'alimentation en eau.<\/li>\n<li><b>Utilisation g\u00e9n\u00e9rale \u00e0 haute temp\u00e9rature :<\/b> Mat\u00e9riaux de masquage et de fixation en <b>Impression 3D<\/b> et divers autres environnements industriels \u00e0 haute temp\u00e9rature.<\/li>\n<\/ul>\n<p><img fetchpriority=\"high\" decoding=\"async\" class=\"alignnone size-full wp-image-7862\" src=\"https:\/\/www.wingtaitape.com\/wp-content\/uploads\/2025\/10\/polyimide-tape-6.webp\" alt=\"Ruban de polyimide (6)\" width=\"800\" height=\"800\" srcset=\"https:\/\/www.wingtaitape.com\/wp-content\/uploads\/2025\/10\/polyimide-tape-6.webp 800w, https:\/\/www.wingtaitape.com\/wp-content\/uploads\/2025\/10\/polyimide-tape-6-600x600.webp 600w, https:\/\/www.wingtaitape.com\/wp-content\/uploads\/2025\/10\/polyimide-tape-6-150x150.webp 150w, https:\/\/www.wingtaitape.com\/wp-content\/uploads\/2025\/10\/polyimide-tape-6-768x768.webp 768w, https:\/\/www.wingtaitape.com\/wp-content\/uploads\/2025\/10\/polyimide-tape-6-12x12.webp 12w, https:\/\/www.wingtaitape.com\/wp-content\/uploads\/2025\/10\/polyimide-tape-6-100x100.webp 100w\" sizes=\"(max-width: 800px) 100vw, 800px\" \/> <img decoding=\"async\" class=\"alignnone size-full wp-image-7858\" src=\"https:\/\/www.wingtaitape.com\/wp-content\/uploads\/2025\/10\/polyimide-tape-2.webp\" alt=\"Ruban de polyimide (2)\" width=\"800\" height=\"800\" srcset=\"https:\/\/www.wingtaitape.com\/wp-content\/uploads\/2025\/10\/polyimide-tape-2.webp 800w, https:\/\/www.wingtaitape.com\/wp-content\/uploads\/2025\/10\/polyimide-tape-2-600x600.webp 600w, https:\/\/www.wingtaitape.com\/wp-content\/uploads\/2025\/10\/polyimide-tape-2-150x150.webp 150w, https:\/\/www.wingtaitape.com\/wp-content\/uploads\/2025\/10\/polyimide-tape-2-768x768.webp 768w, https:\/\/www.wingtaitape.com\/wp-content\/uploads\/2025\/10\/polyimide-tape-2-12x12.webp 12w, https:\/\/www.wingtaitape.com\/wp-content\/uploads\/2025\/10\/polyimide-tape-2-100x100.webp 100w\" sizes=\"(max-width: 800px) 100vw, 800px\" \/><\/p>","protected":false},"excerpt":{"rendered":"<p><span class=\"citation-35 citation-end-35\">Ce film polyimide offre une r\u00e9sistance sup\u00e9rieure \u00e0 la chaleur.<\/span><span class=\"citation-34 citation-end-34\"> et dispose d'un adh\u00e9sif silicone puissant qui se d\u00e9colle proprement sans laisser de r\u00e9sidus. <\/span>Il s'agit d'une solution fiable pour le masquage de pr\u00e9cision \u00e0 haute temp\u00e9rature, l'isolation \u00e9lectrique et les applications de transfert de chaleur.<\/p>","protected":false},"featured_media":7861,"template":"","meta":{"slim_seo":{"description":"Ruban thermique professionnel en polyimide pour le masquage \u00e0 haute temp\u00e9rature, l'isolation \u00e9lectrique et la sublimation, ne laissant aucun r\u00e9sidu.","title":"High Temperature Heat Resistant No-residual Polyimide Pi Film Tape - Adhesive tape Manufacturer, Supplier, Exporter | WINGTAI"}},"product_brand":[],"product_cat":[37,43],"product_tag":[],"class_list":{"0":"post-7855","1":"product","2":"type-product","3":"status-publish","4":"has-post-thumbnail","6":"product_cat-electrical-tapes","7":"product_cat-industrial-tape","9":"first","10":"instock","11":"shipping-taxable","12":"product-type-simple"},"_links":{"self":[{"href":"https:\/\/www.wingtaitape.com\/fr\/wp-json\/wp\/v2\/product\/7855","targetHints":{"allow":["GET"]}}],"collection":[{"href":"https:\/\/www.wingtaitape.com\/fr\/wp-json\/wp\/v2\/product"}],"about":[{"href":"https:\/\/www.wingtaitape.com\/fr\/wp-json\/wp\/v2\/types\/product"}],"wp:featuredmedia":[{"embeddable":true,"href":"https:\/\/www.wingtaitape.com\/fr\/wp-json\/wp\/v2\/media\/7861"}],"wp:attachment":[{"href":"https:\/\/www.wingtaitape.com\/fr\/wp-json\/wp\/v2\/media?parent=7855"}],"wp:term":[{"taxonomy":"product_brand","embeddable":true,"href":"https:\/\/www.wingtaitape.com\/fr\/wp-json\/wp\/v2\/product_brand?post=7855"},{"taxonomy":"product_cat","embeddable":true,"href":"https:\/\/www.wingtaitape.com\/fr\/wp-json\/wp\/v2\/product_cat?post=7855"},{"taxonomy":"product_tag","embeddable":true,"href":"https:\/\/www.wingtaitape.com\/fr\/wp-json\/wp\/v2\/product_tag?post=7855"}],"curies":[{"name":"wp","href":"https:\/\/api.w.org\/{rel}","templated":true}]}}