{"id":2597,"date":"2023-08-22T12:47:14","date_gmt":"2023-08-22T12:47:14","guid":{"rendered":"https:\/\/www.wingtaitape.com\/?post_type=product&#038;p=2597"},"modified":"2024-11-27T16:05:39","modified_gmt":"2024-11-27T08:05:39","slug":"fita-de-papel-kraft-gravavel-sem-plastico-kt5030","status":"publish","type":"product","link":"https:\/\/www.wingtaitape.com\/pt\/produto\/fita-de-papel-kraft-gravavel-sem-plastico-kt5030\/","title":{"rendered":"Fita de papel kraft grav\u00e1vel sem pl\u00e1stico KT5030"},"content":{"rendered":"<h3>Principais recursos<\/h3>\n<ul>\n<li>\n<div>Fita Kraft de papel multiuso - Essa fita adesiva kraft vers\u00e1til tem alta resist\u00eancia \u00e0 tra\u00e7\u00e3o, o que significa que pode ser usada para vedar papel\u00e3o e embalagens pesadas para mudan\u00e7as, remessas ou armazenamento interno de longo prazo.<\/div>\n<\/li>\n<li>\n<div>Superf\u00edcie n\u00e3o revestida que pode ser escrita - Ideal para etiquetar caixas ou manter-se mais organizado durante uma mudan\u00e7a, nossa fita de veda\u00e7\u00e3o de caixas de papel\u00e3o oferece uma superf\u00edcie de escrita limpa para l\u00e1pis, canetas, marcadores \u00e0 base de \u00e1gua, marcadores oleosos e muito mais.<\/div>\n<\/li>\n<li>\n<div>Suporte adesivo forte - Nosso material ecol\u00f3gico \u00e9 feito com papel kraft 100% e cola quente, o que o torna mais forte, mais dur\u00e1vel e capaz de criar uma veda\u00e7\u00e3o s\u00f3lida para garantir uma fixa\u00e7\u00e3o duradoura.<\/div>\n<\/li>\n<li>\n<div>Rolo longo e f\u00e1cil de usar - Compat\u00edvel com dispensadores de fita comuns. Basta rasgar suavemente a borda para criar o comprimento perfeito.<\/div>\n<\/li>\n<li>\n<div>Ecologicamente correto e recicl\u00e1vel - mais seguro para embalagens do dia a dia, artesanato, caixas de veda\u00e7\u00e3o e outros projetos.<\/div>\n<\/li>\n<\/ul>\n<p>&nbsp;<\/p>","protected":false},"excerpt":{"rendered":"<p>Superf\u00edcie n\u00e3o revestida grav\u00e1vel para uso em mascaramento, veda\u00e7\u00e3o e embalagem, ecologicamente correta e recicl\u00e1vel, f\u00e1cil de rasgar.<\/p>","protected":false},"featured_media":3326,"template":"","meta":{"slim_seo":{"title":"Fita de papel kraft grav\u00e1vel sem pl\u00e1stico KT5030 - Fita adesiva Fabricante, fornecedor, exportador | WINGTAI","description":"Caracter\u00edstica principal Fita Kraft de papel multiuso - Esta vers\u00e1til fita adesiva kraft tem alta resist\u00eancia \u00e0 tra\u00e7\u00e3o, o que significa que pode ser usada para vedar papel\u00e3o e embalagens pesadas para mudan\u00e7as, remessas ou armazenamento interno de longo prazo. Superf\u00edcie n\u00e3o revestida e grav\u00e1vel - Ideal para etiquetar caixas ou manter-se mais organizado durante uma mudan\u00e7a..."}},"product_brand":[],"product_cat":[46],"product_tag":[36],"class_list":{"0":"post-2597","1":"product","2":"type-product","3":"status-publish","4":"has-post-thumbnail","6":"product_cat-kraft-tapes","7":"product_tag-eco-friendly","9":"first","10":"instock","11":"featured","12":"shipping-taxable","13":"product-type-simple"},"_links":{"self":[{"href":"https:\/\/www.wingtaitape.com\/pt\/wp-json\/wp\/v2\/product\/2597","targetHints":{"allow":["GET"]}}],"collection":[{"href":"https:\/\/www.wingtaitape.com\/pt\/wp-json\/wp\/v2\/product"}],"about":[{"href":"https:\/\/www.wingtaitape.com\/pt\/wp-json\/wp\/v2\/types\/product"}],"wp:featuredmedia":[{"embeddable":true,"href":"https:\/\/www.wingtaitape.com\/pt\/wp-json\/wp\/v2\/media\/3326"}],"wp:attachment":[{"href":"https:\/\/www.wingtaitape.com\/pt\/wp-json\/wp\/v2\/media?parent=2597"}],"wp:term":[{"taxonomy":"product_brand","embeddable":true,"href":"https:\/\/www.wingtaitape.com\/pt\/wp-json\/wp\/v2\/product_brand?post=2597"},{"taxonomy":"product_cat","embeddable":true,"href":"https:\/\/www.wingtaitape.com\/pt\/wp-json\/wp\/v2\/product_cat?post=2597"},{"taxonomy":"product_tag","embeddable":true,"href":"https:\/\/www.wingtaitape.com\/pt\/wp-json\/wp\/v2\/product_tag?post=2597"}],"curies":[{"name":"wp","href":"https:\/\/api.w.org\/{rel}","templated":true}]}}