{"id":2663,"date":"2023-08-24T13:14:18","date_gmt":"2023-08-24T13:14:18","guid":{"rendered":"https:\/\/www.wingtaitape.com\/?post_type=product&#038;p=2663"},"modified":"2025-04-12T14:37:48","modified_gmt":"2025-04-12T06:37:48","slug":"fita-acrilica-solvente-para-embalagem","status":"publish","type":"product","link":"https:\/\/www.wingtaitape.com\/pt\/produto\/fita-acrilica-solvente-para-embalagem\/","title":{"rendered":"Fita acr\u00edlica solvente para embalagem"},"content":{"rendered":"<p><iframe title=\"Reprodutor de v\u00eddeo do YouTube\" src=\"https:\/\/www.youtube.com\/embed\/9PZQcD-7VMI?si=EVeVm8lzmdz6YKfl\" width=\"560\" height=\"315\" frameborder=\"0\" allowfullscreen=\"allowfullscreen\"><\/iframe><\/p>\n<p><iframe title=\"Reprodutor de v\u00eddeo do YouTube\" src=\"https:\/\/www.youtube.com\/embed\/HWRsqQV0tg0?si=6XF1bxoQKyUXzNVa\" width=\"560\" height=\"315\" frameborder=\"0\" allowfullscreen=\"allowfullscreen\"><\/iframe><\/p>\n<h4><\/h4>\n<h4>Principais recursos<\/h4>\n<p>Ades\u00e3o mais forte em baixas temperaturas;<br \/>\nEm conformidade com as diretivas RoHS e REACH da UE;<br \/>\nEspecialmente projetado para a cadeia de frio;<\/p>\n<h4>Aplicativo<\/h4>\n<p>Veda\u00e7\u00e3o de latas de biscoitos, flores e embalagens de frutos do mar;<br \/>\nVeda\u00e7\u00e3o de superf\u00edcies \u00e1speras ou caixas de papel\u00e3o de alta densidade.<\/p>","protected":false},"excerpt":{"rendered":"<ul>\n<li>Ades\u00e3o mais forte em baixas temperaturas;<\/li>\n<li>Em conformidade com as diretivas RoHS e REACH da UE;<\/li>\n<li>Especialmente projetado para a cadeia de frio;<\/li>\n<\/ul>","protected":false},"featured_media":3710,"template":"","meta":{"slim_seo":{"title":"Solvent Acrylic Packing Tape - Fita adesiva Fabricante, fornecedor, exportador | WINGTAI","description":"Ades\u00e3o mais forte em baixas temperaturas; em conformidade com as diretrizes RoHS e REACH da UE; especialmente projetado para a cadeia de frio;"}},"product_brand":[],"product_cat":[52],"product_tag":[],"class_list":{"0":"post-2663","1":"product","2":"type-product","3":"status-publish","4":"has-post-thumbnail","6":"product_cat-packaging-tapes","8":"first","9":"instock","10":"featured","11":"shipping-taxable","12":"product-type-simple"},"_links":{"self":[{"href":"https:\/\/www.wingtaitape.com\/pt\/wp-json\/wp\/v2\/product\/2663","targetHints":{"allow":["GET"]}}],"collection":[{"href":"https:\/\/www.wingtaitape.com\/pt\/wp-json\/wp\/v2\/product"}],"about":[{"href":"https:\/\/www.wingtaitape.com\/pt\/wp-json\/wp\/v2\/types\/product"}],"wp:featuredmedia":[{"embeddable":true,"href":"https:\/\/www.wingtaitape.com\/pt\/wp-json\/wp\/v2\/media\/3710"}],"wp:attachment":[{"href":"https:\/\/www.wingtaitape.com\/pt\/wp-json\/wp\/v2\/media?parent=2663"}],"wp:term":[{"taxonomy":"product_brand","embeddable":true,"href":"https:\/\/www.wingtaitape.com\/pt\/wp-json\/wp\/v2\/product_brand?post=2663"},{"taxonomy":"product_cat","embeddable":true,"href":"https:\/\/www.wingtaitape.com\/pt\/wp-json\/wp\/v2\/product_cat?post=2663"},{"taxonomy":"product_tag","embeddable":true,"href":"https:\/\/www.wingtaitape.com\/pt\/wp-json\/wp\/v2\/product_tag?post=2663"}],"curies":[{"name":"wp","href":"https:\/\/api.w.org\/{rel}","templated":true}]}}