{"id":2675,"date":"2023-08-25T06:28:36","date_gmt":"2023-08-25T06:28:36","guid":{"rendered":"https:\/\/www.wingtaitape.com\/?post_type=product&#038;p=2675"},"modified":"2023-12-10T22:04:44","modified_gmt":"2023-12-10T14:04:44","slug":"fita-para-embalagem-super-transparente","status":"publish","type":"product","link":"https:\/\/www.wingtaitape.com\/pt\/produto\/fita-para-embalagem-super-transparente\/","title":{"rendered":"Fita para embalagem super transparente"},"content":{"rendered":"<p><iframe title=\"Reprodutor de v\u00eddeo do YouTube\" src=\"https:\/\/www.youtube.com\/embed\/9PZQcD-7VMI?si=EVeVm8lzmdz6YKfl\" width=\"560\" height=\"315\" frameborder=\"0\" allowfullscreen=\"allowfullscreen\"><\/iframe><\/p>\n<h4><\/h4>\n<h4>Principais recursos<\/h4>\n<p>Feito de filme super transparente;<br \/>\nSem bolhas, acabamento transparente, super claro, n\u00e3o cobre informa\u00e7\u00f5es importantes;<\/p>\n<h4>Aplicativo<\/h4>\n<p>A melhor op\u00e7\u00e3o para supermercados, cadeias de lojas e clientes de alto padr\u00e3o.<\/p>","protected":false},"excerpt":{"rendered":"<ul>\n<li>Feito de filme super transparente;<\/li>\n<li>Sem bolhas, acabamento transparente, super claro, n\u00e3o cobre informa\u00e7\u00f5es importantes;<\/li>\n<\/ul>","protected":false},"featured_media":3164,"template":"","meta":{"slim_seo":{"title":"Super Clear Packing Tape - Fita adesiva Fabricante, fornecedor, exportador | WINGTAI","description":"Feito de filme superclaro; sem bolhas, com acabamento transparente, superclaro, que n\u00e3o encobre informa\u00e7\u00f5es importantes;"}},"product_brand":[],"product_cat":[52],"product_tag":[],"class_list":{"0":"post-2675","1":"product","2":"type-product","3":"status-publish","4":"has-post-thumbnail","6":"product_cat-packaging-tapes","8":"first","9":"instock","10":"shipping-taxable","11":"product-type-simple"},"_links":{"self":[{"href":"https:\/\/www.wingtaitape.com\/pt\/wp-json\/wp\/v2\/product\/2675","targetHints":{"allow":["GET"]}}],"collection":[{"href":"https:\/\/www.wingtaitape.com\/pt\/wp-json\/wp\/v2\/product"}],"about":[{"href":"https:\/\/www.wingtaitape.com\/pt\/wp-json\/wp\/v2\/types\/product"}],"wp:featuredmedia":[{"embeddable":true,"href":"https:\/\/www.wingtaitape.com\/pt\/wp-json\/wp\/v2\/media\/3164"}],"wp:attachment":[{"href":"https:\/\/www.wingtaitape.com\/pt\/wp-json\/wp\/v2\/media?parent=2675"}],"wp:term":[{"taxonomy":"product_brand","embeddable":true,"href":"https:\/\/www.wingtaitape.com\/pt\/wp-json\/wp\/v2\/product_brand?post=2675"},{"taxonomy":"product_cat","embeddable":true,"href":"https:\/\/www.wingtaitape.com\/pt\/wp-json\/wp\/v2\/product_cat?post=2675"},{"taxonomy":"product_tag","embeddable":true,"href":"https:\/\/www.wingtaitape.com\/pt\/wp-json\/wp\/v2\/product_tag?post=2675"}],"curies":[{"name":"wp","href":"https:\/\/api.w.org\/{rel}","templated":true}]}}