{"id":2679,"date":"2023-08-25T06:35:08","date_gmt":"2023-08-25T06:35:08","guid":{"rendered":"https:\/\/www.wingtaitape.com\/?post_type=product&#038;p=2679"},"modified":"2023-12-10T22:04:13","modified_gmt":"2023-12-10T14:04:13","slug":"fita-de-pacote-de-baixo-ruido","status":"publish","type":"product","link":"https:\/\/www.wingtaitape.com\/pt\/produto\/fita-de-pacote-de-baixo-ruido\/","title":{"rendered":"Fita para encomendas de baixo ru\u00eddo"},"content":{"rendered":"<p><iframe title=\"Reprodutor de v\u00eddeo do YouTube\" src=\"https:\/\/www.youtube.com\/embed\/9PZQcD-7VMI?si=EVeVm8lzmdz6YKfl\" width=\"560\" height=\"315\" frameborder=\"0\" allowfullscreen=\"allowfullscreen\"><\/iframe><\/p>\n<h4><span style=\"font-family: 'Open Sans';\">Principais recursos<\/span><\/h4>\n<p>SEM RU\u00cdDO: a fita para pacotes silenciosa e silenciosa 100% n\u00e3o incomodar\u00e1 outras pessoas durante a embalagem, proporcionando um ambiente silencioso e confort\u00e1vel para a embalagem de pacotes;<br \/>\n\u00c9 muito f\u00e1cil desenrolar a fita de empacotamento e ela n\u00e3o se rompe durante o uso, o que economizar\u00e1 seu tempo na embalagem;<br \/>\nExcelente poder de fixa\u00e7\u00e3o em papel\u00e3o, caixas de transporte e papel\u00e3o.<\/p>\n<h4><span style=\"font-family: 'Open Sans';\">Aplicativo<\/span><\/h4>\n<p>\u00c9 ideal para uso em ambientes em que os n\u00edveis de ru\u00eddo precisam ser mantidos no m\u00ednimo, como em escrit\u00f3rios, bibliotecas ou hospitais.<\/p>\n<h4><span style=\"font-family: 'Open Sans';\"><img fetchpriority=\"high\" decoding=\"async\" class=\"alignnone wp-image-2682\" src=\"https:\/\/www.wingtaitape.com\/wp-content\/uploads\/2023\/08\/Low-noise-parcel-tape.png\" alt=\"\" width=\"638\" height=\"201\" \/><\/span><\/h4>","protected":false},"excerpt":{"rendered":"<ul>\n<li>SEM RU\u00cdDO: a fita silenciosa e silenciosa 100% n\u00e3o incomodar\u00e1 outras pessoas durante a embalagem, proporcionando um ambiente silencioso e confort\u00e1vel para a embalagem de pacotes;<\/li>\n<li>A fita \u00e9 muito f\u00e1cil de desenrolar e n\u00e3o se rompe durante o uso, o que economizar\u00e1 seu tempo na embalagem;<\/li>\n<li>Excelente poder de fixa\u00e7\u00e3o em papel\u00e3o, caixa de transporte, papel\u00e3o<\/li>\n<\/ul>","protected":false},"featured_media":3163,"template":"","meta":{"slim_seo":{"title":"Low Noise Parcel Tape - Fita adesiva Fabricante, fornecedor, exportador | WINGTAI","description":"SEM RU\u00cdDO: a fita silenciosa e silenciosa 100% n\u00e3o incomodar\u00e1 outras pessoas durante a embalagem, proporcionando um ambiente silencioso e confort\u00e1vel para o empacotamento de pacotes; \u00e9 muito f\u00e1cil desenrolar a fita e ela n\u00e3o se rompe durante o uso, o que economiza seu tempo de empacotamento; excelente poder de fixa\u00e7\u00e3o em papel\u00e3o, caixa de transporte e papel\u00e3o."}},"product_brand":[],"product_cat":[52],"product_tag":[],"class_list":{"0":"post-2679","1":"product","2":"type-product","3":"status-publish","4":"has-post-thumbnail","6":"product_cat-packaging-tapes","8":"first","9":"instock","10":"shipping-taxable","11":"product-type-simple"},"_links":{"self":[{"href":"https:\/\/www.wingtaitape.com\/pt\/wp-json\/wp\/v2\/product\/2679","targetHints":{"allow":["GET"]}}],"collection":[{"href":"https:\/\/www.wingtaitape.com\/pt\/wp-json\/wp\/v2\/product"}],"about":[{"href":"https:\/\/www.wingtaitape.com\/pt\/wp-json\/wp\/v2\/types\/product"}],"wp:featuredmedia":[{"embeddable":true,"href":"https:\/\/www.wingtaitape.com\/pt\/wp-json\/wp\/v2\/media\/3163"}],"wp:attachment":[{"href":"https:\/\/www.wingtaitape.com\/pt\/wp-json\/wp\/v2\/media?parent=2679"}],"wp:term":[{"taxonomy":"product_brand","embeddable":true,"href":"https:\/\/www.wingtaitape.com\/pt\/wp-json\/wp\/v2\/product_brand?post=2679"},{"taxonomy":"product_cat","embeddable":true,"href":"https:\/\/www.wingtaitape.com\/pt\/wp-json\/wp\/v2\/product_cat?post=2679"},{"taxonomy":"product_tag","embeddable":true,"href":"https:\/\/www.wingtaitape.com\/pt\/wp-json\/wp\/v2\/product_tag?post=2679"}],"curies":[{"name":"wp","href":"https:\/\/api.w.org\/{rel}","templated":true}]}}