{"id":2683,"date":"2023-08-25T06:40:56","date_gmt":"2023-08-25T06:40:56","guid":{"rendered":"https:\/\/www.wingtaitape.com\/?post_type=product&#038;p=2683"},"modified":"2023-12-10T22:03:35","modified_gmt":"2023-12-10T14:03:35","slug":"fita-bopp-colorida","status":"publish","type":"product","link":"https:\/\/www.wingtaitape.com\/pt\/produto\/fita-bopp-colorida\/","title":{"rendered":"Fita colorida de BOPP"},"content":{"rendered":"<p><iframe title=\"Reprodutor de v\u00eddeo do YouTube\" src=\"https:\/\/www.youtube.com\/embed\/9PZQcD-7VMI?si=EVeVm8lzmdz6YKfl\" width=\"560\" height=\"315\" frameborder=\"0\" allowfullscreen=\"allowfullscreen\"><\/iframe><\/p>\n<h4><span style=\"font-family: 'Open Sans';\">Principais recursos<\/span><\/h4>\n<ul>\n<li>A fita colorida tem cores brilhantes, com uma t\u00e9cnica especial para combina\u00e7\u00e3o de cores.<\/li>\n<li>Cores espec\u00edficas podem ser encomendadas de acordo com as exig\u00eancias dos clientes.<\/li>\n<li>Produto ecol\u00f3gico, de acordo com a diretiva RoHS.<\/li>\n<\/ul>\n<p><img fetchpriority=\"high\" decoding=\"async\" class=\"alignnone wp-image-2693\" src=\"https:\/\/www.wingtaitape.com\/wp-content\/uploads\/2023\/08\/color-tape-option.png\" alt=\"\" width=\"431\" height=\"241\" \/><\/p>\n<h4><span style=\"font-family: 'Open Sans';\">Aplicativo<\/span><\/h4>\n<ul>\n<li>Amplamente aplicado em embalagens para alimentos, tratamento m\u00e9dico, vestu\u00e1rio, hardware e eletrodom\u00e9sticos.<\/li>\n<li>A fita colorida \u00e9 amplamente utilizada para marca\u00e7\u00e3o de classifica\u00e7\u00e3o de produtos e embalagem com classifica\u00e7\u00e3o de cores.<\/li>\n<\/ul>","protected":false},"excerpt":{"rendered":"<ul>\n<li>A fita colorida tem cores brilhantes, com uma t\u00e9cnica especial para combina\u00e7\u00e3o de cores.<\/li>\n<li>Cores espec\u00edficas podem ser encomendadas de acordo com as exig\u00eancias dos clientes.<\/li>\n<li>Produto ecol\u00f3gico, de acordo com a diretiva RoHS.<\/li>\n<\/ul>","protected":false},"featured_media":3156,"template":"","meta":{"slim_seo":{"title":"Fita colorida de BOPP - Fita adesiva Fabricante, fornecedor, exportador | WINGTAI","description":"A fita colorida tem cores brilhantes, com t\u00e9cnica especial para combina\u00e7\u00e3o de cores. Cores espec\u00edficas podem ser encomendadas de acordo com a exig\u00eancia do cliente."}},"product_brand":[],"product_cat":[52],"product_tag":[],"class_list":{"0":"post-2683","1":"product","2":"type-product","3":"status-publish","4":"has-post-thumbnail","6":"product_cat-packaging-tapes","8":"first","9":"instock","10":"shipping-taxable","11":"product-type-simple"},"_links":{"self":[{"href":"https:\/\/www.wingtaitape.com\/pt\/wp-json\/wp\/v2\/product\/2683","targetHints":{"allow":["GET"]}}],"collection":[{"href":"https:\/\/www.wingtaitape.com\/pt\/wp-json\/wp\/v2\/product"}],"about":[{"href":"https:\/\/www.wingtaitape.com\/pt\/wp-json\/wp\/v2\/types\/product"}],"wp:featuredmedia":[{"embeddable":true,"href":"https:\/\/www.wingtaitape.com\/pt\/wp-json\/wp\/v2\/media\/3156"}],"wp:attachment":[{"href":"https:\/\/www.wingtaitape.com\/pt\/wp-json\/wp\/v2\/media?parent=2683"}],"wp:term":[{"taxonomy":"product_brand","embeddable":true,"href":"https:\/\/www.wingtaitape.com\/pt\/wp-json\/wp\/v2\/product_brand?post=2683"},{"taxonomy":"product_cat","embeddable":true,"href":"https:\/\/www.wingtaitape.com\/pt\/wp-json\/wp\/v2\/product_cat?post=2683"},{"taxonomy":"product_tag","embeddable":true,"href":"https:\/\/www.wingtaitape.com\/pt\/wp-json\/wp\/v2\/product_tag?post=2683"}],"curies":[{"name":"wp","href":"https:\/\/api.w.org\/{rel}","templated":true}]}}