{"id":2703,"date":"2023-08-25T07:10:04","date_gmt":"2023-08-25T07:10:04","guid":{"rendered":"https:\/\/www.wingtaitape.com\/?post_type=product&#038;p=2703"},"modified":"2024-04-20T20:27:01","modified_gmt":"2024-04-20T12:27:01","slug":"fita-para-transporte-de-cargas-pesadas","status":"publish","type":"product","link":"https:\/\/www.wingtaitape.com\/pt\/produto\/fita-para-transporte-de-cargas-pesadas\/","title":{"rendered":"Fita de transporte para servi\u00e7o pesado"},"content":{"rendered":"<p><iframe title=\"Reprodutor de v\u00eddeo do YouTube\" src=\"https:\/\/www.youtube.com\/embed\/9PZQcD-7VMI?si=EVeVm8lzmdz6YKfl\" width=\"560\" height=\"315\" frameborder=\"0\" allowfullscreen=\"allowfullscreen\"><\/iframe><\/p>\n<h4><span style=\"font-family: 'Open Sans';\">Principais recursos<\/span><\/h4>\n<ul>\n<li>Ades\u00e3o extremamente forte, com espessura extra;<\/li>\n<li>Recomendado para produtos grandes;<\/li>\n<\/ul>\n<p>&nbsp;<\/p>\n<h4><span style=\"font-family: 'Open Sans';\">Aplicativo<\/span><\/h4>\n<ul>\n<li>A fita para transporte de cargas pesadas \u00e9 adequada para embalagens cartonadas superduras, como grandes eletrodom\u00e9sticos, produtos eletr\u00f4nicos, embalagens de produtos pesados de alta qualidade e veda\u00e7\u00e3o de mais de 25 kg.<\/li>\n<\/ul>\n<p><img fetchpriority=\"high\" decoding=\"async\" class=\"alignnone wp-image-2705\" src=\"https:\/\/www.wingtaitape.com\/wp-content\/uploads\/2023\/08\/Heavy-duty-shipping-tape.png\" alt=\"\" width=\"546\" height=\"191\" \/><\/p>","protected":false},"excerpt":{"rendered":"<ul>\n<li>Ades\u00e3o extremamente forte, com espessura extra;<\/li>\n<li>Recomendado para produtos grandes;<\/li>\n<\/ul>","protected":false},"featured_media":3147,"template":"","meta":{"slim_seo":{"title":"Heavy Duty Shipping Tape - Fita adesiva Fabricante, fornecedor, exportador | WINGTAI","description":"Ades\u00e3o extremamente forte, extra grossa; recomendado para produtos grandes;"}},"product_brand":[],"product_cat":[52],"product_tag":[],"class_list":{"0":"post-2703","1":"product","2":"type-product","3":"status-publish","4":"has-post-thumbnail","6":"product_cat-packaging-tapes","8":"first","9":"instock","10":"shipping-taxable","11":"product-type-simple"},"_links":{"self":[{"href":"https:\/\/www.wingtaitape.com\/pt\/wp-json\/wp\/v2\/product\/2703","targetHints":{"allow":["GET"]}}],"collection":[{"href":"https:\/\/www.wingtaitape.com\/pt\/wp-json\/wp\/v2\/product"}],"about":[{"href":"https:\/\/www.wingtaitape.com\/pt\/wp-json\/wp\/v2\/types\/product"}],"wp:featuredmedia":[{"embeddable":true,"href":"https:\/\/www.wingtaitape.com\/pt\/wp-json\/wp\/v2\/media\/3147"}],"wp:attachment":[{"href":"https:\/\/www.wingtaitape.com\/pt\/wp-json\/wp\/v2\/media?parent=2703"}],"wp:term":[{"taxonomy":"product_brand","embeddable":true,"href":"https:\/\/www.wingtaitape.com\/pt\/wp-json\/wp\/v2\/product_brand?post=2703"},{"taxonomy":"product_cat","embeddable":true,"href":"https:\/\/www.wingtaitape.com\/pt\/wp-json\/wp\/v2\/product_cat?post=2703"},{"taxonomy":"product_tag","embeddable":true,"href":"https:\/\/www.wingtaitape.com\/pt\/wp-json\/wp\/v2\/product_tag?post=2703"}],"curies":[{"name":"wp","href":"https:\/\/api.w.org\/{rel}","templated":true}]}}