{"id":2713,"date":"2023-08-26T07:39:27","date_gmt":"2023-08-26T07:39:27","guid":{"rendered":"https:\/\/www.wingtaitape.com\/?post_type=product&#038;p=2713"},"modified":"2023-12-10T22:00:10","modified_gmt":"2023-12-10T14:00:10","slug":"fita-de-embalagem-para-o-setor-de-alimentos","status":"publish","type":"product","link":"https:\/\/www.wingtaitape.com\/pt\/produto\/fita-de-embalagem-para-o-setor-de-alimentos\/","title":{"rendered":"Fita para embalagem de alimentos"},"content":{"rendered":"<p><iframe title=\"Reprodutor de v\u00eddeo do YouTube\" src=\"https:\/\/www.youtube.com\/embed\/9PZQcD-7VMI?si=EVeVm8lzmdz6YKfl\" width=\"560\" height=\"315\" frameborder=\"0\" allowfullscreen=\"allowfullscreen\"><\/iframe><\/p>\n<h4><span style=\"font-family: 'Open Sans';\">Principais recursos<\/span><\/h4>\n<ul>\n<li>O produto est\u00e1 em conformidade com a RoHS<\/li>\n<li>Sem odor vol\u00e1til;<\/li>\n<\/ul>\n<p>&nbsp;<\/p>\n<h4><span style=\"font-family: 'Open Sans';\">Aplicativo<\/span><\/h4>\n<ul>\n<li>Amplamente utilizado na embalagem de alimentos, produtos de sa\u00fade, medicamentos, equipamentos m\u00e9dicos, produtos sanit\u00e1rios e ind\u00fastrias de processamento de produtos agr\u00edcolas e secund\u00e1rios.<\/li>\n<\/ul>","protected":false},"excerpt":{"rendered":"<ul>\n<li>O produto est\u00e1 em conformidade com a RoHS<\/li>\n<li>Sem odor vol\u00e1til;<\/li>\n<\/ul>","protected":false},"featured_media":3146,"template":"","meta":{"slim_seo":{"title":"Fita para embalagem de alimentos - Fita adesiva Fabricante, fornecedor, exportador | WINGTAI","description":"O produto \u00e9 compat\u00edvel com RoHS N\u00e3o tem odor vol\u00e1til;"}},"product_brand":[],"product_cat":[52],"product_tag":[],"class_list":{"0":"post-2713","1":"product","2":"type-product","3":"status-publish","4":"has-post-thumbnail","6":"product_cat-packaging-tapes","8":"first","9":"instock","10":"featured","11":"shipping-taxable","12":"product-type-simple"},"_links":{"self":[{"href":"https:\/\/www.wingtaitape.com\/pt\/wp-json\/wp\/v2\/product\/2713","targetHints":{"allow":["GET"]}}],"collection":[{"href":"https:\/\/www.wingtaitape.com\/pt\/wp-json\/wp\/v2\/product"}],"about":[{"href":"https:\/\/www.wingtaitape.com\/pt\/wp-json\/wp\/v2\/types\/product"}],"wp:featuredmedia":[{"embeddable":true,"href":"https:\/\/www.wingtaitape.com\/pt\/wp-json\/wp\/v2\/media\/3146"}],"wp:attachment":[{"href":"https:\/\/www.wingtaitape.com\/pt\/wp-json\/wp\/v2\/media?parent=2713"}],"wp:term":[{"taxonomy":"product_brand","embeddable":true,"href":"https:\/\/www.wingtaitape.com\/pt\/wp-json\/wp\/v2\/product_brand?post=2713"},{"taxonomy":"product_cat","embeddable":true,"href":"https:\/\/www.wingtaitape.com\/pt\/wp-json\/wp\/v2\/product_cat?post=2713"},{"taxonomy":"product_tag","embeddable":true,"href":"https:\/\/www.wingtaitape.com\/pt\/wp-json\/wp\/v2\/product_tag?post=2713"}],"curies":[{"name":"wp","href":"https:\/\/api.w.org\/{rel}","templated":true}]}}