{"id":2718,"date":"2023-08-26T07:59:51","date_gmt":"2023-08-26T07:59:51","guid":{"rendered":"https:\/\/www.wingtaitape.com\/?post_type=product&#038;p=2718"},"modified":"2023-12-10T21:42:05","modified_gmt":"2023-12-10T13:42:05","slug":"fita-adesiva-transparente-para-escritorio","status":"publish","type":"product","link":"https:\/\/www.wingtaitape.com\/pt\/produto\/fita-adesiva-transparente-para-escritorio\/","title":{"rendered":"Fita adesiva brilhante transparente para todos os fins para escrit\u00f3rio, casa, escola"},"content":{"rendered":"<h4><span style=\"font-family: 'Open Sans';\">Principais recursos<\/span><\/h4>\n<ul>\n<li>A fita transparente e brilhante atende \u00e0s necessidades de aplica\u00e7\u00f5es vers\u00e1teis, com bom poder de fixa\u00e7\u00e3o e ader\u00eancia.<\/li>\n<li>\u00c9 segura para uso em fotos ou etiquetas e pode ser mantida por muito tempo. A fita transparente \u00e9 praticamente transparente ao contato e n\u00e3o cobre as palavras.<\/li>\n<li>Ecologicamente correto, em conformidade com as diretrizes RoHS e REACH da UE;<\/li>\n<\/ul>\n<p>&nbsp;<\/p>\n<h4><span style=\"font-family: 'Open Sans';\">Aplicativo<\/span><\/h4>\n<ul>\n<li>Para artesanato de estudantes, artigos de escrit\u00f3rio, presentes, alimentos, roupas e outras embalagens leves e pequenas.<\/li>\n<\/ul>","protected":false},"excerpt":{"rendered":"<ul>\n<li>A fita transparente e brilhante atende \u00e0s necessidades de aplica\u00e7\u00f5es vers\u00e1teis, com bom poder de fixa\u00e7\u00e3o e ader\u00eancia.<\/li>\n<li>\u00c9 segura para uso em fotos ou etiquetas e pode ser mantida por muito tempo. A fita transparente \u00e9 praticamente transparente ao contato e n\u00e3o cobre as palavras.<\/li>\n<li>Ecologicamente correto, em conformidade com as diretrizes RoHS e REACH da UE;<\/li>\n<\/ul>","protected":false},"featured_media":3110,"template":"","meta":{"slim_seo":{"title":"All-Purpose Transparent Glossy Tape for Office, Home, School - Fita adesiva Fabricante, fornecedor, exportador | WINGTAI","description":"A fita transparente e brilhante atende \u00e0s necessidades de aplica\u00e7\u00f5es vers\u00e1teis, com bom poder de fixa\u00e7\u00e3o e ader\u00eancia. \u00c9 segura para uso em fotos ou etiquetas e pode ser mantida por muito tempo. A fita transparente \u00e9 praticamente transparente ao contato e n\u00e3o cobre as palavras. Ecologicamente correta, em conformidade com as diretrizes RoHS e REACH da UE;"}},"product_brand":[],"product_cat":[51],"product_tag":[],"class_list":{"0":"post-2718","1":"product","2":"type-product","3":"status-publish","4":"has-post-thumbnail","6":"product_cat-office-tapes","8":"first","9":"instock","10":"shipping-taxable","11":"product-type-simple"},"_links":{"self":[{"href":"https:\/\/www.wingtaitape.com\/pt\/wp-json\/wp\/v2\/product\/2718","targetHints":{"allow":["GET"]}}],"collection":[{"href":"https:\/\/www.wingtaitape.com\/pt\/wp-json\/wp\/v2\/product"}],"about":[{"href":"https:\/\/www.wingtaitape.com\/pt\/wp-json\/wp\/v2\/types\/product"}],"wp:featuredmedia":[{"embeddable":true,"href":"https:\/\/www.wingtaitape.com\/pt\/wp-json\/wp\/v2\/media\/3110"}],"wp:attachment":[{"href":"https:\/\/www.wingtaitape.com\/pt\/wp-json\/wp\/v2\/media?parent=2718"}],"wp:term":[{"taxonomy":"product_brand","embeddable":true,"href":"https:\/\/www.wingtaitape.com\/pt\/wp-json\/wp\/v2\/product_brand?post=2718"},{"taxonomy":"product_cat","embeddable":true,"href":"https:\/\/www.wingtaitape.com\/pt\/wp-json\/wp\/v2\/product_cat?post=2718"},{"taxonomy":"product_tag","embeddable":true,"href":"https:\/\/www.wingtaitape.com\/pt\/wp-json\/wp\/v2\/product_tag?post=2718"}],"curies":[{"name":"wp","href":"https:\/\/api.w.org\/{rel}","templated":true}]}}