{"id":2720,"date":"2023-08-26T08:36:03","date_gmt":"2023-08-26T08:36:03","guid":{"rendered":"https:\/\/www.wingtaitape.com\/?post_type=product&#038;p=2720"},"modified":"2023-12-10T21:58:51","modified_gmt":"2023-12-10T13:58:51","slug":"fita-adesiva-para-papelaria-de-remocao-limpa","status":"publish","type":"product","link":"https:\/\/www.wingtaitape.com\/pt\/produto\/fita-adesiva-para-papelaria-de-remocao-limpa\/","title":{"rendered":"Fita de papelaria de remo\u00e7\u00e3o limpa"},"content":{"rendered":"<h4><span style=\"font-family: 'Open Sans';\">Principais recursos<\/span><\/h4>\n<ul>\n<li>Fita de remo\u00e7\u00e3o limpa formulada para trabalhos manuais, embrulho de presentes e trabalho de escrit\u00f3rio<\/li>\n<li>O suporte de polipropileno pode ser impresso de forma personalizada para uma exibi\u00e7\u00e3o atraente<\/li>\n<li>Segura com firmeza e \u00e9 removido de forma limpa sem danificar os gr\u00e1ficos da embalagem prim\u00e1ria<\/li>\n<\/ul>\n<p>&nbsp;<\/p>\n<h4><span style=\"font-family: 'Open Sans';\">Aplicativo<\/span><\/h4>\n<ul>\n<li>\u00c9 adequado para artigos de papelaria de escrit\u00f3rio dom\u00e9stico, alimentos e decora\u00e7\u00e3o para presentes, carros de casamento, lojas e locais festivos.<\/li>\n<\/ul>","protected":false},"excerpt":{"rendered":"<ul>\n<li>Fita de remo\u00e7\u00e3o limpa formulada para trabalhos manuais, embrulho de presentes e trabalho de escrit\u00f3rio<\/li>\n<li>O suporte de polipropileno pode ser impresso de forma personalizada para uma exibi\u00e7\u00e3o atraente<\/li>\n<li>Segura com firmeza e \u00e9 removido de forma limpa sem danificar os gr\u00e1ficos da embalagem prim\u00e1ria<\/li>\n<\/ul>","protected":false},"featured_media":3142,"template":"","meta":{"slim_seo":{"title":"Clean Removal Stationery Tape - Fita adesiva Fabricante, fornecedor, exportador | WINGTAI","description":"A fita transparente e brilhante atende \u00e0s necessidades de aplica\u00e7\u00f5es vers\u00e1teis, com bom poder de fixa\u00e7\u00e3o e ader\u00eancia. \u00c9 segura para uso em fotos ou etiquetas e pode ser mantida por muito tempo. A fita transparente \u00e9 praticamente transparente ao contato e n\u00e3o cobre as palavras. Ecologicamente correta, em conformidade com as diretrizes RoHS e REACH da UE;"}},"product_brand":[],"product_cat":[51],"product_tag":[],"class_list":{"0":"post-2720","1":"product","2":"type-product","3":"status-publish","4":"has-post-thumbnail","6":"product_cat-office-tapes","8":"first","9":"instock","10":"shipping-taxable","11":"product-type-simple"},"_links":{"self":[{"href":"https:\/\/www.wingtaitape.com\/pt\/wp-json\/wp\/v2\/product\/2720","targetHints":{"allow":["GET"]}}],"collection":[{"href":"https:\/\/www.wingtaitape.com\/pt\/wp-json\/wp\/v2\/product"}],"about":[{"href":"https:\/\/www.wingtaitape.com\/pt\/wp-json\/wp\/v2\/types\/product"}],"wp:featuredmedia":[{"embeddable":true,"href":"https:\/\/www.wingtaitape.com\/pt\/wp-json\/wp\/v2\/media\/3142"}],"wp:attachment":[{"href":"https:\/\/www.wingtaitape.com\/pt\/wp-json\/wp\/v2\/media?parent=2720"}],"wp:term":[{"taxonomy":"product_brand","embeddable":true,"href":"https:\/\/www.wingtaitape.com\/pt\/wp-json\/wp\/v2\/product_brand?post=2720"},{"taxonomy":"product_cat","embeddable":true,"href":"https:\/\/www.wingtaitape.com\/pt\/wp-json\/wp\/v2\/product_cat?post=2720"},{"taxonomy":"product_tag","embeddable":true,"href":"https:\/\/www.wingtaitape.com\/pt\/wp-json\/wp\/v2\/product_tag?post=2720"}],"curies":[{"name":"wp","href":"https:\/\/api.w.org\/{rel}","templated":true}]}}