{"id":2722,"date":"2023-08-26T11:24:50","date_gmt":"2023-08-26T11:24:50","guid":{"rendered":"https:\/\/www.wingtaitape.com\/?post_type=product&#038;p=2722"},"modified":"2025-04-12T14:59:59","modified_gmt":"2025-04-12T06:59:59","slug":"fita-adesiva-dupla-face-hot-melt","status":"publish","type":"product","link":"https:\/\/www.wingtaitape.com\/pt\/produto\/fita-adesiva-dupla-face-hot-melt\/","title":{"rendered":"Fita adesiva dupla face Hot Melt"},"content":{"rendered":"<p><iframe title=\"Reprodutor de v\u00eddeo do YouTube\" src=\"https:\/\/www.youtube.com\/embed\/e1e_aGcGLdU?si=K8DVpZa10_qcdZEn\" width=\"560\" height=\"315\" frameborder=\"0\" allowfullscreen=\"allowfullscreen\"><\/iframe><\/p>\n<h4><span style=\"font-family: 'Open Sans';\">Principais recursos<\/span><\/h4>\n<ul>\n<li>Prazo de validade de mais de 2 anos, e o desempenho \u00e9 superior ao da fita acr\u00edlica com solvente;<\/li>\n<li>Fita dupla face do tipo econ\u00f4mico Para juntas em geral.<\/li>\n<li>Bom equil\u00edbrio entre tack inicial, ades\u00e3o ao descascamento e poder de reten\u00e7\u00e3o.<\/li>\n<\/ul>\n<p>&nbsp;<\/p>\n<h4><span style=\"font-family: 'Open Sans';\">Aplicativo<\/span><\/h4>\n<ul>\n<li>A fita adesiva dupla face Hot Melt \u00e9 adequada para artesanato DIY, papel de escrit\u00f3rio, caixas de papel\u00e3o e objetos em geral, para ser facilmente colada e fixada.<\/li>\n<\/ul>\n<p><img fetchpriority=\"high\" decoding=\"async\" class=\"alignnone size-full wp-image-6331\" src=\"https:\/\/www.wingtaitape.com\/wp-content\/uploads\/2023\/08\/Double-side-tape-d-00.jpg\" alt=\"Fita dupla face\" width=\"800\" height=\"800\" srcset=\"https:\/\/www.wingtaitape.com\/wp-content\/uploads\/2023\/08\/Double-side-tape-d-00.jpg 800w, https:\/\/www.wingtaitape.com\/wp-content\/uploads\/2023\/08\/Double-side-tape-d-00-600x600.jpg 600w, https:\/\/www.wingtaitape.com\/wp-content\/uploads\/2023\/08\/Double-side-tape-d-00-150x150.jpg 150w, https:\/\/www.wingtaitape.com\/wp-content\/uploads\/2023\/08\/Double-side-tape-d-00-768x768.jpg 768w, https:\/\/www.wingtaitape.com\/wp-content\/uploads\/2023\/08\/Double-side-tape-d-00-12x12.jpg 12w, https:\/\/www.wingtaitape.com\/wp-content\/uploads\/2023\/08\/Double-side-tape-d-00-100x100.jpg 100w\" sizes=\"(max-width: 800px) 100vw, 800px\" \/> <img decoding=\"async\" class=\"alignnone size-full wp-image-6332\" src=\"https:\/\/www.wingtaitape.com\/wp-content\/uploads\/2023\/08\/Double-side-tape-d-01.jpg\" alt=\"Fita dupla face\" width=\"1000\" height=\"1411\" srcset=\"https:\/\/www.wingtaitape.com\/wp-content\/uploads\/2023\/08\/Double-side-tape-d-01.jpg 1000w, https:\/\/www.wingtaitape.com\/wp-content\/uploads\/2023\/08\/Double-side-tape-d-01-425x600.jpg 425w, https:\/\/www.wingtaitape.com\/wp-content\/uploads\/2023\/08\/Double-side-tape-d-01-726x1024.jpg 726w, https:\/\/www.wingtaitape.com\/wp-content\/uploads\/2023\/08\/Double-side-tape-d-01-768x1084.jpg 768w, https:\/\/www.wingtaitape.com\/wp-content\/uploads\/2023\/08\/Double-side-tape-d-01-9x12.jpg 9w, https:\/\/www.wingtaitape.com\/wp-content\/uploads\/2023\/08\/Double-side-tape-d-01-800x1129.jpg 800w, https:\/\/www.wingtaitape.com\/wp-content\/uploads\/2023\/08\/Double-side-tape-d-01-600x847.jpg 600w\" sizes=\"(max-width: 1000px) 100vw, 1000px\" \/> <img decoding=\"async\" class=\"alignnone size-full wp-image-6333\" src=\"https:\/\/www.wingtaitape.com\/wp-content\/uploads\/2023\/08\/Double-side-tape-d-02.jpg\" alt=\"Fita dupla face\" width=\"1000\" height=\"1411\" srcset=\"https:\/\/www.wingtaitape.com\/wp-content\/uploads\/2023\/08\/Double-side-tape-d-02.jpg 1000w, https:\/\/www.wingtaitape.com\/wp-content\/uploads\/2023\/08\/Double-side-tape-d-02-425x600.jpg 425w, https:\/\/www.wingtaitape.com\/wp-content\/uploads\/2023\/08\/Double-side-tape-d-02-726x1024.jpg 726w, https:\/\/www.wingtaitape.com\/wp-content\/uploads\/2023\/08\/Double-side-tape-d-02-768x1084.jpg 768w, https:\/\/www.wingtaitape.com\/wp-content\/uploads\/2023\/08\/Double-side-tape-d-02-9x12.jpg 9w, https:\/\/www.wingtaitape.com\/wp-content\/uploads\/2023\/08\/Double-side-tape-d-02-800x1129.jpg 800w, https:\/\/www.wingtaitape.com\/wp-content\/uploads\/2023\/08\/Double-side-tape-d-02-600x847.jpg 600w\" sizes=\"(max-width: 1000px) 100vw, 1000px\" \/> <img loading=\"lazy\" decoding=\"async\" class=\"alignnone size-full wp-image-6334\" src=\"https:\/\/www.wingtaitape.com\/wp-content\/uploads\/2023\/08\/Double-side-tape-d-03.jpg\" alt=\"Fita dupla face\" width=\"1000\" height=\"1072\" srcset=\"https:\/\/www.wingtaitape.com\/wp-content\/uploads\/2023\/08\/Double-side-tape-d-03.jpg 1000w, https:\/\/www.wingtaitape.com\/wp-content\/uploads\/2023\/08\/Double-side-tape-d-03-560x600.jpg 560w, https:\/\/www.wingtaitape.com\/wp-content\/uploads\/2023\/08\/Double-side-tape-d-03-955x1024.jpg 955w, https:\/\/www.wingtaitape.com\/wp-content\/uploads\/2023\/08\/Double-side-tape-d-03-768x823.jpg 768w, https:\/\/www.wingtaitape.com\/wp-content\/uploads\/2023\/08\/Double-side-tape-d-03-11x12.jpg 11w, https:\/\/www.wingtaitape.com\/wp-content\/uploads\/2023\/08\/Double-side-tape-d-03-800x858.jpg 800w, https:\/\/www.wingtaitape.com\/wp-content\/uploads\/2023\/08\/Double-side-tape-d-03-600x643.jpg 600w\" sizes=\"(max-width: 1000px) 100vw, 1000px\" \/> <img loading=\"lazy\" decoding=\"async\" class=\"alignnone size-full wp-image-6335\" src=\"https:\/\/www.wingtaitape.com\/wp-content\/uploads\/2023\/08\/Double-side-tape-d-04.jpg\" alt=\"Fita dupla face\" width=\"1000\" height=\"1191\" srcset=\"https:\/\/www.wingtaitape.com\/wp-content\/uploads\/2023\/08\/Double-side-tape-d-04.jpg 1000w, https:\/\/www.wingtaitape.com\/wp-content\/uploads\/2023\/08\/Double-side-tape-d-04-504x600.jpg 504w, https:\/\/www.wingtaitape.com\/wp-content\/uploads\/2023\/08\/Double-side-tape-d-04-860x1024.jpg 860w, https:\/\/www.wingtaitape.com\/wp-content\/uploads\/2023\/08\/Double-side-tape-d-04-768x915.jpg 768w, https:\/\/www.wingtaitape.com\/wp-content\/uploads\/2023\/08\/Double-side-tape-d-04-10x12.jpg 10w, https:\/\/www.wingtaitape.com\/wp-content\/uploads\/2023\/08\/Double-side-tape-d-04-800x953.jpg 800w, https:\/\/www.wingtaitape.com\/wp-content\/uploads\/2023\/08\/Double-side-tape-d-04-600x715.jpg 600w\" sizes=\"(max-width: 1000px) 100vw, 1000px\" \/> <img loading=\"lazy\" decoding=\"async\" class=\"alignnone size-full wp-image-6336\" src=\"https:\/\/www.wingtaitape.com\/wp-content\/uploads\/2023\/08\/Double-side-tape-d-05.jpg\" alt=\"Fita dupla face\" width=\"1016\" height=\"1119\" srcset=\"https:\/\/www.wingtaitape.com\/wp-content\/uploads\/2023\/08\/Double-side-tape-d-05.jpg 1016w, https:\/\/www.wingtaitape.com\/wp-content\/uploads\/2023\/08\/Double-side-tape-d-05-545x600.jpg 545w, https:\/\/www.wingtaitape.com\/wp-content\/uploads\/2023\/08\/Double-side-tape-d-05-930x1024.jpg 930w, https:\/\/www.wingtaitape.com\/wp-content\/uploads\/2023\/08\/Double-side-tape-d-05-768x846.jpg 768w, https:\/\/www.wingtaitape.com\/wp-content\/uploads\/2023\/08\/Double-side-tape-d-05-11x12.jpg 11w, https:\/\/www.wingtaitape.com\/wp-content\/uploads\/2023\/08\/Double-side-tape-d-05-800x881.jpg 800w, https:\/\/www.wingtaitape.com\/wp-content\/uploads\/2023\/08\/Double-side-tape-d-05-600x661.jpg 600w\" sizes=\"(max-width: 1016px) 100vw, 1016px\" \/> <img loading=\"lazy\" decoding=\"async\" class=\"alignnone size-full wp-image-6337\" src=\"https:\/\/www.wingtaitape.com\/wp-content\/uploads\/2023\/08\/Double-side-tape-d-06.jpg\" alt=\"Fita dupla face\" width=\"1016\" height=\"996\" srcset=\"https:\/\/www.wingtaitape.com\/wp-content\/uploads\/2023\/08\/Double-side-tape-d-06.jpg 1016w, https:\/\/www.wingtaitape.com\/wp-content\/uploads\/2023\/08\/Double-side-tape-d-06-600x588.jpg 600w, https:\/\/www.wingtaitape.com\/wp-content\/uploads\/2023\/08\/Double-side-tape-d-06-768x753.jpg 768w, https:\/\/www.wingtaitape.com\/wp-content\/uploads\/2023\/08\/Double-side-tape-d-06-12x12.jpg 12w, https:\/\/www.wingtaitape.com\/wp-content\/uploads\/2023\/08\/Double-side-tape-d-06-800x784.jpg 800w\" sizes=\"(max-width: 1016px) 100vw, 1016px\" \/> <img loading=\"lazy\" decoding=\"async\" class=\"alignnone size-full wp-image-6338\" src=\"https:\/\/www.wingtaitape.com\/wp-content\/uploads\/2023\/08\/Double-side-tape-d-07.jpg\" alt=\"Fita dupla face\" width=\"1016\" height=\"1559\" srcset=\"https:\/\/www.wingtaitape.com\/wp-content\/uploads\/2023\/08\/Double-side-tape-d-07.jpg 1016w, https:\/\/www.wingtaitape.com\/wp-content\/uploads\/2023\/08\/Double-side-tape-d-07-391x600.jpg 391w, https:\/\/www.wingtaitape.com\/wp-content\/uploads\/2023\/08\/Double-side-tape-d-07-667x1024.jpg 667w, https:\/\/www.wingtaitape.com\/wp-content\/uploads\/2023\/08\/Double-side-tape-d-07-768x1178.jpg 768w, https:\/\/www.wingtaitape.com\/wp-content\/uploads\/2023\/08\/Double-side-tape-d-07-1001x1536.jpg 1001w, https:\/\/www.wingtaitape.com\/wp-content\/uploads\/2023\/08\/Double-side-tape-d-07-8x12.jpg 8w, https:\/\/www.wingtaitape.com\/wp-content\/uploads\/2023\/08\/Double-side-tape-d-07-800x1228.jpg 800w, https:\/\/www.wingtaitape.com\/wp-content\/uploads\/2023\/08\/Double-side-tape-d-07-600x921.jpg 600w\" sizes=\"(max-width: 1016px) 100vw, 1016px\" \/> <img loading=\"lazy\" decoding=\"async\" class=\"alignnone size-full wp-image-6339\" src=\"https:\/\/www.wingtaitape.com\/wp-content\/uploads\/2023\/08\/Double-side-tape-d-08.jpg\" alt=\"Fita dupla face\" width=\"1016\" height=\"1668\" srcset=\"https:\/\/www.wingtaitape.com\/wp-content\/uploads\/2023\/08\/Double-side-tape-d-08.jpg 1016w, https:\/\/www.wingtaitape.com\/wp-content\/uploads\/2023\/08\/Double-side-tape-d-08-365x600.jpg 365w, https:\/\/www.wingtaitape.com\/wp-content\/uploads\/2023\/08\/Double-side-tape-d-08-624x1024.jpg 624w, https:\/\/www.wingtaitape.com\/wp-content\/uploads\/2023\/08\/Double-side-tape-d-08-768x1261.jpg 768w, https:\/\/www.wingtaitape.com\/wp-content\/uploads\/2023\/08\/Double-side-tape-d-08-936x1536.jpg 936w, https:\/\/www.wingtaitape.com\/wp-content\/uploads\/2023\/08\/Double-side-tape-d-08-7x12.jpg 7w, https:\/\/www.wingtaitape.com\/wp-content\/uploads\/2023\/08\/Double-side-tape-d-08-800x1313.jpg 800w, https:\/\/www.wingtaitape.com\/wp-content\/uploads\/2023\/08\/Double-side-tape-d-08-600x985.jpg 600w\" sizes=\"(max-width: 1016px) 100vw, 1016px\" \/><\/p>","protected":false},"excerpt":{"rendered":"<ul>\n<li>Prazo de validade de mais de 2 anos, e o desempenho \u00e9 superior ao da fita acr\u00edlica com solvente;<\/li>\n<li>Fita dupla face do tipo econ\u00f4mico Para juntas em geral.<\/li>\n<li>Bom equil\u00edbrio entre tack inicial, ades\u00e3o ao descascamento e poder de reten\u00e7\u00e3o.<\/li>\n<\/ul>","protected":false},"featured_media":3140,"template":"","meta":{"slim_seo":{"title":"Hot Melt Double Sided Sticky Tape - Fita adesiva Fabricante, fornecedor, exportador | WINGTAI","description":"Prazo de validade de mais de 2 anos, e o desempenho \u00e9 superior ao da fita acr\u00edlica com solvente; fita dupla face do tipo econ\u00f4mico Para juntas em geral. Bom equil\u00edbrio entre ader\u00eancia inicial, ades\u00e3o ao descolamento e poder de reten\u00e7\u00e3o."}},"product_brand":[],"product_cat":[35],"product_tag":[],"class_list":{"0":"post-2722","1":"product","2":"type-product","3":"status-publish","4":"has-post-thumbnail","6":"product_cat-double-coated-tapes","8":"first","9":"instock","10":"featured","11":"shipping-taxable","12":"product-type-simple"},"_links":{"self":[{"href":"https:\/\/www.wingtaitape.com\/pt\/wp-json\/wp\/v2\/product\/2722","targetHints":{"allow":["GET"]}}],"collection":[{"href":"https:\/\/www.wingtaitape.com\/pt\/wp-json\/wp\/v2\/product"}],"about":[{"href":"https:\/\/www.wingtaitape.com\/pt\/wp-json\/wp\/v2\/types\/product"}],"wp:featuredmedia":[{"embeddable":true,"href":"https:\/\/www.wingtaitape.com\/pt\/wp-json\/wp\/v2\/media\/3140"}],"wp:attachment":[{"href":"https:\/\/www.wingtaitape.com\/pt\/wp-json\/wp\/v2\/media?parent=2722"}],"wp:term":[{"taxonomy":"product_brand","embeddable":true,"href":"https:\/\/www.wingtaitape.com\/pt\/wp-json\/wp\/v2\/product_brand?post=2722"},{"taxonomy":"product_cat","embeddable":true,"href":"https:\/\/www.wingtaitape.com\/pt\/wp-json\/wp\/v2\/product_cat?post=2722"},{"taxonomy":"product_tag","embeddable":true,"href":"https:\/\/www.wingtaitape.com\/pt\/wp-json\/wp\/v2\/product_tag?post=2722"}],"curies":[{"name":"wp","href":"https:\/\/api.w.org\/{rel}","templated":true}]}}