{"id":2724,"date":"2023-08-26T11:31:07","date_gmt":"2023-08-26T11:31:07","guid":{"rendered":"https:\/\/www.wingtaitape.com\/?post_type=product&#038;p=2724"},"modified":"2025-04-12T14:54:43","modified_gmt":"2025-04-12T06:54:43","slug":"fita-adesiva-de-2-lados-a-base-de-solvente","status":"publish","type":"product","link":"https:\/\/www.wingtaitape.com\/pt\/produto\/fita-adesiva-de-2-lados-a-base-de-solvente\/","title":{"rendered":"Fita adesiva de 2 faces \u00e0 base de solvente"},"content":{"rendered":"<p><iframe width=\"560\" height=\"315\" src=\"https:\/\/www.youtube.com\/embed\/e1e_aGcGLdU?si=K8DVpZa10_qcdZEn\" title=\"Reprodutor de v\u00eddeo do YouTube\" frameborder=\"0\" allow=\"accelerometer; autoplay; clipboard-write; encrypted-media; gyroscope; picture-in-picture; web-share\" referrerpolicy=\"strict-origin-when-cross-origin\" allowfullscreen><\/iframe><\/p>\n<h4><span style=\"font-family: 'Open Sans';\">Principais recursos<\/span><\/h4>\n<ul>\n<li><strong>Adesivo dupla face<\/strong>: Projetada como fita de dois lados para uma colagem segura em ambas as extremidades.<\/li>\n<li><strong>Aplica\u00e7\u00e3o sem bagun\u00e7a<\/strong>: Oferece uma alternativa limpa e conveniente \u00e0 cola suja.<\/li>\n<li><strong>Sem emendas vis\u00edveis<\/strong>: Proporciona uma fixa\u00e7\u00e3o invis\u00edvel, ideal para aplica\u00e7\u00f5es discretas.<\/li>\n<li><strong>Aplica\u00e7\u00e3o suave<\/strong>: Desliza suavemente para fora do rolo, permitindo a f\u00e1cil personaliza\u00e7\u00e3o dos comprimentos.<\/li>\n<li><strong>Reten\u00e7\u00e3o segura<\/strong>: Garante uma ader\u00eancia confi\u00e1vel, mantendo os itens no lugar com efici\u00eancia.<\/li>\n<li><strong>Foto segura<\/strong>: Adequado para fotos e materiais delicados, tornando-o seguro para uso.<\/li>\n<li><strong>Ecologicamente correto<\/strong>: Fabricado com a sustentabilidade em mente, contribuindo para uma escolha ecologicamente correta.<\/li>\n<li><strong>Conformidade com REACH e RoHS<\/strong>: Atende aos padr\u00f5es europeus de seguran\u00e7a e normas ambientais.<\/li>\n<\/ul>\n<p>&nbsp;<\/p>\n<h4><span style=\"font-family: 'Open Sans';\">Aplicativo<\/span><\/h4>\n<ul>\n<li><strong>Artesanato e criatividade<\/strong>: Uma op\u00e7\u00e3o vers\u00e1til para criar apresenta\u00e7\u00f5es, trabalhos manuais e projetos de bricolagem em casa e na escola.<\/li>\n<li><strong>Acabamento limpo e profissional<\/strong>: Oferece um resultado polido, superando as aplica\u00e7\u00f5es tradicionais de cola.<\/li>\n<li><strong>Liga\u00e7\u00e3o invis\u00edvel<\/strong>: Perfeito para cen\u00e1rios que exigem ader\u00eancia oculta.<\/li>\n<li><strong>Uso multifuncional<\/strong>: Ideal para necessidades discretas de colagem em v\u00e1rias tarefas.<\/li>\n<li><strong>Corte eficiente<\/strong>: Pode ser facilmente adaptado para atender aos requisitos espec\u00edficos do projeto.<\/li>\n<li><strong>Armazenamento conveniente<\/strong>: Equipado com um dispensador para f\u00e1cil acesso e armazenamento organizado.<\/li>\n<li><strong>Configura\u00e7\u00f5es vers\u00e1teis<\/strong>: Adequado para apresenta\u00e7\u00f5es profissionais, projetos escolares e artesanato dom\u00e9stico.<\/li>\n<\/ul>","protected":false},"excerpt":{"rendered":"<ul>\n<li><strong>Adesivo dupla face<\/strong>: Projetada como fita de dois lados para uma colagem segura em ambas as extremidades.<\/li>\n<li><strong>Aplica\u00e7\u00e3o sem bagun\u00e7a<\/strong>: Oferece uma alternativa limpa e conveniente \u00e0 cola suja.<\/li>\n<li><strong>Sem emendas vis\u00edveis<\/strong>: Proporciona uma fixa\u00e7\u00e3o invis\u00edvel, ideal para aplica\u00e7\u00f5es discretas.<\/li>\n<li><strong>Aplica\u00e7\u00e3o suave<\/strong>: Desliza suavemente para fora do rolo, permitindo a f\u00e1cil personaliza\u00e7\u00e3o dos comprimentos.<\/li>\n<li><strong>Reten\u00e7\u00e3o segura<\/strong>: Garante uma ader\u00eancia confi\u00e1vel, mantendo os itens no lugar com efici\u00eancia.<\/li>\n<li><strong>Foto segura<\/strong>: Adequado para fotos e materiais delicados, tornando-o seguro para uso.<\/li>\n<li><strong>Ecologicamente correto<\/strong>: Fabricado com a sustentabilidade em mente, contribuindo para uma escolha ecologicamente correta.<\/li>\n<li><strong>Conformidade com REACH e RoHS<\/strong>: Atende aos padr\u00f5es europeus de seguran\u00e7a e normas ambientais.<\/li>\n<\/ul>","protected":false},"featured_media":3123,"template":"","meta":{"slim_seo":{"title":"Fita adesiva de 2 faces \u00e0 base de solvente - Fita adesiva Fabricante, fornecedor, exportador | WINGTAI","description":"Descubra a vers\u00e1til fita dupla face para uma colagem limpa, forte e discreta. Ideal para trabalhos manuais, apresenta\u00e7\u00f5es e muito mais."}},"product_brand":[],"product_cat":[35],"product_tag":[],"class_list":{"0":"post-2724","1":"product","2":"type-product","3":"status-publish","4":"has-post-thumbnail","6":"product_cat-double-coated-tapes","8":"first","9":"instock","10":"shipping-taxable","11":"product-type-simple"},"_links":{"self":[{"href":"https:\/\/www.wingtaitape.com\/pt\/wp-json\/wp\/v2\/product\/2724","targetHints":{"allow":["GET"]}}],"collection":[{"href":"https:\/\/www.wingtaitape.com\/pt\/wp-json\/wp\/v2\/product"}],"about":[{"href":"https:\/\/www.wingtaitape.com\/pt\/wp-json\/wp\/v2\/types\/product"}],"wp:featuredmedia":[{"embeddable":true,"href":"https:\/\/www.wingtaitape.com\/pt\/wp-json\/wp\/v2\/media\/3123"}],"wp:attachment":[{"href":"https:\/\/www.wingtaitape.com\/pt\/wp-json\/wp\/v2\/media?parent=2724"}],"wp:term":[{"taxonomy":"product_brand","embeddable":true,"href":"https:\/\/www.wingtaitape.com\/pt\/wp-json\/wp\/v2\/product_brand?post=2724"},{"taxonomy":"product_cat","embeddable":true,"href":"https:\/\/www.wingtaitape.com\/pt\/wp-json\/wp\/v2\/product_cat?post=2724"},{"taxonomy":"product_tag","embeddable":true,"href":"https:\/\/www.wingtaitape.com\/pt\/wp-json\/wp\/v2\/product_tag?post=2724"}],"curies":[{"name":"wp","href":"https:\/\/api.w.org\/{rel}","templated":true}]}}