{"id":2727,"date":"2023-08-26T11:43:34","date_gmt":"2023-08-26T11:43:34","guid":{"rendered":"https:\/\/www.wingtaitape.com\/?post_type=product&#038;p=2727"},"modified":"2025-04-13T14:58:17","modified_gmt":"2025-04-13T06:58:17","slug":"nanotape","status":"publish","type":"product","link":"https:\/\/www.wingtaitape.com\/pt\/produto\/nanotape\/","title":{"rendered":"NanoTape - Fita adesiva forte de dupla face"},"content":{"rendered":"<p><iframe title=\"Reprodutor de v\u00eddeo do YouTube\" src=\"https:\/\/www.youtube.com\/embed\/elug2_17zR0?si=80yzWRD3mN926ONO\" width=\"560\" height=\"315\" frameborder=\"0\" allowfullscreen=\"allowfullscreen\"><\/iframe><\/p>\n<h4><span style=\"font-family: 'Open Sans';\">Principais recursos<\/span><\/h4>\n<ul>\n<li><strong>Material de espuma acr\u00edlica avan\u00e7ada<\/strong>: Utiliza o mais recente material de gel acr\u00edlico de nano-tecnologia para resist\u00eancia e durabilidade excepcionais.<\/li>\n<li><strong>Resistente e duradouro<\/strong>: Oferece uma empunhadura poderosa, capaz de segurar itens por um per\u00edodo prolongado.<\/li>\n<li><strong>Sem rastros e sem res\u00edduos<\/strong>: Remov\u00edvel sem deixar marcas ou res\u00edduos.<\/li>\n<li><strong>Tamanho vers\u00e1til<\/strong>: Pode ser facilmente cortado e personalizado nos comprimentos desejados.<\/li>\n<li><strong>\u00c0 prova de intemp\u00e9ries<\/strong>: Adequado para uso interno e externo, n\u00e3o \u00e9 afetado pelas condi\u00e7\u00f5es clim\u00e1ticas.<\/li>\n<li><strong>Reutiliz\u00e1vel<\/strong>: Pode ser lavado e restaurado para uso repetido.<\/li>\n<li><strong>Alta ades\u00e3o<\/strong>: Oferece resist\u00eancia adesiva superior para uma montagem confi\u00e1vel.<\/li>\n<\/ul>\n<h4><span style=\"font-family: 'Open Sans';\">Aplicativo<\/span><\/h4>\n<ul>\n<li><strong>Decora\u00e7\u00e3o e organiza\u00e7\u00e3o da casa<\/strong>: Ideal para pendurar porta-retratos, decora\u00e7\u00f5es e outros itens sem a necessidade de furar.<\/li>\n<li><strong>Montagem em v\u00e1rias superf\u00edcies<\/strong>: Adere a uma ampla variedade de superf\u00edcies, como m\u00e1rmore, azulejos, vidro, metal, madeira e muito mais.<\/li>\n<li><strong>Uso criativo<\/strong>: Pode ser usado para fixar capas de cabos, tapetes, decora\u00e7\u00f5es de festas e muito mais.<\/li>\n<li><strong>Solu\u00e7\u00e3o sem danos<\/strong>: Perfeito para montagem tempor\u00e1ria em superf\u00edcies lisas.<\/li>\n<li><strong>F\u00e1cil instala\u00e7\u00e3o<\/strong>: Passos simples garantem uma ades\u00e3o firme para resultados duradouros.<\/li>\n<li><strong>Uso em ambientes internos e externos<\/strong>: Adequado para aplica\u00e7\u00f5es internas e externas.<\/li>\n<li><strong>Projetos DIY<\/strong>: Excelente para v\u00e1rios projetos em resid\u00eancias, escrit\u00f3rios, carros e muito mais.<\/li>\n<li><strong>Liga\u00e7\u00e3o instant\u00e2nea<\/strong>: Oferece montagem imediata sem exigir tempo de cura ou secagem.<\/li>\n<li><strong>Fixa\u00e7\u00e3o segura<\/strong>: Ideal para pendurar fotos, prateleiras, aparelhos e muito mais com um aperto firme.<\/li>\n<\/ul>\n<p><img fetchpriority=\"high\" decoding=\"async\" class=\"alignnone size-full wp-image-6398\" src=\"https:\/\/www.wingtaitape.com\/wp-content\/uploads\/2023\/08\/nano-tape-5.jpg\" alt=\"Fita dupla face Nano\" width=\"1500\" height=\"1500\" srcset=\"https:\/\/www.wingtaitape.com\/wp-content\/uploads\/2023\/08\/nano-tape-5.jpg 1500w, https:\/\/www.wingtaitape.com\/wp-content\/uploads\/2023\/08\/nano-tape-5-600x600.jpg 600w, https:\/\/www.wingtaitape.com\/wp-content\/uploads\/2023\/08\/nano-tape-5-1024x1024.jpg 1024w, https:\/\/www.wingtaitape.com\/wp-content\/uploads\/2023\/08\/nano-tape-5-150x150.jpg 150w, https:\/\/www.wingtaitape.com\/wp-content\/uploads\/2023\/08\/nano-tape-5-768x768.jpg 768w, https:\/\/www.wingtaitape.com\/wp-content\/uploads\/2023\/08\/nano-tape-5-12x12.jpg 12w, https:\/\/www.wingtaitape.com\/wp-content\/uploads\/2023\/08\/nano-tape-5-800x800.jpg 800w, https:\/\/www.wingtaitape.com\/wp-content\/uploads\/2023\/08\/nano-tape-5-100x100.jpg 100w\" sizes=\"(max-width: 1500px) 100vw, 1500px\" \/> <img decoding=\"async\" class=\"alignnone size-full wp-image-6394\" src=\"https:\/\/www.wingtaitape.com\/wp-content\/uploads\/2023\/08\/nano-tape-1.jpg\" alt=\"Fita dupla face Nano\" width=\"1500\" height=\"1500\" srcset=\"https:\/\/www.wingtaitape.com\/wp-content\/uploads\/2023\/08\/nano-tape-1.jpg 1500w, https:\/\/www.wingtaitape.com\/wp-content\/uploads\/2023\/08\/nano-tape-1-600x600.jpg 600w, https:\/\/www.wingtaitape.com\/wp-content\/uploads\/2023\/08\/nano-tape-1-1024x1024.jpg 1024w, https:\/\/www.wingtaitape.com\/wp-content\/uploads\/2023\/08\/nano-tape-1-150x150.jpg 150w, https:\/\/www.wingtaitape.com\/wp-content\/uploads\/2023\/08\/nano-tape-1-768x768.jpg 768w, https:\/\/www.wingtaitape.com\/wp-content\/uploads\/2023\/08\/nano-tape-1-12x12.jpg 12w, https:\/\/www.wingtaitape.com\/wp-content\/uploads\/2023\/08\/nano-tape-1-800x800.jpg 800w, https:\/\/www.wingtaitape.com\/wp-content\/uploads\/2023\/08\/nano-tape-1-100x100.jpg 100w\" sizes=\"(max-width: 1500px) 100vw, 1500px\" \/> <img decoding=\"async\" class=\"alignnone size-full wp-image-6395\" src=\"https:\/\/www.wingtaitape.com\/wp-content\/uploads\/2023\/08\/nano-tape-2.jpg\" alt=\"Fita dupla face Nano\" width=\"1500\" height=\"1500\" srcset=\"https:\/\/www.wingtaitape.com\/wp-content\/uploads\/2023\/08\/nano-tape-2.jpg 1500w, https:\/\/www.wingtaitape.com\/wp-content\/uploads\/2023\/08\/nano-tape-2-600x600.jpg 600w, https:\/\/www.wingtaitape.com\/wp-content\/uploads\/2023\/08\/nano-tape-2-1024x1024.jpg 1024w, https:\/\/www.wingtaitape.com\/wp-content\/uploads\/2023\/08\/nano-tape-2-150x150.jpg 150w, https:\/\/www.wingtaitape.com\/wp-content\/uploads\/2023\/08\/nano-tape-2-768x768.jpg 768w, https:\/\/www.wingtaitape.com\/wp-content\/uploads\/2023\/08\/nano-tape-2-12x12.jpg 12w, https:\/\/www.wingtaitape.com\/wp-content\/uploads\/2023\/08\/nano-tape-2-800x800.jpg 800w, https:\/\/www.wingtaitape.com\/wp-content\/uploads\/2023\/08\/nano-tape-2-100x100.jpg 100w\" sizes=\"(max-width: 1500px) 100vw, 1500px\" \/> <img loading=\"lazy\" decoding=\"async\" class=\"alignnone size-full wp-image-6396\" src=\"https:\/\/www.wingtaitape.com\/wp-content\/uploads\/2023\/08\/nano-tape-3.jpg\" alt=\"Fita dupla face Nano\" width=\"1500\" height=\"1500\" srcset=\"https:\/\/www.wingtaitape.com\/wp-content\/uploads\/2023\/08\/nano-tape-3.jpg 1500w, https:\/\/www.wingtaitape.com\/wp-content\/uploads\/2023\/08\/nano-tape-3-600x600.jpg 600w, https:\/\/www.wingtaitape.com\/wp-content\/uploads\/2023\/08\/nano-tape-3-1024x1024.jpg 1024w, https:\/\/www.wingtaitape.com\/wp-content\/uploads\/2023\/08\/nano-tape-3-150x150.jpg 150w, https:\/\/www.wingtaitape.com\/wp-content\/uploads\/2023\/08\/nano-tape-3-768x768.jpg 768w, https:\/\/www.wingtaitape.com\/wp-content\/uploads\/2023\/08\/nano-tape-3-12x12.jpg 12w, https:\/\/www.wingtaitape.com\/wp-content\/uploads\/2023\/08\/nano-tape-3-800x800.jpg 800w, https:\/\/www.wingtaitape.com\/wp-content\/uploads\/2023\/08\/nano-tape-3-100x100.jpg 100w\" sizes=\"(max-width: 1500px) 100vw, 1500px\" \/> <img loading=\"lazy\" decoding=\"async\" class=\"alignnone size-full wp-image-6397\" src=\"https:\/\/www.wingtaitape.com\/wp-content\/uploads\/2023\/08\/nano-tape-4.jpg\" alt=\"Fita dupla face Nano\" width=\"1500\" height=\"1500\" srcset=\"https:\/\/www.wingtaitape.com\/wp-content\/uploads\/2023\/08\/nano-tape-4.jpg 1500w, https:\/\/www.wingtaitape.com\/wp-content\/uploads\/2023\/08\/nano-tape-4-600x600.jpg 600w, https:\/\/www.wingtaitape.com\/wp-content\/uploads\/2023\/08\/nano-tape-4-1024x1024.jpg 1024w, https:\/\/www.wingtaitape.com\/wp-content\/uploads\/2023\/08\/nano-tape-4-150x150.jpg 150w, https:\/\/www.wingtaitape.com\/wp-content\/uploads\/2023\/08\/nano-tape-4-768x768.jpg 768w, https:\/\/www.wingtaitape.com\/wp-content\/uploads\/2023\/08\/nano-tape-4-12x12.jpg 12w, https:\/\/www.wingtaitape.com\/wp-content\/uploads\/2023\/08\/nano-tape-4-800x800.jpg 800w, https:\/\/www.wingtaitape.com\/wp-content\/uploads\/2023\/08\/nano-tape-4-100x100.jpg 100w\" sizes=\"(max-width: 1500px) 100vw, 1500px\" \/><\/p>","protected":false},"excerpt":{"rendered":"<ul>\n<li>Cole, remova e reutilize sem esfor\u00e7o com o NanoTape.<\/li>\n<li>Fabricada com gel acr\u00edlico avan\u00e7ado, essa fita \u00e9 vers\u00e1til e n\u00e3o deixa rastros. Perfeita para uso em casa, no escrit\u00f3rio ou no carro.<\/li>\n<\/ul>","protected":false},"featured_media":3138,"template":"","meta":{"slim_seo":{"title":"NanoTape - Fita adesiva dupla face forte - Fita adesiva Fabricante, fornecedor, exportador | WINGTAI","description":"NanoTape: Cole, remova e reutilize com facilidade. Vers\u00e1til para casa, escrit\u00f3rio e muito mais. Diga adeus aos res\u00edduos e experimente uma montagem sem complica\u00e7\u00f5es!"}},"product_brand":[],"product_cat":[30,35,41],"product_tag":[],"class_list":{"0":"post-2727","1":"product","2":"type-product","3":"status-publish","4":"has-post-thumbnail","6":"product_cat-acrylic-foam-tape","7":"product_cat-double-coated-tapes","8":"product_cat-foam-tapes","10":"first","11":"instock","12":"shipping-taxable","13":"product-type-simple"},"_links":{"self":[{"href":"https:\/\/www.wingtaitape.com\/pt\/wp-json\/wp\/v2\/product\/2727","targetHints":{"allow":["GET"]}}],"collection":[{"href":"https:\/\/www.wingtaitape.com\/pt\/wp-json\/wp\/v2\/product"}],"about":[{"href":"https:\/\/www.wingtaitape.com\/pt\/wp-json\/wp\/v2\/types\/product"}],"wp:featuredmedia":[{"embeddable":true,"href":"https:\/\/www.wingtaitape.com\/pt\/wp-json\/wp\/v2\/media\/3138"}],"wp:attachment":[{"href":"https:\/\/www.wingtaitape.com\/pt\/wp-json\/wp\/v2\/media?parent=2727"}],"wp:term":[{"taxonomy":"product_brand","embeddable":true,"href":"https:\/\/www.wingtaitape.com\/pt\/wp-json\/wp\/v2\/product_brand?post=2727"},{"taxonomy":"product_cat","embeddable":true,"href":"https:\/\/www.wingtaitape.com\/pt\/wp-json\/wp\/v2\/product_cat?post=2727"},{"taxonomy":"product_tag","embeddable":true,"href":"https:\/\/www.wingtaitape.com\/pt\/wp-json\/wp\/v2\/product_tag?post=2727"}],"curies":[{"name":"wp","href":"https:\/\/api.w.org\/{rel}","templated":true}]}}