{"id":2747,"date":"2023-09-02T03:37:47","date_gmt":"2023-09-02T03:37:47","guid":{"rendered":"https:\/\/www.wingtaitape.com\/?post_type=product&#038;p=2747"},"modified":"2023-12-10T21:54:00","modified_gmt":"2023-12-10T13:54:00","slug":"fita-dupla-face-para-bordado","status":"publish","type":"product","link":"https:\/\/www.wingtaitape.com\/pt\/produto\/fita-dupla-face-para-bordado\/","title":{"rendered":"Fita de bordado dupla face"},"content":{"rendered":"<h4><span style=\"font-family: 'Open Sans';\">Principais recursos<\/span><\/h4>\n<ul>\n<li>Adesivo acr\u00edlico de alta resist\u00eancia<\/li>\n<li>Ader\u00eancia instant\u00e2nea para v\u00e1rios usos<\/li>\n<li>Evita a forma\u00e7\u00e3o de goma nas agulhas<\/li>\n<li>Ideal para segurar o excesso de tecido<\/li>\n<\/ul>\n<h4><span style=\"font-family: 'Open Sans';\">Aplicativo<\/span><\/h4>\n<ul>\n<li>Estabilizador seguro durante o uso do arco<\/li>\n<li>Prenda o tecido ao suporte sem prender o bastidor<\/li>\n<li>Mantenha o tecido fora do caminho enquanto estiver bordando<\/li>\n<\/ul>","protected":false},"excerpt":{"rendered":"<ul>\n<li>Fita adesiva acr\u00edlica de alta qualidade e resist\u00eancia, projetada para manter o estabilizador e o tecido no lugar durante o uso do bastidor.<\/li>\n<li>\u00c9 um item indispens\u00e1vel para qualquer projeto de bordado.<\/li>\n<\/ul>","protected":false},"featured_media":3136,"template":"","meta":{"slim_seo":{"title":"Double Sided Embroidery Tape - Fita adesiva Fabricante, fornecedor, exportador | WINGTAI","description":"Fita dupla face para bordado - a solu\u00e7\u00e3o definitiva para prender o bastidor e o tecido. Evite o emperramento da agulha e agilize seu processo de bordado."}},"product_brand":[],"product_cat":[35,43],"product_tag":[],"class_list":{"0":"post-2747","1":"product","2":"type-product","3":"status-publish","4":"has-post-thumbnail","6":"product_cat-double-coated-tapes","7":"product_cat-industrial-tape","9":"first","10":"instock","11":"shipping-taxable","12":"product-type-simple"},"_links":{"self":[{"href":"https:\/\/www.wingtaitape.com\/pt\/wp-json\/wp\/v2\/product\/2747","targetHints":{"allow":["GET"]}}],"collection":[{"href":"https:\/\/www.wingtaitape.com\/pt\/wp-json\/wp\/v2\/product"}],"about":[{"href":"https:\/\/www.wingtaitape.com\/pt\/wp-json\/wp\/v2\/types\/product"}],"wp:featuredmedia":[{"embeddable":true,"href":"https:\/\/www.wingtaitape.com\/pt\/wp-json\/wp\/v2\/media\/3136"}],"wp:attachment":[{"href":"https:\/\/www.wingtaitape.com\/pt\/wp-json\/wp\/v2\/media?parent=2747"}],"wp:term":[{"taxonomy":"product_brand","embeddable":true,"href":"https:\/\/www.wingtaitape.com\/pt\/wp-json\/wp\/v2\/product_brand?post=2747"},{"taxonomy":"product_cat","embeddable":true,"href":"https:\/\/www.wingtaitape.com\/pt\/wp-json\/wp\/v2\/product_cat?post=2747"},{"taxonomy":"product_tag","embeddable":true,"href":"https:\/\/www.wingtaitape.com\/pt\/wp-json\/wp\/v2\/product_tag?post=2747"}],"curies":[{"name":"wp","href":"https:\/\/api.w.org\/{rel}","templated":true}]}}