{"id":2771,"date":"2023-09-02T09:54:24","date_gmt":"2023-09-02T09:54:24","guid":{"rendered":"https:\/\/www.wingtaitape.com\/?post_type=product&#038;p=2771"},"modified":"2023-12-10T21:46:11","modified_gmt":"2023-12-10T13:46:11","slug":"fita-de-espuma-dupla-face-eva","status":"publish","type":"product","link":"https:\/\/www.wingtaitape.com\/pt\/produto\/fita-de-espuma-dupla-face-eva\/","title":{"rendered":"Fita de espuma dupla face em EVA"},"content":{"rendered":"<h4><span style=\"font-family: 'Open Sans';\">Principais recursos<\/span><\/h4>\n<ul>\n<li>\u00c0 prova de umidade e boa resist\u00eancia \u00e0 \u00e1gua, f\u00e1cil de cortar e colar; absorvente de choque;<\/li>\n<li>Boas propriedades de envelhecimento e resist\u00eancia a mudan\u00e7as clim\u00e1ticas.<\/li>\n<\/ul>\n<h4><span style=\"font-family: 'Open Sans';\">Aplicativo<\/span><\/h4>\n<ul>\n<li>Amplamente utilizado para a jun\u00e7\u00e3o de autom\u00f3veis, condicionadores de ar, geladeiras, eletrodom\u00e9sticos, engenharia de refrigera\u00e7\u00e3o e v\u00e1rios tipos de pe\u00e7as el\u00e9tricas \u00e0 prova de choque, superf\u00edcies curvas ou \u00e1speras, engenharia de publicidade e decora\u00e7\u00e3o.<\/li>\n<\/ul>","protected":false},"excerpt":{"rendered":"<ul>\n<li>\u00c0 prova de umidade e boa resist\u00eancia \u00e0 \u00e1gua, f\u00e1cil de cortar e colar; absorvente de choque;<\/li>\n<li>Boas propriedades de envelhecimento e resist\u00eancia a mudan\u00e7as clim\u00e1ticas.<\/li>\n<\/ul>","protected":false},"featured_media":3121,"template":"","meta":{"slim_seo":{"title":"Fita de espuma dupla face EVA - Fita adesiva Fabricante, fornecedor, exportador | WINGTAI","description":"Fita de espuma EVA, \u00e0 prova de umidade e com boa resist\u00eancia \u00e0 \u00e1gua, f\u00e1cil de cortar e colar; absorvente de choque; boas propriedades de envelhecimento e resistente a mudan\u00e7as clim\u00e1ticas."}},"product_brand":[],"product_cat":[35,38,41],"product_tag":[],"class_list":{"0":"post-2771","1":"product","2":"type-product","3":"status-publish","4":"has-post-thumbnail","6":"product_cat-double-coated-tapes","7":"product_cat-eva-foam-tape","8":"product_cat-foam-tapes","10":"first","11":"instock","12":"shipping-taxable","13":"product-type-simple"},"_links":{"self":[{"href":"https:\/\/www.wingtaitape.com\/pt\/wp-json\/wp\/v2\/product\/2771","targetHints":{"allow":["GET"]}}],"collection":[{"href":"https:\/\/www.wingtaitape.com\/pt\/wp-json\/wp\/v2\/product"}],"about":[{"href":"https:\/\/www.wingtaitape.com\/pt\/wp-json\/wp\/v2\/types\/product"}],"wp:featuredmedia":[{"embeddable":true,"href":"https:\/\/www.wingtaitape.com\/pt\/wp-json\/wp\/v2\/media\/3121"}],"wp:attachment":[{"href":"https:\/\/www.wingtaitape.com\/pt\/wp-json\/wp\/v2\/media?parent=2771"}],"wp:term":[{"taxonomy":"product_brand","embeddable":true,"href":"https:\/\/www.wingtaitape.com\/pt\/wp-json\/wp\/v2\/product_brand?post=2771"},{"taxonomy":"product_cat","embeddable":true,"href":"https:\/\/www.wingtaitape.com\/pt\/wp-json\/wp\/v2\/product_cat?post=2771"},{"taxonomy":"product_tag","embeddable":true,"href":"https:\/\/www.wingtaitape.com\/pt\/wp-json\/wp\/v2\/product_tag?post=2771"}],"curies":[{"name":"wp","href":"https:\/\/api.w.org\/{rel}","templated":true}]}}