{"id":2774,"date":"2023-09-02T10:03:14","date_gmt":"2023-09-02T10:03:14","guid":{"rendered":"https:\/\/www.wingtaitape.com\/?post_type=product&#038;p=2774"},"modified":"2023-12-10T21:45:16","modified_gmt":"2023-12-10T13:45:16","slug":"fita-de-espuma-dupla-face-pe","status":"publish","type":"product","link":"https:\/\/www.wingtaitape.com\/pt\/produto\/fita-de-espuma-dupla-face-pe\/","title":{"rendered":"Fita de espuma dupla face PE"},"content":{"rendered":"<h4><span style=\"font-family: 'Open Sans';\">Principais recursos<\/span><\/h4>\n<ul>\n<li>A liga\u00e7\u00e3o forte resiste a for\u00e7as moderadas a pesadas.<\/li>\n<li>\n<div>O adesivo de fita dupla face foi projetado para resistir \u00e0 ondula\u00e7\u00e3o, tornando o processo de instala\u00e7\u00e3o r\u00e1pido, f\u00e1cil e sem bagun\u00e7a.<\/div>\n<\/li>\n<li>\n<div>\u00c9 resistente a temperaturas extremas, umidade, raios UV, etc., e antipoeira.<\/div>\n<\/li>\n<li>\n<div>Sem odor desagrad\u00e1vel, n\u00e3o t\u00f3xico, ins\u00edpido, com prote\u00e7\u00e3o ambiental e sem descolora\u00e7\u00e3o.<\/div>\n<\/li>\n<li>\n<div>O adesivo \u00e0 prova de intemp\u00e9ries permite que os propriet\u00e1rios de resid\u00eancias e empresas tenham uma colagem firme.<\/div>\n<\/li>\n<\/ul>\n<h4><span style=\"font-family: 'Open Sans';\">Aplicativo<\/span><\/h4>\n<ul>\n<li>Seguro para metal, concreto, m\u00e1rmore, azulejos, tijolos, guarni\u00e7\u00f5es, molduras em autom\u00f3veis, placas de registro de carro, placas de nome, placas de endere\u00e7o, sinais, suportes de carro, azulejos, vidros grandes\/alum\u00ednio, reforma de ve\u00edculos para kit de carroceria\/parachoque dianteiro\/parachoque traseiro\/saia lateral.<\/li>\n<li>\n<div>Grande reparo de pain\u00e9is de eletrodom\u00e9sticos, telas, caixas de correio de metal, espelhos, cabides, servos de suporte, ESC, receptores, eletr\u00f4nicos em carros, drones, quadric\u00f3pteros, artesanato, pregos falsos e assim por diante.<\/div>\n<\/li>\n<li>\n<div>Amplamente usado para protetor de tela de celular, tela de painel LCD, tablet PC, lente, bateria e tampa de c\u00e2mera, almofadas de borracha, outdoor, publicidade, poste de sinaliza\u00e7\u00e3o, p\u00f4ster, fabrica\u00e7\u00e3o de cart\u00e3o 3D, casa, escrit\u00f3rio, oficina etc.<\/div>\n<\/li>\n<\/ul>","protected":false},"excerpt":{"rendered":"<ul>\n<li>A liga\u00e7\u00e3o forte resiste a for\u00e7as moderadas a pesadas.<\/li>\n<li>\n<div>O adesivo de fita dupla face foi projetado para resistir \u00e0 ondula\u00e7\u00e3o, tornando o processo de instala\u00e7\u00e3o r\u00e1pido, f\u00e1cil e sem bagun\u00e7a.<\/div>\n<\/li>\n<\/ul>","protected":false},"featured_media":3119,"template":"","meta":{"slim_seo":{"title":"Fita de espuma dupla face PE - Fita adesiva Fabricante, fornecedor, exportador | WINGTAI","description":"A fita de espuma PE \u00e9 uma liga\u00e7\u00e3o forte que suporta for\u00e7a moderada a pesada; foi projetada para resistir ao enrolamento, tornando o processo de instala\u00e7\u00e3o r\u00e1pido, f\u00e1cil e sem bagun\u00e7a."}},"product_brand":[],"product_cat":[35,41,53],"product_tag":[],"class_list":{"0":"post-2774","1":"product","2":"type-product","3":"status-publish","4":"has-post-thumbnail","6":"product_cat-double-coated-tapes","7":"product_cat-foam-tapes","8":"product_cat-pe-foam-tape","10":"first","11":"instock","12":"shipping-taxable","13":"product-type-simple"},"_links":{"self":[{"href":"https:\/\/www.wingtaitape.com\/pt\/wp-json\/wp\/v2\/product\/2774","targetHints":{"allow":["GET"]}}],"collection":[{"href":"https:\/\/www.wingtaitape.com\/pt\/wp-json\/wp\/v2\/product"}],"about":[{"href":"https:\/\/www.wingtaitape.com\/pt\/wp-json\/wp\/v2\/types\/product"}],"wp:featuredmedia":[{"embeddable":true,"href":"https:\/\/www.wingtaitape.com\/pt\/wp-json\/wp\/v2\/media\/3119"}],"wp:attachment":[{"href":"https:\/\/www.wingtaitape.com\/pt\/wp-json\/wp\/v2\/media?parent=2774"}],"wp:term":[{"taxonomy":"product_brand","embeddable":true,"href":"https:\/\/www.wingtaitape.com\/pt\/wp-json\/wp\/v2\/product_brand?post=2774"},{"taxonomy":"product_cat","embeddable":true,"href":"https:\/\/www.wingtaitape.com\/pt\/wp-json\/wp\/v2\/product_cat?post=2774"},{"taxonomy":"product_tag","embeddable":true,"href":"https:\/\/www.wingtaitape.com\/pt\/wp-json\/wp\/v2\/product_tag?post=2774"}],"curies":[{"name":"wp","href":"https:\/\/api.w.org\/{rel}","templated":true}]}}