{"id":2779,"date":"2023-09-03T01:07:41","date_gmt":"2023-09-03T01:07:41","guid":{"rendered":"https:\/\/www.wingtaitape.com\/?post_type=product&#038;p=2779"},"modified":"2025-04-13T20:48:39","modified_gmt":"2025-04-13T12:48:39","slug":"fita-de-marcacao-de-piso","status":"publish","type":"product","link":"https:\/\/www.wingtaitape.com\/pt\/produto\/fita-de-marcacao-de-piso\/","title":{"rendered":"Fita de marca\u00e7\u00e3o de piso - brilhante"},"content":{"rendered":"<p>As fitas de marca\u00e7\u00e3o de piso, tamb\u00e9m conhecidas como fita de barreira, fita de cuidado, fita de advert\u00eancia, fita de perigo ou fita de perigo, s\u00e3o usadas para marcar riscos, dividir espa\u00e7os, criar corredores ou fornecer dire\u00e7\u00f5es. Elas s\u00e3o comumente usadas em instala\u00e7\u00f5es industriais e de manufatura para marca\u00e7\u00e3o de piso.<\/p>\n<p>As fitas de marca\u00e7\u00e3o de piso tamb\u00e9m podem ser \u00fateis para ajudar os funcion\u00e1rios a colocar os materiais e equipamentos de volta no lugar certo, o que as torna uma das principais ferramentas de implementa\u00e7\u00e3o do 5S e da manufatura enxuta. A cria\u00e7\u00e3o de distin\u00e7\u00f5es entre produtos acabados, produtos brutos, produtos a serem reparados e equipamentos garante que os erros sejam minimizados e que a produtividade e a seguran\u00e7a estejam nos n\u00edveis mais altos.<\/p>\n<p>As fitas s\u00e3o um substituto eficaz para as tintas. As fitas s\u00e3o muito mais r\u00e1pidas e f\u00e1ceis de instalar e substituir, o que reduz drasticamente o tempo de inatividade relacionado \u00e0 pintura de corredores e trilhos.<\/p>\n<h4><span style=\"font-family: 'Open Sans';\">Principais recursos<\/span><\/h4>\n<ul>\n<li>Anti-abras\u00e3o.<\/li>\n<li>V\u00e1rias cores, boa conformidade.<\/li>\n<\/ul>\n<h4><span style=\"font-family: 'Open Sans';\">Aplicativo<\/span><\/h4>\n<ul>\n<li>Usado para marcar equipamentos e \u00e1reas de risco.<\/li>\n<\/ul>\n<p>&nbsp;<\/p>\n<p><strong>Especificado para cores de fitas de marca\u00e7\u00e3o de piso<\/strong><\/p>\n<p><img decoding=\"async\" class=\"alignnone size-full wp-image-2787\" src=\"https:\/\/www.wingtaitape.com\/wp-content\/uploads\/2023\/09\/Floor-marking-tape-color.png\" alt=\"\" width=\"554\" height=\"90\" \/><\/p>\n<ul>\n<li>Preto\/amarelo para riscos f\u00edsicos, marca\u00e7\u00e3o de corredores de oficinas.<\/li>\n<li>Vermelho\/branco para equipamentos de preven\u00e7\u00e3o e prote\u00e7\u00e3o contra inc\u00eandio.<\/li>\n<li>Preto\/branco para o servi\u00e7o de limpeza<\/li>\n<li>Verde \/ branco para seguran\u00e7a e primeiros socorros<\/li>\n<li>Azul \/ branco para maquin\u00e1rio defeituoso<\/li>\n<li>Laranja \/ branco para tr\u00e1fego e aviso de cuidado<\/li>\n<li>Verde para produtos qualificados<\/li>\n<li>Vermelho para produto defeituoso<\/li>\n<\/ul>\n<p><img fetchpriority=\"high\" decoding=\"async\" class=\"alignnone size-full wp-image-6423\" src=\"https:\/\/www.wingtaitape.com\/wp-content\/uploads\/2023\/09\/BOPP-floor-marking-tape-d_01.jpg\" alt=\"Fita de marca\u00e7\u00e3o de piso BOPP brilhante\" width=\"790\" height=\"965\" srcset=\"https:\/\/www.wingtaitape.com\/wp-content\/uploads\/2023\/09\/BOPP-floor-marking-tape-d_01.jpg 790w, https:\/\/www.wingtaitape.com\/wp-content\/uploads\/2023\/09\/BOPP-floor-marking-tape-d_01-491x600.jpg 491w, https:\/\/www.wingtaitape.com\/wp-content\/uploads\/2023\/09\/BOPP-floor-marking-tape-d_01-768x938.jpg 768w, https:\/\/www.wingtaitape.com\/wp-content\/uploads\/2023\/09\/BOPP-floor-marking-tape-d_01-10x12.jpg 10w, https:\/\/www.wingtaitape.com\/wp-content\/uploads\/2023\/09\/BOPP-floor-marking-tape-d_01-600x733.jpg 600w\" sizes=\"(max-width: 790px) 100vw, 790px\" \/> <img decoding=\"async\" class=\"alignnone size-full wp-image-6424\" src=\"https:\/\/www.wingtaitape.com\/wp-content\/uploads\/2023\/09\/BOPP-floor-marking-tape-d_02.jpg\" alt=\"Fita de marca\u00e7\u00e3o de piso BOPP brilhante\" width=\"790\" height=\"1221\" srcset=\"https:\/\/www.wingtaitape.com\/wp-content\/uploads\/2023\/09\/BOPP-floor-marking-tape-d_02.jpg 790w, https:\/\/www.wingtaitape.com\/wp-content\/uploads\/2023\/09\/BOPP-floor-marking-tape-d_02-388x600.jpg 388w, https:\/\/www.wingtaitape.com\/wp-content\/uploads\/2023\/09\/BOPP-floor-marking-tape-d_02-663x1024.jpg 663w, https:\/\/www.wingtaitape.com\/wp-content\/uploads\/2023\/09\/BOPP-floor-marking-tape-d_02-768x1187.jpg 768w, https:\/\/www.wingtaitape.com\/wp-content\/uploads\/2023\/09\/BOPP-floor-marking-tape-d_02-8x12.jpg 8w, https:\/\/www.wingtaitape.com\/wp-content\/uploads\/2023\/09\/BOPP-floor-marking-tape-d_02-600x927.jpg 600w\" sizes=\"(max-width: 790px) 100vw, 790px\" \/><\/p>\n<p><img loading=\"lazy\" decoding=\"async\" class=\"alignnone wp-image-6435\" src=\"https:\/\/www.wingtaitape.com\/wp-content\/uploads\/2023\/09\/floor-tape-11.jpg\" alt=\"Fita de marca\u00e7\u00e3o de piso\" width=\"790\" height=\"790\" srcset=\"https:\/\/www.wingtaitape.com\/wp-content\/uploads\/2023\/09\/floor-tape-11.jpg 800w, https:\/\/www.wingtaitape.com\/wp-content\/uploads\/2023\/09\/floor-tape-11-600x600.jpg 600w, https:\/\/www.wingtaitape.com\/wp-content\/uploads\/2023\/09\/floor-tape-11-150x150.jpg 150w, https:\/\/www.wingtaitape.com\/wp-content\/uploads\/2023\/09\/floor-tape-11-768x768.jpg 768w, https:\/\/www.wingtaitape.com\/wp-content\/uploads\/2023\/09\/floor-tape-11-12x12.jpg 12w, https:\/\/www.wingtaitape.com\/wp-content\/uploads\/2023\/09\/floor-tape-11-100x100.jpg 100w\" sizes=\"(max-width: 790px) 100vw, 790px\" \/> <img loading=\"lazy\" decoding=\"async\" class=\"alignnone size-full wp-image-6425\" src=\"https:\/\/www.wingtaitape.com\/wp-content\/uploads\/2023\/09\/BOPP-floor-marking-tape-d_03.jpg\" alt=\"Fita de marca\u00e7\u00e3o de piso BOPP brilhante\" width=\"790\" height=\"825\" srcset=\"https:\/\/www.wingtaitape.com\/wp-content\/uploads\/2023\/09\/BOPP-floor-marking-tape-d_03.jpg 790w, https:\/\/www.wingtaitape.com\/wp-content\/uploads\/2023\/09\/BOPP-floor-marking-tape-d_03-575x600.jpg 575w, https:\/\/www.wingtaitape.com\/wp-content\/uploads\/2023\/09\/BOPP-floor-marking-tape-d_03-768x802.jpg 768w, https:\/\/www.wingtaitape.com\/wp-content\/uploads\/2023\/09\/BOPP-floor-marking-tape-d_03-11x12.jpg 11w, https:\/\/www.wingtaitape.com\/wp-content\/uploads\/2023\/09\/BOPP-floor-marking-tape-d_03-600x627.jpg 600w\" sizes=\"(max-width: 790px) 100vw, 790px\" \/> <img loading=\"lazy\" decoding=\"async\" class=\"alignnone size-full wp-image-6426\" src=\"https:\/\/www.wingtaitape.com\/wp-content\/uploads\/2023\/09\/BOPP-floor-marking-tape-d_04.jpg\" alt=\"Fita de marca\u00e7\u00e3o de piso BOPP brilhante\" width=\"790\" height=\"762\" srcset=\"https:\/\/www.wingtaitape.com\/wp-content\/uploads\/2023\/09\/BOPP-floor-marking-tape-d_04.jpg 790w, https:\/\/www.wingtaitape.com\/wp-content\/uploads\/2023\/09\/BOPP-floor-marking-tape-d_04-600x579.jpg 600w, https:\/\/www.wingtaitape.com\/wp-content\/uploads\/2023\/09\/BOPP-floor-marking-tape-d_04-768x741.jpg 768w, https:\/\/www.wingtaitape.com\/wp-content\/uploads\/2023\/09\/BOPP-floor-marking-tape-d_04-12x12.jpg 12w\" sizes=\"(max-width: 790px) 100vw, 790px\" \/> <img loading=\"lazy\" decoding=\"async\" class=\"alignnone size-full wp-image-6427\" src=\"https:\/\/www.wingtaitape.com\/wp-content\/uploads\/2023\/09\/BOPP-floor-marking-tape-d_05.jpg\" alt=\"Fita de marca\u00e7\u00e3o de piso BOPP brilhante\" width=\"790\" height=\"944\" srcset=\"https:\/\/www.wingtaitape.com\/wp-content\/uploads\/2023\/09\/BOPP-floor-marking-tape-d_05.jpg 790w, https:\/\/www.wingtaitape.com\/wp-content\/uploads\/2023\/09\/BOPP-floor-marking-tape-d_05-502x600.jpg 502w, https:\/\/www.wingtaitape.com\/wp-content\/uploads\/2023\/09\/BOPP-floor-marking-tape-d_05-768x918.jpg 768w, https:\/\/www.wingtaitape.com\/wp-content\/uploads\/2023\/09\/BOPP-floor-marking-tape-d_05-10x12.jpg 10w, https:\/\/www.wingtaitape.com\/wp-content\/uploads\/2023\/09\/BOPP-floor-marking-tape-d_05-600x717.jpg 600w\" sizes=\"(max-width: 790px) 100vw, 790px\" \/> <img loading=\"lazy\" decoding=\"async\" class=\"alignnone size-full wp-image-6428\" src=\"https:\/\/www.wingtaitape.com\/wp-content\/uploads\/2023\/09\/BOPP-floor-marking-tape-d_06.jpg\" alt=\"Fita de marca\u00e7\u00e3o de piso BOPP brilhante\" width=\"790\" height=\"972\" srcset=\"https:\/\/www.wingtaitape.com\/wp-content\/uploads\/2023\/09\/BOPP-floor-marking-tape-d_06.jpg 790w, https:\/\/www.wingtaitape.com\/wp-content\/uploads\/2023\/09\/BOPP-floor-marking-tape-d_06-488x600.jpg 488w, https:\/\/www.wingtaitape.com\/wp-content\/uploads\/2023\/09\/BOPP-floor-marking-tape-d_06-768x945.jpg 768w, https:\/\/www.wingtaitape.com\/wp-content\/uploads\/2023\/09\/BOPP-floor-marking-tape-d_06-10x12.jpg 10w, https:\/\/www.wingtaitape.com\/wp-content\/uploads\/2023\/09\/BOPP-floor-marking-tape-d_06-600x738.jpg 600w\" sizes=\"(max-width: 790px) 100vw, 790px\" \/> <img loading=\"lazy\" decoding=\"async\" class=\"alignnone size-full wp-image-6429\" src=\"https:\/\/www.wingtaitape.com\/wp-content\/uploads\/2023\/09\/BOPP-floor-marking-tape-d_07.jpg\" alt=\"Fita de marca\u00e7\u00e3o de piso BOPP brilhante\" width=\"790\" height=\"1078\" srcset=\"https:\/\/www.wingtaitape.com\/wp-content\/uploads\/2023\/09\/BOPP-floor-marking-tape-d_07.jpg 790w, https:\/\/www.wingtaitape.com\/wp-content\/uploads\/2023\/09\/BOPP-floor-marking-tape-d_07-440x600.jpg 440w, https:\/\/www.wingtaitape.com\/wp-content\/uploads\/2023\/09\/BOPP-floor-marking-tape-d_07-750x1024.jpg 750w, https:\/\/www.wingtaitape.com\/wp-content\/uploads\/2023\/09\/BOPP-floor-marking-tape-d_07-768x1048.jpg 768w, https:\/\/www.wingtaitape.com\/wp-content\/uploads\/2023\/09\/BOPP-floor-marking-tape-d_07-9x12.jpg 9w, https:\/\/www.wingtaitape.com\/wp-content\/uploads\/2023\/09\/BOPP-floor-marking-tape-d_07-600x819.jpg 600w\" sizes=\"(max-width: 790px) 100vw, 790px\" \/> <img loading=\"lazy\" decoding=\"async\" class=\"alignnone size-full wp-image-6430\" src=\"https:\/\/www.wingtaitape.com\/wp-content\/uploads\/2023\/09\/BOPP-floor-marking-tape-d_08.jpg\" alt=\"Fita de marca\u00e7\u00e3o de piso BOPP brilhante\" width=\"790\" height=\"828\" srcset=\"https:\/\/www.wingtaitape.com\/wp-content\/uploads\/2023\/09\/BOPP-floor-marking-tape-d_08.jpg 790w, https:\/\/www.wingtaitape.com\/wp-content\/uploads\/2023\/09\/BOPP-floor-marking-tape-d_08-572x600.jpg 572w, https:\/\/www.wingtaitape.com\/wp-content\/uploads\/2023\/09\/BOPP-floor-marking-tape-d_08-768x805.jpg 768w, https:\/\/www.wingtaitape.com\/wp-content\/uploads\/2023\/09\/BOPP-floor-marking-tape-d_08-11x12.jpg 11w, https:\/\/www.wingtaitape.com\/wp-content\/uploads\/2023\/09\/BOPP-floor-marking-tape-d_08-600x629.jpg 600w\" sizes=\"(max-width: 790px) 100vw, 790px\" \/> <img loading=\"lazy\" decoding=\"async\" class=\"alignnone size-full wp-image-6431\" src=\"https:\/\/www.wingtaitape.com\/wp-content\/uploads\/2023\/09\/BOPP-floor-marking-tape-d_09.jpg\" alt=\"Fita de marca\u00e7\u00e3o de piso BOPP brilhante\" width=\"790\" height=\"779\" srcset=\"https:\/\/www.wingtaitape.com\/wp-content\/uploads\/2023\/09\/BOPP-floor-marking-tape-d_09.jpg 790w, https:\/\/www.wingtaitape.com\/wp-content\/uploads\/2023\/09\/BOPP-floor-marking-tape-d_09-600x592.jpg 600w, https:\/\/www.wingtaitape.com\/wp-content\/uploads\/2023\/09\/BOPP-floor-marking-tape-d_09-768x757.jpg 768w, https:\/\/www.wingtaitape.com\/wp-content\/uploads\/2023\/09\/BOPP-floor-marking-tape-d_09-12x12.jpg 12w, https:\/\/www.wingtaitape.com\/wp-content\/uploads\/2023\/09\/BOPP-floor-marking-tape-d_09-100x100.jpg 100w\" sizes=\"(max-width: 790px) 100vw, 790px\" \/><\/p>","protected":false},"excerpt":{"rendered":"<ul>\n<li>Brilhante e antiabras\u00e3o.<\/li>\n<li>V\u00e1rias cores, boa conformidade;<\/li>\n<\/ul>","protected":false},"featured_media":3112,"template":"","meta":{"slim_seo":{"title":"Fita para marca\u00e7\u00e3o de piso - Glossy - Fita adesiva Fabricante, fornecedor, exportador | WINGTAI","description":"As fitas de marca\u00e7\u00e3o de piso, tamb\u00e9m conhecidas como fita de barreira, fita de cuidado, fita de advert\u00eancia, fita de perigo ou fita de perigo, s\u00e3o usadas para marcar riscos, dividir espa\u00e7os, criar corredores ou fornecer instru\u00e7\u00f5es."}},"product_brand":[],"product_cat":[31],"product_tag":[],"class_list":{"0":"post-2779","1":"product","2":"type-product","3":"status-publish","4":"has-post-thumbnail","6":"product_cat-barricade-warning-tapes","8":"first","9":"instock","10":"featured","11":"shipping-taxable","12":"product-type-simple"},"_links":{"self":[{"href":"https:\/\/www.wingtaitape.com\/pt\/wp-json\/wp\/v2\/product\/2779","targetHints":{"allow":["GET"]}}],"collection":[{"href":"https:\/\/www.wingtaitape.com\/pt\/wp-json\/wp\/v2\/product"}],"about":[{"href":"https:\/\/www.wingtaitape.com\/pt\/wp-json\/wp\/v2\/types\/product"}],"wp:featuredmedia":[{"embeddable":true,"href":"https:\/\/www.wingtaitape.com\/pt\/wp-json\/wp\/v2\/media\/3112"}],"wp:attachment":[{"href":"https:\/\/www.wingtaitape.com\/pt\/wp-json\/wp\/v2\/media?parent=2779"}],"wp:term":[{"taxonomy":"product_brand","embeddable":true,"href":"https:\/\/www.wingtaitape.com\/pt\/wp-json\/wp\/v2\/product_brand?post=2779"},{"taxonomy":"product_cat","embeddable":true,"href":"https:\/\/www.wingtaitape.com\/pt\/wp-json\/wp\/v2\/product_cat?post=2779"},{"taxonomy":"product_tag","embeddable":true,"href":"https:\/\/www.wingtaitape.com\/pt\/wp-json\/wp\/v2\/product_tag?post=2779"}],"curies":[{"name":"wp","href":"https:\/\/api.w.org\/{rel}","templated":true}]}}