{"id":2788,"date":"2023-09-03T01:15:47","date_gmt":"2023-09-03T01:15:47","guid":{"rendered":"https:\/\/www.wingtaitape.com\/?post_type=product&#038;p=2788"},"modified":"2025-04-13T20:52:01","modified_gmt":"2025-04-13T12:52:01","slug":"fita-de-tecido-com-base-de-borracha","status":"publish","type":"product","link":"https:\/\/www.wingtaitape.com\/pt\/produto\/fita-de-tecido-com-base-de-borracha\/","title":{"rendered":"Fita de tecido com base de borracha"},"content":{"rendered":"<p><iframe title=\"Reprodutor de v\u00eddeo do YouTube\" src=\"https:\/\/www.youtube.com\/embed\/rZO_CQ0iGAk?si=x1GBQ_HMTknyIORB\" width=\"560\" height=\"315\" frameborder=\"0\" allowfullscreen=\"allowfullscreen\"><span data-mce-type=\"bookmark\" style=\"display: inline-block; width: 0px; overflow: hidden; line-height: 0;\" class=\"mce_SELRES_start\"><\/span><\/iframe><\/p>\n<h4><b>Cor<\/b><\/h4>\n<ul>\n<li>BRANCO, PRATA, VERMELHO, AMARELO, VERDE, AZUL, MARROM<\/li>\n<\/ul>\n<h4><span style=\"font-family: 'Open Sans';\">Principais recursos<\/span><\/h4>\n<ul>\n<li>Forte ades\u00e3o, sem res\u00edduos;<\/li>\n<li>Multicolorido, f\u00e1cil de rasgar e \u00e0 prova d'\u00e1gua;<\/li>\n<\/ul>\n<h4><span style=\"font-family: 'Open Sans';\">Aplicativo<\/span><\/h4>\n<ul>\n<li>Adequado para a jun\u00e7\u00e3o de carpetes em salas de exposi\u00e7\u00e3o, encaderna\u00e7\u00e3o de livros, conex\u00e3o e prote\u00e7\u00e3o de fios el\u00e9tricos.<\/li>\n<\/ul>\n<ul>\n<li><\/li>\n<\/ul>\n<p><img fetchpriority=\"high\" decoding=\"async\" class=\"alignnone size-full wp-image-6356\" src=\"https:\/\/www.wingtaitape.com\/wp-content\/uploads\/2023\/09\/Duct-tape_01.jpg\" alt=\"fita adesiva\" width=\"790\" height=\"1237\" srcset=\"https:\/\/www.wingtaitape.com\/wp-content\/uploads\/2023\/09\/Duct-tape_01.jpg 790w, https:\/\/www.wingtaitape.com\/wp-content\/uploads\/2023\/09\/Duct-tape_01-383x600.jpg 383w, https:\/\/www.wingtaitape.com\/wp-content\/uploads\/2023\/09\/Duct-tape_01-654x1024.jpg 654w, https:\/\/www.wingtaitape.com\/wp-content\/uploads\/2023\/09\/Duct-tape_01-768x1203.jpg 768w, https:\/\/www.wingtaitape.com\/wp-content\/uploads\/2023\/09\/Duct-tape_01-8x12.jpg 8w, https:\/\/www.wingtaitape.com\/wp-content\/uploads\/2023\/09\/Duct-tape_01-600x939.jpg 600w\" sizes=\"(max-width: 790px) 100vw, 790px\" \/> <img decoding=\"async\" class=\"alignnone size-full wp-image-6357\" src=\"https:\/\/www.wingtaitape.com\/wp-content\/uploads\/2023\/09\/Duct-tape_02.jpg\" alt=\"fita adesiva\" width=\"790\" height=\"1259\" srcset=\"https:\/\/www.wingtaitape.com\/wp-content\/uploads\/2023\/09\/Duct-tape_02.jpg 790w, https:\/\/www.wingtaitape.com\/wp-content\/uploads\/2023\/09\/Duct-tape_02-376x600.jpg 376w, https:\/\/www.wingtaitape.com\/wp-content\/uploads\/2023\/09\/Duct-tape_02-643x1024.jpg 643w, https:\/\/www.wingtaitape.com\/wp-content\/uploads\/2023\/09\/Duct-tape_02-768x1224.jpg 768w, https:\/\/www.wingtaitape.com\/wp-content\/uploads\/2023\/09\/Duct-tape_02-8x12.jpg 8w, https:\/\/www.wingtaitape.com\/wp-content\/uploads\/2023\/09\/Duct-tape_02-600x956.jpg 600w\" sizes=\"(max-width: 790px) 100vw, 790px\" \/> <img decoding=\"async\" class=\"alignnone size-full wp-image-6358\" src=\"https:\/\/www.wingtaitape.com\/wp-content\/uploads\/2023\/09\/Duct-tape_03.jpg\" alt=\"fita adesiva\" width=\"790\" height=\"1156\" srcset=\"https:\/\/www.wingtaitape.com\/wp-content\/uploads\/2023\/09\/Duct-tape_03.jpg 790w, https:\/\/www.wingtaitape.com\/wp-content\/uploads\/2023\/09\/Duct-tape_03-410x600.jpg 410w, https:\/\/www.wingtaitape.com\/wp-content\/uploads\/2023\/09\/Duct-tape_03-700x1024.jpg 700w, https:\/\/www.wingtaitape.com\/wp-content\/uploads\/2023\/09\/Duct-tape_03-768x1124.jpg 768w, https:\/\/www.wingtaitape.com\/wp-content\/uploads\/2023\/09\/Duct-tape_03-8x12.jpg 8w, https:\/\/www.wingtaitape.com\/wp-content\/uploads\/2023\/09\/Duct-tape_03-600x878.jpg 600w\" sizes=\"(max-width: 790px) 100vw, 790px\" \/> <img loading=\"lazy\" decoding=\"async\" class=\"alignnone size-full wp-image-6359\" src=\"https:\/\/www.wingtaitape.com\/wp-content\/uploads\/2023\/09\/Duct-tape_04.jpg\" alt=\"fita adesiva\" width=\"790\" height=\"1073\" srcset=\"https:\/\/www.wingtaitape.com\/wp-content\/uploads\/2023\/09\/Duct-tape_04.jpg 790w, https:\/\/www.wingtaitape.com\/wp-content\/uploads\/2023\/09\/Duct-tape_04-442x600.jpg 442w, https:\/\/www.wingtaitape.com\/wp-content\/uploads\/2023\/09\/Duct-tape_04-754x1024.jpg 754w, https:\/\/www.wingtaitape.com\/wp-content\/uploads\/2023\/09\/Duct-tape_04-768x1043.jpg 768w, https:\/\/www.wingtaitape.com\/wp-content\/uploads\/2023\/09\/Duct-tape_04-9x12.jpg 9w, https:\/\/www.wingtaitape.com\/wp-content\/uploads\/2023\/09\/Duct-tape_04-600x815.jpg 600w\" sizes=\"(max-width: 790px) 100vw, 790px\" \/> <img loading=\"lazy\" decoding=\"async\" class=\"alignnone size-full wp-image-6360\" src=\"https:\/\/www.wingtaitape.com\/wp-content\/uploads\/2023\/09\/Duct-tape_05.jpg\" alt=\"fita adesiva\" width=\"790\" height=\"1009\" srcset=\"https:\/\/www.wingtaitape.com\/wp-content\/uploads\/2023\/09\/Duct-tape_05.jpg 790w, https:\/\/www.wingtaitape.com\/wp-content\/uploads\/2023\/09\/Duct-tape_05-470x600.jpg 470w, https:\/\/www.wingtaitape.com\/wp-content\/uploads\/2023\/09\/Duct-tape_05-768x981.jpg 768w, https:\/\/www.wingtaitape.com\/wp-content\/uploads\/2023\/09\/Duct-tape_05-9x12.jpg 9w, https:\/\/www.wingtaitape.com\/wp-content\/uploads\/2023\/09\/Duct-tape_05-600x766.jpg 600w\" sizes=\"(max-width: 790px) 100vw, 790px\" \/> <img loading=\"lazy\" decoding=\"async\" class=\"alignnone size-full wp-image-6361\" src=\"https:\/\/www.wingtaitape.com\/wp-content\/uploads\/2023\/09\/Duct-tape_06.jpg\" alt=\"fita adesiva\" width=\"790\" height=\"1398\" srcset=\"https:\/\/www.wingtaitape.com\/wp-content\/uploads\/2023\/09\/Duct-tape_06.jpg 790w, https:\/\/www.wingtaitape.com\/wp-content\/uploads\/2023\/09\/Duct-tape_06-339x600.jpg 339w, https:\/\/www.wingtaitape.com\/wp-content\/uploads\/2023\/09\/Duct-tape_06-579x1024.jpg 579w, https:\/\/www.wingtaitape.com\/wp-content\/uploads\/2023\/09\/Duct-tape_06-768x1359.jpg 768w, https:\/\/www.wingtaitape.com\/wp-content\/uploads\/2023\/09\/Duct-tape_06-7x12.jpg 7w, https:\/\/www.wingtaitape.com\/wp-content\/uploads\/2023\/09\/Duct-tape_06-600x1062.jpg 600w\" sizes=\"(max-width: 790px) 100vw, 790px\" \/> <img loading=\"lazy\" decoding=\"async\" class=\"alignnone size-full wp-image-6362\" src=\"https:\/\/www.wingtaitape.com\/wp-content\/uploads\/2023\/09\/Duct-tape_07.jpg\" alt=\"fita adesiva\" width=\"790\" height=\"2189\" srcset=\"https:\/\/www.wingtaitape.com\/wp-content\/uploads\/2023\/09\/Duct-tape_07.jpg 790w, https:\/\/www.wingtaitape.com\/wp-content\/uploads\/2023\/09\/Duct-tape_07-217x600.jpg 217w, https:\/\/www.wingtaitape.com\/wp-content\/uploads\/2023\/09\/Duct-tape_07-370x1024.jpg 370w, https:\/\/www.wingtaitape.com\/wp-content\/uploads\/2023\/09\/Duct-tape_07-768x2128.jpg 768w, https:\/\/www.wingtaitape.com\/wp-content\/uploads\/2023\/09\/Duct-tape_07-554x1536.jpg 554w, https:\/\/www.wingtaitape.com\/wp-content\/uploads\/2023\/09\/Duct-tape_07-739x2048.jpg 739w, https:\/\/www.wingtaitape.com\/wp-content\/uploads\/2023\/09\/Duct-tape_07-4x12.jpg 4w, https:\/\/www.wingtaitape.com\/wp-content\/uploads\/2023\/09\/Duct-tape_07-600x1663.jpg 600w\" sizes=\"(max-width: 790px) 100vw, 790px\" \/> <img loading=\"lazy\" decoding=\"async\" class=\"alignnone size-full wp-image-6363\" src=\"https:\/\/www.wingtaitape.com\/wp-content\/uploads\/2023\/09\/Duct-tape_08.jpg\" alt=\"fita adesiva\" width=\"790\" height=\"1873\" srcset=\"https:\/\/www.wingtaitape.com\/wp-content\/uploads\/2023\/09\/Duct-tape_08.jpg 790w, https:\/\/www.wingtaitape.com\/wp-content\/uploads\/2023\/09\/Duct-tape_08-253x600.jpg 253w, https:\/\/www.wingtaitape.com\/wp-content\/uploads\/2023\/09\/Duct-tape_08-432x1024.jpg 432w, https:\/\/www.wingtaitape.com\/wp-content\/uploads\/2023\/09\/Duct-tape_08-768x1821.jpg 768w, https:\/\/www.wingtaitape.com\/wp-content\/uploads\/2023\/09\/Duct-tape_08-648x1536.jpg 648w, https:\/\/www.wingtaitape.com\/wp-content\/uploads\/2023\/09\/Duct-tape_08-5x12.jpg 5w, https:\/\/www.wingtaitape.com\/wp-content\/uploads\/2023\/09\/Duct-tape_08-600x1423.jpg 600w\" sizes=\"(max-width: 790px) 100vw, 790px\" \/> <img loading=\"lazy\" decoding=\"async\" class=\"alignnone size-full wp-image-6364\" src=\"https:\/\/www.wingtaitape.com\/wp-content\/uploads\/2023\/09\/Duct-tape_09.jpg\" alt=\"fita adesiva\" width=\"790\" height=\"1617\" srcset=\"https:\/\/www.wingtaitape.com\/wp-content\/uploads\/2023\/09\/Duct-tape_09.jpg 790w, https:\/\/www.wingtaitape.com\/wp-content\/uploads\/2023\/09\/Duct-tape_09-293x600.jpg 293w, https:\/\/www.wingtaitape.com\/wp-content\/uploads\/2023\/09\/Duct-tape_09-500x1024.jpg 500w, https:\/\/www.wingtaitape.com\/wp-content\/uploads\/2023\/09\/Duct-tape_09-768x1572.jpg 768w, https:\/\/www.wingtaitape.com\/wp-content\/uploads\/2023\/09\/Duct-tape_09-750x1536.jpg 750w, https:\/\/www.wingtaitape.com\/wp-content\/uploads\/2023\/09\/Duct-tape_09-6x12.jpg 6w, https:\/\/www.wingtaitape.com\/wp-content\/uploads\/2023\/09\/Duct-tape_09-600x1228.jpg 600w\" sizes=\"(max-width: 790px) 100vw, 790px\" \/> <img loading=\"lazy\" decoding=\"async\" class=\"alignnone size-full wp-image-6365\" src=\"https:\/\/www.wingtaitape.com\/wp-content\/uploads\/2023\/09\/Duct-tape_10.jpg\" alt=\"fita adesiva\" width=\"790\" height=\"2149\" srcset=\"https:\/\/www.wingtaitape.com\/wp-content\/uploads\/2023\/09\/Duct-tape_10.jpg 790w, https:\/\/www.wingtaitape.com\/wp-content\/uploads\/2023\/09\/Duct-tape_10-221x600.jpg 221w, https:\/\/www.wingtaitape.com\/wp-content\/uploads\/2023\/09\/Duct-tape_10-376x1024.jpg 376w, https:\/\/www.wingtaitape.com\/wp-content\/uploads\/2023\/09\/Duct-tape_10-768x2089.jpg 768w, https:\/\/www.wingtaitape.com\/wp-content\/uploads\/2023\/09\/Duct-tape_10-565x1536.jpg 565w, https:\/\/www.wingtaitape.com\/wp-content\/uploads\/2023\/09\/Duct-tape_10-753x2048.jpg 753w, https:\/\/www.wingtaitape.com\/wp-content\/uploads\/2023\/09\/Duct-tape_10-4x12.jpg 4w, https:\/\/www.wingtaitape.com\/wp-content\/uploads\/2023\/09\/Duct-tape_10-600x1632.jpg 600w\" sizes=\"(max-width: 790px) 100vw, 790px\" \/><\/p>\n<p>&nbsp;<\/p>\n<p>&nbsp;<\/p>\n<p>&nbsp;<\/p>","protected":false},"excerpt":{"rendered":"<ul>\n<li>Forte ades\u00e3o, sem res\u00edduos;<\/li>\n<li>Multicolorido, f\u00e1cil de rasgar e \u00e0 prova d'\u00e1gua;<\/li>\n<\/ul>","protected":false},"featured_media":3102,"template":"","meta":{"slim_seo":{"title":"Fita de tecido com base de borracha - Fita adesiva Fabricante, fornecedor, exportador | WINGTAI","description":"A fita adesiva \u00e9 adequada para a jun\u00e7\u00e3o de carpetes em salas de exposi\u00e7\u00e3o, encaderna\u00e7\u00e3o de livros, conex\u00e3o e prote\u00e7\u00e3o de fios el\u00e9tricos."}},"product_brand":[],"product_cat":[84],"product_tag":[],"class_list":{"0":"post-2788","1":"product","2":"type-product","3":"status-publish","4":"has-post-thumbnail","6":"product_cat-duct-tape","8":"first","9":"instock","10":"shipping-taxable","11":"product-type-simple"},"_links":{"self":[{"href":"https:\/\/www.wingtaitape.com\/pt\/wp-json\/wp\/v2\/product\/2788","targetHints":{"allow":["GET"]}}],"collection":[{"href":"https:\/\/www.wingtaitape.com\/pt\/wp-json\/wp\/v2\/product"}],"about":[{"href":"https:\/\/www.wingtaitape.com\/pt\/wp-json\/wp\/v2\/types\/product"}],"wp:featuredmedia":[{"embeddable":true,"href":"https:\/\/www.wingtaitape.com\/pt\/wp-json\/wp\/v2\/media\/3102"}],"wp:attachment":[{"href":"https:\/\/www.wingtaitape.com\/pt\/wp-json\/wp\/v2\/media?parent=2788"}],"wp:term":[{"taxonomy":"product_brand","embeddable":true,"href":"https:\/\/www.wingtaitape.com\/pt\/wp-json\/wp\/v2\/product_brand?post=2788"},{"taxonomy":"product_cat","embeddable":true,"href":"https:\/\/www.wingtaitape.com\/pt\/wp-json\/wp\/v2\/product_cat?post=2788"},{"taxonomy":"product_tag","embeddable":true,"href":"https:\/\/www.wingtaitape.com\/pt\/wp-json\/wp\/v2\/product_tag?post=2788"}],"curies":[{"name":"wp","href":"https:\/\/api.w.org\/{rel}","templated":true}]}}