{"id":2808,"date":"2023-09-03T01:41:44","date_gmt":"2023-09-03T01:41:44","guid":{"rendered":"https:\/\/www.wingtaitape.com\/?post_type=product&#038;p=2808"},"modified":"2023-12-10T21:36:28","modified_gmt":"2023-12-10T13:36:28","slug":"fita-de-aluminio","status":"publish","type":"product","link":"https:\/\/www.wingtaitape.com\/pt\/produto\/fita-de-aluminio\/","title":{"rendered":"Fita de folha de alum\u00ednio"},"content":{"rendered":"<h4><span style=\"font-family: 'Open Sans';\">Principais recursos<\/span><\/h4>\n<ul>\n<li>Preserva\u00e7\u00e3o e isolamento t\u00e9rmico, \u00e0 prova d'\u00e1gua.<\/li>\n<li>resistente a baixas temperaturas.<\/li>\n<li>Forte ades\u00e3o e op\u00e7\u00e3o de v\u00e1rias espessuras.<\/li>\n<\/ul>\n<h4><span style=\"font-family: 'Open Sans';\">Aplicativo<\/span><\/h4>\n<ul>\n<li>A fita de alum\u00ednio \u00e9 usada para vedar juntas e costuras de barreira de vapor em ar-condicionado central<br \/>\ndutos, exaustores de cozinha, refrigeradores e aquecedores de \u00e1gua.<\/li>\n<li>Jun\u00e7\u00e3o para hardware, eletrodom\u00e9sticos e ind\u00fastria automotiva em ambiente de isolamento t\u00e9rmico.<\/li>\n<\/ul>\n<p><img fetchpriority=\"high\" decoding=\"async\" class=\"alignnone size-full wp-image-2338\" src=\"https:\/\/www.wingtaitape.com\/wp-content\/uploads\/2019\/06\/011-Aluminum-foil-tape_01.jpg\" alt=\"\" width=\"900\" height=\"671\" \/> <img decoding=\"async\" class=\"alignnone size-full wp-image-2339\" src=\"https:\/\/www.wingtaitape.com\/wp-content\/uploads\/2019\/06\/011-Aluminum-foil-tape_02.jpg\" alt=\"\" width=\"900\" height=\"841\" \/> <img decoding=\"async\" class=\"alignnone size-full wp-image-2340\" src=\"https:\/\/www.wingtaitape.com\/wp-content\/uploads\/2019\/06\/011-Aluminum-foil-tape_03.jpg\" alt=\"\" width=\"900\" height=\"535\" \/> <img loading=\"lazy\" decoding=\"async\" class=\"alignnone size-full wp-image-2341\" src=\"https:\/\/www.wingtaitape.com\/wp-content\/uploads\/2019\/06\/011-Aluminum-foil-tape_04.jpg\" alt=\"\" width=\"900\" height=\"1315\" \/><\/p>\n<p>&nbsp;<\/p>\n<p>&nbsp;<\/p>","protected":false},"excerpt":{"rendered":"<ul>\n<li>Excelente propriedade el\u00e9trica e maciez\uff1b<\/li>\n<li>Essa fita el\u00e9trica \u00e9 resistente \u00e0 maioria dos produtos qu\u00edmicos e \u00e0 umidade.<\/li>\n<\/ul>","protected":false},"featured_media":3091,"template":"","meta":{"slim_seo":{"title":"Fita de folha de alum\u00ednio - Fita adesiva Fabricante, fornecedor, exportador | WINGTAI","description":"Excelente propriedade e maciez da fita el\u00e9trica: essa fita el\u00e9trica \u00e9 resistente \u00e0 maioria dos produtos qu\u00edmicos e \u00e0 umidade."}},"product_brand":[],"product_cat":[43],"product_tag":[],"class_list":{"0":"post-2808","1":"product","2":"type-product","3":"status-publish","4":"has-post-thumbnail","6":"product_cat-industrial-tape","8":"first","9":"instock","10":"shipping-taxable","11":"product-type-simple"},"_links":{"self":[{"href":"https:\/\/www.wingtaitape.com\/pt\/wp-json\/wp\/v2\/product\/2808","targetHints":{"allow":["GET"]}}],"collection":[{"href":"https:\/\/www.wingtaitape.com\/pt\/wp-json\/wp\/v2\/product"}],"about":[{"href":"https:\/\/www.wingtaitape.com\/pt\/wp-json\/wp\/v2\/types\/product"}],"wp:featuredmedia":[{"embeddable":true,"href":"https:\/\/www.wingtaitape.com\/pt\/wp-json\/wp\/v2\/media\/3091"}],"wp:attachment":[{"href":"https:\/\/www.wingtaitape.com\/pt\/wp-json\/wp\/v2\/media?parent=2808"}],"wp:term":[{"taxonomy":"product_brand","embeddable":true,"href":"https:\/\/www.wingtaitape.com\/pt\/wp-json\/wp\/v2\/product_brand?post=2808"},{"taxonomy":"product_cat","embeddable":true,"href":"https:\/\/www.wingtaitape.com\/pt\/wp-json\/wp\/v2\/product_cat?post=2808"},{"taxonomy":"product_tag","embeddable":true,"href":"https:\/\/www.wingtaitape.com\/pt\/wp-json\/wp\/v2\/product_tag?post=2808"}],"curies":[{"name":"wp","href":"https:\/\/api.w.org\/{rel}","templated":true}]}}