{"id":2813,"date":"2023-09-03T01:55:14","date_gmt":"2023-09-03T01:55:14","guid":{"rendered":"https:\/\/www.wingtaitape.com\/?post_type=product&#038;p=2813"},"modified":"2025-04-13T15:05:41","modified_gmt":"2025-04-13T07:05:41","slug":"fita-kraft-autoadesiva","status":"publish","type":"product","link":"https:\/\/www.wingtaitape.com\/pt\/produto\/fita-kraft-autoadesiva\/","title":{"rendered":"Fita Kraft autoadesiva"},"content":{"rendered":"<p><iframe title=\"Reprodutor de v\u00eddeo do YouTube\" src=\"https:\/\/www.youtube.com\/embed\/sHSpSw-THec?si=NYU6FSe_GHF2NH-v\" width=\"560\" height=\"315\" frameborder=\"0\" allowfullscreen=\"allowfullscreen\"><\/iframe><\/p>\n<h4><span style=\"font-family: 'Open Sans';\">Principais recursos<\/span><\/h4>\n<ul>\n<li>Autoadesivo, n\u00e3o precisa de \u00e1gua para ser ativado.<\/li>\n<li>Ecologicamente correto, f\u00e1cil de usar e rasgar;<\/li>\n<li>Forte ades\u00e3o, resist\u00eancia \u00e0 temperatura.<\/li>\n<\/ul>\n<h4><span style=\"font-family: 'Open Sans';\">Aplicativo<\/span><\/h4>\n<div id=\"eluid6bff19a0\" class=\"tabbable hr-tabs hg-tabs eluid6bff19a0 tabs--light element-scheme--light tabs_style1\" data-tabs-history=\"1\">\n<div class=\"tab-content\">\n<div id=\"eluid6bff19a0_1_0\" class=\"tab-pane active in\">\n<div class=\"row tabPaneContainer\">\n<div id=\"eluid1612f633\" class=\"eluid1612f633 col-md-12 col-sm-12 znColumnElement\">\n<div class=\"znColumnElement-innerWrapper-eluid1612f633 znColumnElement-innerWrapper znColumnElement-innerWrapper--valign-top znColumnElement-innerWrapper--halign-left\">\n<div class=\"znColumnElement-innerContent\">\n<div class=\"zn_text_box eluidcd6101b1 zn_text_box-light element-scheme--light\">\n<ul>\n<li>Adequado para veda\u00e7\u00e3o de caixas de papel\u00e3o e jun\u00e7\u00e3o de couro.<\/li>\n<li>Para jun\u00e7\u00e3o de papel no setor de fabrica\u00e7\u00e3o de papel.<\/li>\n<\/ul>\n<\/div>\n<\/div>\n<\/div>\n<\/div>\n<\/div>\n<\/div>\n<div id=\"eluid6bff19a0_1_1\" class=\"tab-pane\">\n<div class=\"row tabPaneContainer\">\n<div id=\"eluidc5f8461b\" class=\"eluidc5f8461b col-md-12 col-sm-12 znColumnElement\">\n<div class=\"znColumnElement-innerWrapper-eluidc5f8461b znColumnElement-innerWrapper znColumnElement-innerWrapper--valign-top znColumnElement-innerWrapper--halign-left\">\n<div class=\"znColumnElement-innerContent\"><\/div>\n<\/div>\n<\/div>\n<\/div>\n<\/div>\n<div id=\"eluid6bff19a0_1_2\" class=\"tab-pane\">\n<div class=\"row tabPaneContainer\">\n<div id=\"eluid21b6464b\" class=\"eluid21b6464b col-md-12 col-sm-12 znColumnElement\">\n<div class=\"znColumnElement-innerWrapper-eluid21b6464b znColumnElement-innerWrapper znColumnElement-innerWrapper--valign-top znColumnElement-innerWrapper--halign-left\">\n<div class=\"znColumnElement-innerContent\"><img fetchpriority=\"high\" decoding=\"async\" class=\"alignnone size-full wp-image-6410\" src=\"https:\/\/www.wingtaitape.com\/wp-content\/uploads\/2023\/09\/Kraft-tape-WT-1.jpg\" alt=\"Fita Kraft autoadesiva\" width=\"790\" height=\"1124\" srcset=\"https:\/\/www.wingtaitape.com\/wp-content\/uploads\/2023\/09\/Kraft-tape-WT-1.jpg 790w, https:\/\/www.wingtaitape.com\/wp-content\/uploads\/2023\/09\/Kraft-tape-WT-1-422x600.jpg 422w, https:\/\/www.wingtaitape.com\/wp-content\/uploads\/2023\/09\/Kraft-tape-WT-1-720x1024.jpg 720w, https:\/\/www.wingtaitape.com\/wp-content\/uploads\/2023\/09\/Kraft-tape-WT-1-768x1093.jpg 768w, https:\/\/www.wingtaitape.com\/wp-content\/uploads\/2023\/09\/Kraft-tape-WT-1-8x12.jpg 8w, https:\/\/www.wingtaitape.com\/wp-content\/uploads\/2023\/09\/Kraft-tape-WT-1-600x854.jpg 600w\" sizes=\"(max-width: 790px) 100vw, 790px\" \/> <img decoding=\"async\" class=\"alignnone size-full wp-image-6411\" src=\"https:\/\/www.wingtaitape.com\/wp-content\/uploads\/2023\/09\/Kraft-tape-WT-2.jpg\" alt=\"Fita Kraft autoadesiva\" width=\"790\" height=\"1008\" srcset=\"https:\/\/www.wingtaitape.com\/wp-content\/uploads\/2023\/09\/Kraft-tape-WT-2.jpg 790w, https:\/\/www.wingtaitape.com\/wp-content\/uploads\/2023\/09\/Kraft-tape-WT-2-470x600.jpg 470w, https:\/\/www.wingtaitape.com\/wp-content\/uploads\/2023\/09\/Kraft-tape-WT-2-768x980.jpg 768w, https:\/\/www.wingtaitape.com\/wp-content\/uploads\/2023\/09\/Kraft-tape-WT-2-9x12.jpg 9w, https:\/\/www.wingtaitape.com\/wp-content\/uploads\/2023\/09\/Kraft-tape-WT-2-600x766.jpg 600w\" sizes=\"(max-width: 790px) 100vw, 790px\" \/> <img decoding=\"async\" class=\"alignnone size-full wp-image-6412\" src=\"https:\/\/www.wingtaitape.com\/wp-content\/uploads\/2023\/09\/Kraft-tape-WT-3.jpg\" alt=\"Fita Kraft autoadesiva\" width=\"790\" height=\"1400\" srcset=\"https:\/\/www.wingtaitape.com\/wp-content\/uploads\/2023\/09\/Kraft-tape-WT-3.jpg 790w, https:\/\/www.wingtaitape.com\/wp-content\/uploads\/2023\/09\/Kraft-tape-WT-3-339x600.jpg 339w, https:\/\/www.wingtaitape.com\/wp-content\/uploads\/2023\/09\/Kraft-tape-WT-3-578x1024.jpg 578w, https:\/\/www.wingtaitape.com\/wp-content\/uploads\/2023\/09\/Kraft-tape-WT-3-768x1361.jpg 768w, https:\/\/www.wingtaitape.com\/wp-content\/uploads\/2023\/09\/Kraft-tape-WT-3-7x12.jpg 7w, https:\/\/www.wingtaitape.com\/wp-content\/uploads\/2023\/09\/Kraft-tape-WT-3-600x1063.jpg 600w\" sizes=\"(max-width: 790px) 100vw, 790px\" \/> <img loading=\"lazy\" decoding=\"async\" class=\"alignnone size-full wp-image-6413\" src=\"https:\/\/www.wingtaitape.com\/wp-content\/uploads\/2023\/09\/Kraft-tape-WT-4.jpg\" alt=\"Fita Kraft autoadesiva\" width=\"790\" height=\"1108\" srcset=\"https:\/\/www.wingtaitape.com\/wp-content\/uploads\/2023\/09\/Kraft-tape-WT-4.jpg 790w, https:\/\/www.wingtaitape.com\/wp-content\/uploads\/2023\/09\/Kraft-tape-WT-4-428x600.jpg 428w, https:\/\/www.wingtaitape.com\/wp-content\/uploads\/2023\/09\/Kraft-tape-WT-4-730x1024.jpg 730w, https:\/\/www.wingtaitape.com\/wp-content\/uploads\/2023\/09\/Kraft-tape-WT-4-768x1077.jpg 768w, https:\/\/www.wingtaitape.com\/wp-content\/uploads\/2023\/09\/Kraft-tape-WT-4-9x12.jpg 9w, https:\/\/www.wingtaitape.com\/wp-content\/uploads\/2023\/09\/Kraft-tape-WT-4-600x842.jpg 600w\" sizes=\"(max-width: 790px) 100vw, 790px\" \/> <img loading=\"lazy\" decoding=\"async\" class=\"alignnone size-full wp-image-6414\" src=\"https:\/\/www.wingtaitape.com\/wp-content\/uploads\/2023\/09\/Kraft-tape-WT-5.jpg\" alt=\"Fita Kraft autoadesiva\" width=\"790\" height=\"1183\" srcset=\"https:\/\/www.wingtaitape.com\/wp-content\/uploads\/2023\/09\/Kraft-tape-WT-5.jpg 790w, https:\/\/www.wingtaitape.com\/wp-content\/uploads\/2023\/09\/Kraft-tape-WT-5-401x600.jpg 401w, https:\/\/www.wingtaitape.com\/wp-content\/uploads\/2023\/09\/Kraft-tape-WT-5-684x1024.jpg 684w, https:\/\/www.wingtaitape.com\/wp-content\/uploads\/2023\/09\/Kraft-tape-WT-5-768x1150.jpg 768w, https:\/\/www.wingtaitape.com\/wp-content\/uploads\/2023\/09\/Kraft-tape-WT-5-8x12.jpg 8w, https:\/\/www.wingtaitape.com\/wp-content\/uploads\/2023\/09\/Kraft-tape-WT-5-600x898.jpg 600w\" sizes=\"(max-width: 790px) 100vw, 790px\" \/> <img loading=\"lazy\" decoding=\"async\" class=\"alignnone size-full wp-image-6415\" src=\"https:\/\/www.wingtaitape.com\/wp-content\/uploads\/2023\/09\/Kraft-tape-WT-6.jpg\" alt=\"Fita de papel kraft\" width=\"790\" height=\"1096\" srcset=\"https:\/\/www.wingtaitape.com\/wp-content\/uploads\/2023\/09\/Kraft-tape-WT-6.jpg 790w, https:\/\/www.wingtaitape.com\/wp-content\/uploads\/2023\/09\/Kraft-tape-WT-6-432x600.jpg 432w, https:\/\/www.wingtaitape.com\/wp-content\/uploads\/2023\/09\/Kraft-tape-WT-6-738x1024.jpg 738w, https:\/\/www.wingtaitape.com\/wp-content\/uploads\/2023\/09\/Kraft-tape-WT-6-768x1065.jpg 768w, https:\/\/www.wingtaitape.com\/wp-content\/uploads\/2023\/09\/Kraft-tape-WT-6-9x12.jpg 9w, https:\/\/www.wingtaitape.com\/wp-content\/uploads\/2023\/09\/Kraft-tape-WT-6-600x832.jpg 600w\" sizes=\"(max-width: 790px) 100vw, 790px\" \/> <img loading=\"lazy\" decoding=\"async\" class=\"alignnone size-full wp-image-6416\" src=\"https:\/\/www.wingtaitape.com\/wp-content\/uploads\/2023\/09\/Kraft-tape-WT-7.jpg\" alt=\"Fita de papel kraft\" width=\"790\" height=\"757\" srcset=\"https:\/\/www.wingtaitape.com\/wp-content\/uploads\/2023\/09\/Kraft-tape-WT-7.jpg 790w, https:\/\/www.wingtaitape.com\/wp-content\/uploads\/2023\/09\/Kraft-tape-WT-7-600x575.jpg 600w, https:\/\/www.wingtaitape.com\/wp-content\/uploads\/2023\/09\/Kraft-tape-WT-7-768x736.jpg 768w, https:\/\/www.wingtaitape.com\/wp-content\/uploads\/2023\/09\/Kraft-tape-WT-7-13x12.jpg 13w\" sizes=\"(max-width: 790px) 100vw, 790px\" \/> <img loading=\"lazy\" decoding=\"async\" class=\"alignnone size-full wp-image-6417\" src=\"https:\/\/www.wingtaitape.com\/wp-content\/uploads\/2023\/09\/Kraft-tape-WT-8.jpg\" alt=\"Fita de papel kraft\" width=\"790\" height=\"646\" srcset=\"https:\/\/www.wingtaitape.com\/wp-content\/uploads\/2023\/09\/Kraft-tape-WT-8.jpg 790w, https:\/\/www.wingtaitape.com\/wp-content\/uploads\/2023\/09\/Kraft-tape-WT-8-600x491.jpg 600w, https:\/\/www.wingtaitape.com\/wp-content\/uploads\/2023\/09\/Kraft-tape-WT-8-768x628.jpg 768w, https:\/\/www.wingtaitape.com\/wp-content\/uploads\/2023\/09\/Kraft-tape-WT-8-15x12.jpg 15w\" sizes=\"(max-width: 790px) 100vw, 790px\" \/> <img loading=\"lazy\" decoding=\"async\" class=\"alignnone size-full wp-image-6418\" src=\"https:\/\/www.wingtaitape.com\/wp-content\/uploads\/2023\/09\/Kraft-tape-WT-9.jpg\" alt=\"Fita de papel kraft\" width=\"790\" height=\"650\" srcset=\"https:\/\/www.wingtaitape.com\/wp-content\/uploads\/2023\/09\/Kraft-tape-WT-9.jpg 790w, https:\/\/www.wingtaitape.com\/wp-content\/uploads\/2023\/09\/Kraft-tape-WT-9-600x494.jpg 600w, https:\/\/www.wingtaitape.com\/wp-content\/uploads\/2023\/09\/Kraft-tape-WT-9-768x632.jpg 768w, https:\/\/www.wingtaitape.com\/wp-content\/uploads\/2023\/09\/Kraft-tape-WT-9-15x12.jpg 15w\" sizes=\"(max-width: 790px) 100vw, 790px\" \/> <img loading=\"lazy\" decoding=\"async\" class=\"alignnone size-full wp-image-6419\" src=\"https:\/\/www.wingtaitape.com\/wp-content\/uploads\/2023\/09\/Kraft-tape-WT-10.jpg\" alt=\"Fita de papel kraft\" width=\"790\" height=\"754\" srcset=\"https:\/\/www.wingtaitape.com\/wp-content\/uploads\/2023\/09\/Kraft-tape-WT-10.jpg 790w, https:\/\/www.wingtaitape.com\/wp-content\/uploads\/2023\/09\/Kraft-tape-WT-10-600x573.jpg 600w, https:\/\/www.wingtaitape.com\/wp-content\/uploads\/2023\/09\/Kraft-tape-WT-10-768x733.jpg 768w, https:\/\/www.wingtaitape.com\/wp-content\/uploads\/2023\/09\/Kraft-tape-WT-10-13x12.jpg 13w\" sizes=\"(max-width: 790px) 100vw, 790px\" \/> <img loading=\"lazy\" decoding=\"async\" class=\"alignnone size-full wp-image-6420\" src=\"https:\/\/www.wingtaitape.com\/wp-content\/uploads\/2023\/09\/Kraft-tape-WT-11.jpg\" alt=\"Fita de papel kraft\" width=\"790\" height=\"960\" srcset=\"https:\/\/www.wingtaitape.com\/wp-content\/uploads\/2023\/09\/Kraft-tape-WT-11.jpg 790w, https:\/\/www.wingtaitape.com\/wp-content\/uploads\/2023\/09\/Kraft-tape-WT-11-494x600.jpg 494w, https:\/\/www.wingtaitape.com\/wp-content\/uploads\/2023\/09\/Kraft-tape-WT-11-768x933.jpg 768w, https:\/\/www.wingtaitape.com\/wp-content\/uploads\/2023\/09\/Kraft-tape-WT-11-10x12.jpg 10w, https:\/\/www.wingtaitape.com\/wp-content\/uploads\/2023\/09\/Kraft-tape-WT-11-600x729.jpg 600w\" sizes=\"(max-width: 790px) 100vw, 790px\" \/> <img loading=\"lazy\" decoding=\"async\" class=\"alignnone size-full wp-image-6421\" src=\"https:\/\/www.wingtaitape.com\/wp-content\/uploads\/2023\/09\/Kraft-tape-WT-12.jpg\" alt=\"Fita de papel kraft\" width=\"790\" height=\"1211\" srcset=\"https:\/\/www.wingtaitape.com\/wp-content\/uploads\/2023\/09\/Kraft-tape-WT-12.jpg 790w, https:\/\/www.wingtaitape.com\/wp-content\/uploads\/2023\/09\/Kraft-tape-WT-12-391x600.jpg 391w, https:\/\/www.wingtaitape.com\/wp-content\/uploads\/2023\/09\/Kraft-tape-WT-12-668x1024.jpg 668w, https:\/\/www.wingtaitape.com\/wp-content\/uploads\/2023\/09\/Kraft-tape-WT-12-768x1177.jpg 768w, https:\/\/www.wingtaitape.com\/wp-content\/uploads\/2023\/09\/Kraft-tape-WT-12-8x12.jpg 8w, https:\/\/www.wingtaitape.com\/wp-content\/uploads\/2023\/09\/Kraft-tape-WT-12-600x920.jpg 600w\" sizes=\"(max-width: 790px) 100vw, 790px\" \/> <img loading=\"lazy\" decoding=\"async\" class=\"alignnone size-full wp-image-6422\" src=\"https:\/\/www.wingtaitape.com\/wp-content\/uploads\/2023\/09\/Kraft-tape-WT-13.jpg\" alt=\"Fita de papel kraft\" width=\"790\" height=\"1200\" srcset=\"https:\/\/www.wingtaitape.com\/wp-content\/uploads\/2023\/09\/Kraft-tape-WT-13.jpg 790w, https:\/\/www.wingtaitape.com\/wp-content\/uploads\/2023\/09\/Kraft-tape-WT-13-395x600.jpg 395w, https:\/\/www.wingtaitape.com\/wp-content\/uploads\/2023\/09\/Kraft-tape-WT-13-674x1024.jpg 674w, https:\/\/www.wingtaitape.com\/wp-content\/uploads\/2023\/09\/Kraft-tape-WT-13-768x1167.jpg 768w, https:\/\/www.wingtaitape.com\/wp-content\/uploads\/2023\/09\/Kraft-tape-WT-13-8x12.jpg 8w, https:\/\/www.wingtaitape.com\/wp-content\/uploads\/2023\/09\/Kraft-tape-WT-13-600x911.jpg 600w\" sizes=\"(max-width: 790px) 100vw, 790px\" \/><\/div>\n<\/div>\n<\/div>\n<\/div>\n<\/div>\n<div id=\"eluid6bff19a0_1_3\" class=\"tab-pane\">\n<div class=\"row tabPaneContainer\">\n<div id=\"eluidb48b786c\" class=\"eluidb48b786c col-md-12 col-sm-12 znColumnElement\">\n<div class=\"znColumnElement-innerWrapper-eluidb48b786c znColumnElement-innerWrapper znColumnElement-innerWrapper--valign-top znColumnElement-innerWrapper--halign-left\">\n<div class=\"znColumnElement-innerContent\">\n<div class=\"zn_text_box eluid07647954 zn_text_box-light element-scheme--light\">\n<p>&nbsp;<\/p>\n<\/div>\n<\/div>\n<\/div>\n<\/div>\n<\/div>\n<\/div>\n<\/div>\n<\/div>\n<p>&nbsp;<\/p>\n<p>&nbsp;<\/p>","protected":false},"excerpt":{"rendered":"<ul>\n<li>Ecologicamente correto, f\u00e1cil de usar e rasgar;<\/li>\n<li>Forte ades\u00e3o, resist\u00eancia \u00e0 temperatura.<\/li>\n<\/ul>","protected":false},"featured_media":6405,"template":"","meta":{"slim_seo":{"title":"Fita Kraft Autoadesiva - Fita adesiva Fabricante, fornecedor, exportador | WINGTAI","description":"A fita kraft \u00e9 ecologicamente correta, f\u00e1cil de usar e rasgar; forte ades\u00e3o, resist\u00eancia \u00e0 temperatura."}},"product_brand":[],"product_cat":[46,47],"product_tag":[],"class_list":{"0":"post-2813","1":"product","2":"type-product","3":"status-publish","4":"has-post-thumbnail","6":"product_cat-kraft-tapes","7":"product_cat-masking-paper-tapes","9":"first","10":"instock","11":"shipping-taxable","12":"product-type-simple"},"_links":{"self":[{"href":"https:\/\/www.wingtaitape.com\/pt\/wp-json\/wp\/v2\/product\/2813","targetHints":{"allow":["GET"]}}],"collection":[{"href":"https:\/\/www.wingtaitape.com\/pt\/wp-json\/wp\/v2\/product"}],"about":[{"href":"https:\/\/www.wingtaitape.com\/pt\/wp-json\/wp\/v2\/types\/product"}],"wp:featuredmedia":[{"embeddable":true,"href":"https:\/\/www.wingtaitape.com\/pt\/wp-json\/wp\/v2\/media\/6405"}],"wp:attachment":[{"href":"https:\/\/www.wingtaitape.com\/pt\/wp-json\/wp\/v2\/media?parent=2813"}],"wp:term":[{"taxonomy":"product_brand","embeddable":true,"href":"https:\/\/www.wingtaitape.com\/pt\/wp-json\/wp\/v2\/product_brand?post=2813"},{"taxonomy":"product_cat","embeddable":true,"href":"https:\/\/www.wingtaitape.com\/pt\/wp-json\/wp\/v2\/product_cat?post=2813"},{"taxonomy":"product_tag","embeddable":true,"href":"https:\/\/www.wingtaitape.com\/pt\/wp-json\/wp\/v2\/product_tag?post=2813"}],"curies":[{"name":"wp","href":"https:\/\/api.w.org\/{rel}","templated":true}]}}