{"id":2819,"date":"2023-09-03T02:17:29","date_gmt":"2023-09-03T02:17:29","guid":{"rendered":"https:\/\/www.wingtaitape.com\/?post_type=product&#038;p=2819"},"modified":"2025-04-12T11:20:02","modified_gmt":"2025-04-12T03:20:02","slug":"fita-para-pintores-automotivos","status":"publish","type":"product","link":"https:\/\/www.wingtaitape.com\/pt\/produto\/fita-para-pintores-automotivos\/","title":{"rendered":"Fita para pintores automotivos"},"content":{"rendered":"<p><iframe title=\"Reprodutor de v\u00eddeo do YouTube\" src=\"https:\/\/www.youtube.com\/embed\/Z5ErbGFcPds?si=QICzXC9-WJkQyrC4\" width=\"560\" height=\"315\" frameborder=\"0\" allowfullscreen=\"allowfullscreen\"><\/iframe><\/p>\n<h4><span style=\"font-family: 'Open Sans';\">Principais recursos<\/span><\/h4>\n<ul>\n<li>F\u00e1cil de rasgar, sem res\u00edduos, resistente a at\u00e9 80 graus Celsius.<\/li>\n<li>boa ades\u00e3o a praticamente qualquer material<\/li>\n<\/ul>\n<h4><span style=\"font-family: 'Open Sans';\">Aplicativo<\/span><\/h4>\n<div id=\"eluid6bff19a0\" class=\"tabbable hr-tabs hg-tabs eluid6bff19a0 tabs--light element-scheme--light tabs_style1\" data-tabs-history=\"1\">\n<div class=\"tab-content\">\n<div id=\"eluid6bff19a0_1_0\" class=\"tab-pane active in\">\n<div class=\"row tabPaneContainer\">\n<div id=\"eluid1612f633\" class=\"eluid1612f633 col-md-12 col-sm-12 znColumnElement\">\n<div class=\"znColumnElement-innerWrapper-eluid1612f633 znColumnElement-innerWrapper znColumnElement-innerWrapper--valign-top znColumnElement-innerWrapper--halign-left\">\n<div class=\"znColumnElement-innerContent\">\n<div class=\"zn_text_box eluidcd6101b1 zn_text_box-light element-scheme--light\">\n<ul>\n<li>A fita adesiva para pintores \u00e9 importante para pintar e aplicar primer em ve\u00edculos, resid\u00eancias ou qualquer outra coisa que voc\u00ea esteja pintando e que esteja tentando proteger. Ao pintar e aplicar o primer em um ve\u00edculo, talvez seja necess\u00e1rio cobrir pain\u00e9is, vidros, proteger o interior e muito mais. A fita adesiva e o papel de m\u00e1scara s\u00e3o a combina\u00e7\u00e3o perfeita de materiais para ajud\u00e1-lo a fazer isso.<\/li>\n<\/ul>\n<\/div>\n<\/div>\n<\/div>\n<\/div>\n<\/div>\n<\/div>\n<div id=\"eluid6bff19a0_1_1\" class=\"tab-pane\">\n<div class=\"row tabPaneContainer\">\n<div id=\"eluidc5f8461b\" class=\"eluidc5f8461b col-md-12 col-sm-12 znColumnElement\">\n<div class=\"znColumnElement-innerWrapper-eluidc5f8461b znColumnElement-innerWrapper znColumnElement-innerWrapper--valign-top znColumnElement-innerWrapper--halign-left\">\n<div class=\"znColumnElement-innerContent\"><\/div>\n<\/div>\n<\/div>\n<\/div>\n<\/div>\n<div id=\"eluid6bff19a0_1_2\" class=\"tab-pane\">\n<div class=\"row tabPaneContainer\">\n<div id=\"eluid21b6464b\" class=\"eluid21b6464b col-md-12 col-sm-12 znColumnElement\">\n<div class=\"znColumnElement-innerWrapper-eluid21b6464b znColumnElement-innerWrapper znColumnElement-innerWrapper--valign-top znColumnElement-innerWrapper--halign-left\">\n<div class=\"znColumnElement-innerContent\"><\/div>\n<\/div>\n<\/div>\n<\/div>\n<\/div>\n<div id=\"eluid6bff19a0_1_3\" class=\"tab-pane\">\n<div class=\"row tabPaneContainer\">\n<div id=\"eluidb48b786c\" class=\"eluidb48b786c col-md-12 col-sm-12 znColumnElement\">\n<div class=\"znColumnElement-innerWrapper-eluidb48b786c znColumnElement-innerWrapper znColumnElement-innerWrapper--valign-top znColumnElement-innerWrapper--halign-left\">\n<div class=\"znColumnElement-innerContent\">\n<div class=\"zn_text_box eluid07647954 zn_text_box-light element-scheme--light\">\n<p>&nbsp;<\/p>\n<\/div>\n<\/div>\n<\/div>\n<\/div>\n<\/div>\n<\/div>\n<\/div>\n<\/div>\n<p>&nbsp;<\/p>\n<p>&nbsp;<\/p>","protected":false},"excerpt":{"rendered":"<ul>\n<li>F\u00e1cil de rasgar, sem res\u00edduos, resistente a at\u00e9 80 graus Celsius.<\/li>\n<li>Boa ades\u00e3o a praticamente qualquer material<\/li>\n<\/ul>","protected":false},"featured_media":3087,"template":"","meta":{"slim_seo":{"title":"Fita para pintores automotivos - Fita adesiva Fabricante, fornecedor, exportador | WINGTAI","description":"A fita para pintores Wingtai \u00e9 f\u00e1cil de rasgar, n\u00e3o deixa res\u00edduos, \u00e9 resistente a at\u00e9 80 graus Celsius e tem boa ades\u00e3o a praticamente qualquer material"}},"product_brand":[],"product_cat":[47,48],"product_tag":[],"class_list":{"0":"post-2819","1":"product","2":"type-product","3":"status-publish","4":"has-post-thumbnail","6":"product_cat-masking-paper-tapes","7":"product_cat-masking-tapes","9":"first","10":"instock","11":"shipping-taxable","12":"product-type-simple"},"_links":{"self":[{"href":"https:\/\/www.wingtaitape.com\/pt\/wp-json\/wp\/v2\/product\/2819","targetHints":{"allow":["GET"]}}],"collection":[{"href":"https:\/\/www.wingtaitape.com\/pt\/wp-json\/wp\/v2\/product"}],"about":[{"href":"https:\/\/www.wingtaitape.com\/pt\/wp-json\/wp\/v2\/types\/product"}],"wp:featuredmedia":[{"embeddable":true,"href":"https:\/\/www.wingtaitape.com\/pt\/wp-json\/wp\/v2\/media\/3087"}],"wp:attachment":[{"href":"https:\/\/www.wingtaitape.com\/pt\/wp-json\/wp\/v2\/media?parent=2819"}],"wp:term":[{"taxonomy":"product_brand","embeddable":true,"href":"https:\/\/www.wingtaitape.com\/pt\/wp-json\/wp\/v2\/product_brand?post=2819"},{"taxonomy":"product_cat","embeddable":true,"href":"https:\/\/www.wingtaitape.com\/pt\/wp-json\/wp\/v2\/product_cat?post=2819"},{"taxonomy":"product_tag","embeddable":true,"href":"https:\/\/www.wingtaitape.com\/pt\/wp-json\/wp\/v2\/product_tag?post=2819"}],"curies":[{"name":"wp","href":"https:\/\/api.w.org\/{rel}","templated":true}]}}