{"id":2820,"date":"2023-09-03T02:19:55","date_gmt":"2023-09-03T02:19:55","guid":{"rendered":"https:\/\/www.wingtaitape.com\/?post_type=product&#038;p=2820"},"modified":"2024-07-23T16:12:48","modified_gmt":"2024-07-23T08:12:48","slug":"fita-de-membrana-a-prova-dagua","status":"publish","type":"product","link":"https:\/\/www.wingtaitape.com\/pt\/produto\/fita-de-membrana-a-prova-dagua\/","title":{"rendered":"Fita de membrana \u00e0 prova d'\u00e1gua"},"content":{"rendered":"<h4><span style=\"font-family: 'Open Sans';\">Principais recursos<\/span><\/h4>\n<ul>\n<li>Um excelente equil\u00edbrio entre bom poder de fixa\u00e7\u00e3o e desempenho de colagem<\/li>\n<li>Colagem suficiente at\u00e9 mesmo em superf\u00edcies cr\u00edticas, como diversas espumas e materiais de borracha, e em temperaturas elevadas<\/li>\n<li>Alta ader\u00eancia inicial para agarrar imediatamente a superf\u00edcie de colagem<\/li>\n<\/ul>\n<h4><span style=\"font-family: 'Open Sans';\">Aplicativo<\/span><\/h4>\n<ul>\n<li>Fixa\u00e7\u00e3o de folhas refletivas usadas para m\u00f3dulos de luz de fundo de LCD de c\u00e2meras digitais e telefones celulares;<\/li>\n<li>Montagem de componentes em dispositivos eletr\u00f4nicos<\/li>\n<li>Montagem de placas de identifica\u00e7\u00e3o, crach\u00e1s e sinais luminosos<\/li>\n<li>Montagem de perfis decorativos e molduras no setor de m\u00f3veis<\/li>\n<\/ul>\n<p><strong>Produto alternativo de\u00a0<\/strong><\/p>\n<ul>\n<li>Tesa4983, 4972, 4980, 4982, 4928, 4967, 4965, 4970, 4968<\/li>\n<li>3M9009, 9019, 9500<\/li>\n<li>Nitto5603, 5605, 5680, 5610, 5612<\/li>\n<\/ul>\n<p><img fetchpriority=\"high\" decoding=\"async\" class=\"alignnone size-full wp-image-6081\" src=\"https:\/\/www.wingtaitape.com\/wp-content\/uploads\/2023\/09\/film-switch-double-sided-tape-600x450-1.jpg\" alt=\"Fita dupla-face para troca de filme\" width=\"600\" height=\"450\" srcset=\"https:\/\/www.wingtaitape.com\/wp-content\/uploads\/2023\/09\/film-switch-double-sided-tape-600x450-1.jpg 600w, https:\/\/www.wingtaitape.com\/wp-content\/uploads\/2023\/09\/film-switch-double-sided-tape-600x450-1-16x12.jpg 16w\" sizes=\"(max-width: 600px) 100vw, 600px\" \/><\/p>\n<p>&nbsp;<\/p>\n<p>&nbsp;<\/p>","protected":false},"excerpt":{"rendered":"<ul>\n<li>A fita de filme dupla face \u00e9 uma fita autoadesiva transparente de dupla face composta por um dorso de PET e um adesivo acr\u00edlico aderente<\/li>\n<\/ul>","protected":false},"featured_media":3127,"template":"","meta":{"slim_seo":{"title":"Fita de membrana \u00e0 prova d'\u00e1gua - Fita adesiva Fabricante, fornecedor, exportador | WINGTAI","description":"A fita dupla face industrial oferece for\u00e7a adesiva superior e \u00e9 excelente para a fixa\u00e7\u00e3o de pe\u00e7as. Apresenta boas propriedades para a colagem de substratos."}},"product_brand":[],"product_cat":[32,35,43,49],"product_tag":[],"class_list":{"0":"post-2820","1":"product","2":"type-product","3":"status-publish","4":"has-post-thumbnail","6":"product_cat-bonding-mounting","7":"product_cat-double-coated-tapes","8":"product_cat-industrial-tape","9":"product_cat-membrane-switch-spacers","11":"first","12":"instock","13":"shipping-taxable","14":"product-type-simple"},"_links":{"self":[{"href":"https:\/\/www.wingtaitape.com\/pt\/wp-json\/wp\/v2\/product\/2820","targetHints":{"allow":["GET"]}}],"collection":[{"href":"https:\/\/www.wingtaitape.com\/pt\/wp-json\/wp\/v2\/product"}],"about":[{"href":"https:\/\/www.wingtaitape.com\/pt\/wp-json\/wp\/v2\/types\/product"}],"wp:featuredmedia":[{"embeddable":true,"href":"https:\/\/www.wingtaitape.com\/pt\/wp-json\/wp\/v2\/media\/3127"}],"wp:attachment":[{"href":"https:\/\/www.wingtaitape.com\/pt\/wp-json\/wp\/v2\/media?parent=2820"}],"wp:term":[{"taxonomy":"product_brand","embeddable":true,"href":"https:\/\/www.wingtaitape.com\/pt\/wp-json\/wp\/v2\/product_brand?post=2820"},{"taxonomy":"product_cat","embeddable":true,"href":"https:\/\/www.wingtaitape.com\/pt\/wp-json\/wp\/v2\/product_cat?post=2820"},{"taxonomy":"product_tag","embeddable":true,"href":"https:\/\/www.wingtaitape.com\/pt\/wp-json\/wp\/v2\/product_tag?post=2820"}],"curies":[{"name":"wp","href":"https:\/\/api.w.org\/{rel}","templated":true}]}}