{"id":2824,"date":"2023-09-03T02:27:42","date_gmt":"2023-09-03T02:27:42","guid":{"rendered":"https:\/\/www.wingtaitape.com\/?post_type=product&#038;p=2824"},"modified":"2024-01-31T11:52:27","modified_gmt":"2024-01-31T03:52:27","slug":"fita-para-artigos-de-papelaria-com-nucleo-de-3-polegadas","status":"publish","type":"product","link":"https:\/\/www.wingtaitape.com\/pt\/produto\/fita-para-artigos-de-papelaria-com-nucleo-de-3-polegadas\/","title":{"rendered":"Fita Premium para artigos de papelaria com n\u00facleo de 3"},"content":{"rendered":"<h4><span style=\"font-family: 'Open Sans';\">Principais recursos<\/span><\/h4>\n<ul>\n<li>Forte ades\u00e3o<\/li>\n<li>N\u00e3o t\u00f3xico e inodoro, f\u00e1cil de usar.<\/li>\n<\/ul>\n<p>&nbsp;<\/p>\n<h4><span style=\"font-family: 'Open Sans';\">Aplicativo<\/span><\/h4>\n<ul>\n<li>Adequado para veda\u00e7\u00e3o e embalagem para ind\u00fastrias leves.<\/li>\n<li>A fita colorida para artigos de papelaria \u00e9 adequada para marcas classificadas.<\/li>\n<\/ul>","protected":false},"excerpt":{"rendered":"<ul>\n<li>Forte ades\u00e3o<\/li>\n<li>N\u00e3o t\u00f3xico e inodoro, f\u00e1cil de usar.<\/li>\n<\/ul>","protected":false},"featured_media":3933,"template":"","meta":{"slim_seo":{"title":"Premium Stationery Tape 3\" core - Fita adesiva Fabricante, fornecedor, exportador | WINGTAI","description":"A fita para artigos de papelaria tem forte ades\u00e3o, \u00e9 at\u00f3xica e inodora e f\u00e1cil de usar."}},"product_brand":[],"product_cat":[51],"product_tag":[],"class_list":{"0":"post-2824","1":"product","2":"type-product","3":"status-publish","4":"has-post-thumbnail","6":"product_cat-office-tapes","8":"first","9":"instock","10":"shipping-taxable","11":"product-type-simple"},"_links":{"self":[{"href":"https:\/\/www.wingtaitape.com\/pt\/wp-json\/wp\/v2\/product\/2824","targetHints":{"allow":["GET"]}}],"collection":[{"href":"https:\/\/www.wingtaitape.com\/pt\/wp-json\/wp\/v2\/product"}],"about":[{"href":"https:\/\/www.wingtaitape.com\/pt\/wp-json\/wp\/v2\/types\/product"}],"wp:featuredmedia":[{"embeddable":true,"href":"https:\/\/www.wingtaitape.com\/pt\/wp-json\/wp\/v2\/media\/3933"}],"wp:attachment":[{"href":"https:\/\/www.wingtaitape.com\/pt\/wp-json\/wp\/v2\/media?parent=2824"}],"wp:term":[{"taxonomy":"product_brand","embeddable":true,"href":"https:\/\/www.wingtaitape.com\/pt\/wp-json\/wp\/v2\/product_brand?post=2824"},{"taxonomy":"product_cat","embeddable":true,"href":"https:\/\/www.wingtaitape.com\/pt\/wp-json\/wp\/v2\/product_cat?post=2824"},{"taxonomy":"product_tag","embeddable":true,"href":"https:\/\/www.wingtaitape.com\/pt\/wp-json\/wp\/v2\/product_tag?post=2824"}],"curies":[{"name":"wp","href":"https:\/\/api.w.org\/{rel}","templated":true}]}}