{"id":2825,"date":"2023-09-03T02:33:32","date_gmt":"2023-09-03T02:33:32","guid":{"rendered":"https:\/\/www.wingtaitape.com\/?post_type=product&#038;p=2825"},"modified":"2023-12-10T21:31:56","modified_gmt":"2023-12-10T13:31:56","slug":"dispensador-de-fita-plastica-para-embalagem","status":"publish","type":"product","link":"https:\/\/www.wingtaitape.com\/pt\/produto\/dispensador-de-fita-plastica-para-embalagem\/","title":{"rendered":"Dispensador de fita para embalagem - pl\u00e1stico"},"content":{"rendered":"<h4><span style=\"font-family: 'Open Sans';\">Principais recursos<\/span><\/h4>\n<ul>\n<li>Afiado, leve e dur\u00e1vel,<\/li>\n<li>simples e conveniente de usar.<\/li>\n<\/ul>\n<p>&nbsp;<\/p>\n<h4><span style=\"font-family: 'Open Sans';\">Aplicativo<\/span><\/h4>\n<ul>\n<li>A melhor ferramenta para selar caixas de papel\u00e3o e embalagens.<\/li>\n<\/ul>","protected":false},"excerpt":{"rendered":"<ul>\n<li>Afiado, leve e dur\u00e1vel,<\/li>\n<li>Simples e conveniente de usar.<\/li>\n<\/ul>","protected":false},"featured_media":3084,"template":"","meta":{"slim_seo":{"title":"Dispensador de fita para embalagem - pl\u00e1stico - Fita adesiva Fabricante, fornecedor, exportador | WINGTAI","description":"O dispensador de fita para embalagem \u00e9 afiado, leve e dur\u00e1vel, simples e conveniente de usar."}},"product_brand":[],"product_cat":[34],"product_tag":[],"class_list":{"0":"post-2825","1":"product","2":"type-product","3":"status-publish","4":"has-post-thumbnail","6":"product_cat-dispensers","8":"first","9":"instock","10":"shipping-taxable","11":"product-type-simple"},"_links":{"self":[{"href":"https:\/\/www.wingtaitape.com\/pt\/wp-json\/wp\/v2\/product\/2825","targetHints":{"allow":["GET"]}}],"collection":[{"href":"https:\/\/www.wingtaitape.com\/pt\/wp-json\/wp\/v2\/product"}],"about":[{"href":"https:\/\/www.wingtaitape.com\/pt\/wp-json\/wp\/v2\/types\/product"}],"wp:featuredmedia":[{"embeddable":true,"href":"https:\/\/www.wingtaitape.com\/pt\/wp-json\/wp\/v2\/media\/3084"}],"wp:attachment":[{"href":"https:\/\/www.wingtaitape.com\/pt\/wp-json\/wp\/v2\/media?parent=2825"}],"wp:term":[{"taxonomy":"product_brand","embeddable":true,"href":"https:\/\/www.wingtaitape.com\/pt\/wp-json\/wp\/v2\/product_brand?post=2825"},{"taxonomy":"product_cat","embeddable":true,"href":"https:\/\/www.wingtaitape.com\/pt\/wp-json\/wp\/v2\/product_cat?post=2825"},{"taxonomy":"product_tag","embeddable":true,"href":"https:\/\/www.wingtaitape.com\/pt\/wp-json\/wp\/v2\/product_tag?post=2825"}],"curies":[{"name":"wp","href":"https:\/\/api.w.org\/{rel}","templated":true}]}}