{"id":2829,"date":"2023-09-03T05:23:39","date_gmt":"2023-09-03T05:23:39","guid":{"rendered":"https:\/\/www.wingtaitape.com\/?post_type=product&#038;p=2829"},"modified":"2023-12-10T21:31:09","modified_gmt":"2023-12-10T13:31:09","slug":"seladora-de-pescoco-de-saco-de-aco-inoxidavel","status":"publish","type":"product","link":"https:\/\/www.wingtaitape.com\/pt\/produto\/seladora-de-pescoco-de-saco-de-aco-inoxidavel\/","title":{"rendered":"Seladora de gargalo de saco - A\u00e7o inoxid\u00e1vel"},"content":{"rendered":"<h4><span style=\"font-family: 'Open Sans';\">Principais recursos<\/span><\/h4>\n<ul>\n<li>Seladora de pesco\u00e7o de saco para fita de veda\u00e7\u00e3o de saco de PVC, fita de veda\u00e7\u00e3o de saco de OPP, para fita de 9 mm, 12 mm, di\u00e2metro externo m\u00e1ximo de 15 cm.<\/li>\n<\/ul>\n<p>&nbsp;<\/p>\n<h4><span style=\"font-family: 'Open Sans';\">Carregamento de informa\u00e7\u00f5es<\/span><\/h4>\n<ol>\n<li>Coloque o rolo de fita no mandril de fita localizado na parte traseira da m\u00e1quina. Coloque a fita de modo que ela saia do mandril de fita pela parte inferior e o adesivo fique voltado para cima. Se a fita estiver instalada corretamente, o rolo de fita girar\u00e1 no sentido hor\u00e1rio quando a fita for puxada.<\/li>\n<li>Puxe a fita de modo que ela ultrapasse a \u00e1rea de abertura da bolsa em cerca de 2 cm. (Veja a figura 1)<\/li>\n<li>Pegue o pesco\u00e7o da bolsa e tor\u00e7a-o. (Veja a figura 2)<\/li>\n<li>Pegue o saco e empurre-o para baixo na \u00e1rea de abertura da seladora. \u00c9 melhor fazer isso em uma velocidade r\u00e1pida. (Veja a figura 3)<\/li>\n<li>Depois que a bolsa estiver selada, puxe-a pela lateral<\/li>\n<li>Repita o processo.<\/li>\n<\/ol>\n<p><img fetchpriority=\"high\" decoding=\"async\" class=\"alignnone wp-image-2397\" src=\"https:\/\/www.wingtaitape.com\/wp-content\/uploads\/2019\/11\/Loading-instructions-for-Bag-Neck-Sealers.jpg\" alt=\"\" width=\"616\" height=\"235\" \/><\/p>","protected":false},"excerpt":{"rendered":"<ul>\n<li>Seladora de pesco\u00e7o de saco para fita de veda\u00e7\u00e3o de saco de PVC, fita de veda\u00e7\u00e3o de saco de OPP, para fita de 9 mm, 12 mm, di\u00e2metro externo m\u00e1ximo de 15 cm<\/li>\n<\/ul>","protected":false},"featured_media":3082,"template":"","meta":{"slim_seo":{"title":"Bag Neck Sealer - Stainess Steel - Fita adesiva Fabricante, fornecedor, exportador | WINGTAI","description":"Seladora de pesco\u00e7o de saco para fita de veda\u00e7\u00e3o de saco de PVC, fita de veda\u00e7\u00e3o de saco de OPP, para fita de 9 mm, 12 mm, di\u00e2metro externo m\u00e1ximo de 15 cm"}},"product_brand":[],"product_cat":[34],"product_tag":[],"class_list":{"0":"post-2829","1":"product","2":"type-product","3":"status-publish","4":"has-post-thumbnail","6":"product_cat-dispensers","8":"first","9":"instock","10":"shipping-taxable","11":"product-type-simple"},"_links":{"self":[{"href":"https:\/\/www.wingtaitape.com\/pt\/wp-json\/wp\/v2\/product\/2829","targetHints":{"allow":["GET"]}}],"collection":[{"href":"https:\/\/www.wingtaitape.com\/pt\/wp-json\/wp\/v2\/product"}],"about":[{"href":"https:\/\/www.wingtaitape.com\/pt\/wp-json\/wp\/v2\/types\/product"}],"wp:featuredmedia":[{"embeddable":true,"href":"https:\/\/www.wingtaitape.com\/pt\/wp-json\/wp\/v2\/media\/3082"}],"wp:attachment":[{"href":"https:\/\/www.wingtaitape.com\/pt\/wp-json\/wp\/v2\/media?parent=2829"}],"wp:term":[{"taxonomy":"product_brand","embeddable":true,"href":"https:\/\/www.wingtaitape.com\/pt\/wp-json\/wp\/v2\/product_brand?post=2829"},{"taxonomy":"product_cat","embeddable":true,"href":"https:\/\/www.wingtaitape.com\/pt\/wp-json\/wp\/v2\/product_cat?post=2829"},{"taxonomy":"product_tag","embeddable":true,"href":"https:\/\/www.wingtaitape.com\/pt\/wp-json\/wp\/v2\/product_tag?post=2829"}],"curies":[{"name":"wp","href":"https:\/\/api.w.org\/{rel}","templated":true}]}}