{"id":2833,"date":"2023-09-03T05:38:23","date_gmt":"2023-09-03T05:38:23","guid":{"rendered":"https:\/\/www.wingtaitape.com\/?post_type=product&#038;p=2833"},"modified":"2023-12-10T21:30:02","modified_gmt":"2023-12-10T13:30:02","slug":"fita-de-vedacao-do-gargalo-da-bolsa","status":"publish","type":"product","link":"https:\/\/www.wingtaitape.com\/pt\/produto\/fita-de-vedacao-do-gargalo-da-bolsa\/","title":{"rendered":"Fita de veda\u00e7\u00e3o de pesco\u00e7o de saco de PVC - Adesivo de borracha"},"content":{"rendered":"<h4><span style=\"font-family: 'Open Sans';\">Principais recursos<\/span><\/h4>\n<ul>\n<li>Fabricado com filme de PVC r\u00edgido de alta qualidade<\/li>\n<li>Dispon\u00edvel em uma variedade de cores para codifica\u00e7\u00e3o de cores<\/li>\n<li>Pode ser usado manualmente ou com um dispensador<\/li>\n<li>Ideal para selar sacos, inclusive sacos de alimentos<\/li>\n<li>Vers\u00e1til para projetos de artes e artesanato<\/li>\n<\/ul>\n<p>&nbsp;<\/p>\n<h4><span style=\"font-family: Open Sans;\">Aplicativo<\/span><\/h4>\n<ul>\n<li><strong>Lanches e alimentos frescos<\/strong>: Feche e armazene seus lanches favoritos, refei\u00e7\u00f5es e sobras com facilidade.<\/li>\n<li><strong>Selagem de sacolas de supermercado<\/strong>: Facilita a veda\u00e7\u00e3o de sacolas para bancas de mercados de produtores e mercearias.<\/li>\n<li><strong>Decora\u00e7\u00e3o e empacotamento de feriados<\/strong>: Incremente as decora\u00e7\u00f5es natalinas e crie charmosos conjuntos de utens\u00edlios ou projetos de arte.<\/li>\n<li><strong>Codifica\u00e7\u00e3o de cores<\/strong>: Organize os itens por data, cor ou sabor para facilitar a identifica\u00e7\u00e3o.<\/li>\n<\/ul>","protected":false},"excerpt":{"rendered":"<ul>\n<li>Nossa fita seladora de gargalo de saco, feita de filme de PVC r\u00edgido, \u00e9 perfeita para embalar e selar carne, presentes ou sacos de gelo.<\/li>\n<li>Ele vem em v\u00e1rias cores para facilitar a codifica\u00e7\u00e3o de cores e pode ser usado manualmente ou com um dispensador. Ideal para selar alimentos, trabalhos manuais e muito mais.<\/li>\n<\/ul>","protected":false},"featured_media":3079,"template":"","meta":{"slim_seo":{"title":"Fita adesiva de PVC para veda\u00e7\u00e3o de gargalo de saco - Adesivo de borracha - Fita adesiva Fabricante, fornecedor, exportador | WINGTAI","description":"Fita de PVC para selar o gargalo de sacos - a op\u00e7\u00e3o perfeita para embalagem e selagem. Vers\u00e1til, colorida e f\u00e1cil de usar. Ideal para alimentos e muito mais."}},"product_brand":[],"product_cat":[52],"product_tag":[],"class_list":{"0":"post-2833","1":"product","2":"type-product","3":"status-publish","4":"has-post-thumbnail","6":"product_cat-packaging-tapes","8":"first","9":"instock","10":"featured","11":"shipping-taxable","12":"product-type-simple"},"_links":{"self":[{"href":"https:\/\/www.wingtaitape.com\/pt\/wp-json\/wp\/v2\/product\/2833","targetHints":{"allow":["GET"]}}],"collection":[{"href":"https:\/\/www.wingtaitape.com\/pt\/wp-json\/wp\/v2\/product"}],"about":[{"href":"https:\/\/www.wingtaitape.com\/pt\/wp-json\/wp\/v2\/types\/product"}],"wp:featuredmedia":[{"embeddable":true,"href":"https:\/\/www.wingtaitape.com\/pt\/wp-json\/wp\/v2\/media\/3079"}],"wp:attachment":[{"href":"https:\/\/www.wingtaitape.com\/pt\/wp-json\/wp\/v2\/media?parent=2833"}],"wp:term":[{"taxonomy":"product_brand","embeddable":true,"href":"https:\/\/www.wingtaitape.com\/pt\/wp-json\/wp\/v2\/product_brand?post=2833"},{"taxonomy":"product_cat","embeddable":true,"href":"https:\/\/www.wingtaitape.com\/pt\/wp-json\/wp\/v2\/product_cat?post=2833"},{"taxonomy":"product_tag","embeddable":true,"href":"https:\/\/www.wingtaitape.com\/pt\/wp-json\/wp\/v2\/product_tag?post=2833"}],"curies":[{"name":"wp","href":"https:\/\/api.w.org\/{rel}","templated":true}]}}