{"id":2851,"date":"2023-09-10T03:32:08","date_gmt":"2023-09-10T03:32:08","guid":{"rendered":"https:\/\/www.wingtaitape.com\/?post_type=product&#038;p=2851"},"modified":"2025-04-12T15:18:06","modified_gmt":"2025-04-12T07:18:06","slug":"fita-de-filamento-de-alta-resistencia-a-tracao-para-servicos-leves","status":"publish","type":"product","link":"https:\/\/www.wingtaitape.com\/pt\/produto\/fita-de-filamento-de-alta-resistencia-a-tracao-para-servicos-leves\/","title":{"rendered":"Fita de filamento de alta resist\u00eancia \u00e0 tra\u00e7\u00e3o - para servi\u00e7os leves"},"content":{"rendered":"<p><iframe title=\"Reprodutor de v\u00eddeo do YouTube\" src=\"https:\/\/www.youtube.com\/embed\/-7agbhNiR1A?si=iS32psvH0OqBmkyo\" width=\"560\" height=\"315\" frameborder=\"0\" allowfullscreen=\"allowfullscreen\"><span data-mce-type=\"bookmark\" style=\"display: inline-block; width: 0px; overflow: hidden; line-height: 0;\" class=\"mce_SELRES_start\"><\/span><\/iframe><\/p>\n<h4><span style=\"font-family: 'Open Sans';\">Principais recursos<\/span><\/h4>\n<ul>\n<li>Projetado para v\u00e1rias tarefas de empacotamento, paletiza\u00e7\u00e3o e unitiza\u00e7\u00e3o.<\/li>\n<li>Adesivo de borracha sint\u00e9tica agressivo para uma colagem segura.<\/li>\n<li>Excelente ades\u00e3o a caixas de papel\u00e3o ondulado.<\/li>\n<li>O alto poder de reten\u00e7\u00e3o garante a integridade da embalagem.<\/li>\n<\/ul>\n<p>&nbsp;<\/p>\n<h4><span style=\"font-family: Open Sans;\">Aplicativo<\/span><\/h4>\n<ul>\n<li>Constru\u00e7\u00e3o<\/li>\n<li>Solu\u00e7\u00f5es gerais para canteiros de obras<\/li>\n<li>Aplicativos de processos gerais<\/li>\n<li>Solu\u00e7\u00f5es multiuso<\/li>\n<li>Prote\u00e7\u00e3o n\u00e3o cr\u00edtica<\/li>\n<li>Paletiza\u00e7\u00e3o \/ Unitiza\u00e7\u00e3o<\/li>\n<li>Caixas de classifica\u00e7\u00e3o - Esta\u00e7\u00f5es<\/li>\n<\/ul>\n<h4><span style=\"font-family: Open Sans;\">Dados t\u00e9cnicos<\/span><\/h4>\n<p><img fetchpriority=\"high\" decoding=\"async\" class=\"alignnone size-full wp-image-6072\" src=\"https:\/\/www.wingtaitape.com\/wp-content\/uploads\/2023\/09\/mono-directional-filament-tape-data-sheet.jpg\" alt=\"Folha de dados da fita de filamento monodirecional\" width=\"1531\" height=\"567\" srcset=\"https:\/\/www.wingtaitape.com\/wp-content\/uploads\/2023\/09\/mono-directional-filament-tape-data-sheet.jpg 1531w, https:\/\/www.wingtaitape.com\/wp-content\/uploads\/2023\/09\/mono-directional-filament-tape-data-sheet-600x222.jpg 600w, https:\/\/www.wingtaitape.com\/wp-content\/uploads\/2023\/09\/mono-directional-filament-tape-data-sheet-1024x379.jpg 1024w, https:\/\/www.wingtaitape.com\/wp-content\/uploads\/2023\/09\/mono-directional-filament-tape-data-sheet-768x284.jpg 768w, https:\/\/www.wingtaitape.com\/wp-content\/uploads\/2023\/09\/mono-directional-filament-tape-data-sheet-18x7.jpg 18w, https:\/\/www.wingtaitape.com\/wp-content\/uploads\/2023\/09\/mono-directional-filament-tape-data-sheet-800x296.jpg 800w\" sizes=\"(max-width: 1531px) 100vw, 1531px\" \/><\/p>\n<p><img decoding=\"async\" class=\"alignnone size-full wp-image-6074\" src=\"https:\/\/www.wingtaitape.com\/wp-content\/uploads\/2023\/09\/Bi-directional-filament-tape-data-sheet.jpg\" alt=\"Folha de dados da fita de filamento bidirecional\" width=\"1531\" height=\"457\" srcset=\"https:\/\/www.wingtaitape.com\/wp-content\/uploads\/2023\/09\/Bi-directional-filament-tape-data-sheet.jpg 1531w, https:\/\/www.wingtaitape.com\/wp-content\/uploads\/2023\/09\/Bi-directional-filament-tape-data-sheet-600x179.jpg 600w, https:\/\/www.wingtaitape.com\/wp-content\/uploads\/2023\/09\/Bi-directional-filament-tape-data-sheet-1024x306.jpg 1024w, https:\/\/www.wingtaitape.com\/wp-content\/uploads\/2023\/09\/Bi-directional-filament-tape-data-sheet-768x229.jpg 768w, https:\/\/www.wingtaitape.com\/wp-content\/uploads\/2023\/09\/Bi-directional-filament-tape-data-sheet-18x5.jpg 18w, https:\/\/www.wingtaitape.com\/wp-content\/uploads\/2023\/09\/Bi-directional-filament-tape-data-sheet-800x239.jpg 800w\" sizes=\"(max-width: 1531px) 100vw, 1531px\" \/><\/p>\n<p><img decoding=\"async\" class=\"alignnone size-full wp-image-6075\" src=\"https:\/\/www.wingtaitape.com\/wp-content\/uploads\/2023\/09\/Clean-removal-filament-tape-data-sheet.jpg\" alt=\"Folha de dados da fita de filamento de remo\u00e7\u00e3o limpa\" width=\"1531\" height=\"709\" srcset=\"https:\/\/www.wingtaitape.com\/wp-content\/uploads\/2023\/09\/Clean-removal-filament-tape-data-sheet.jpg 1531w, https:\/\/www.wingtaitape.com\/wp-content\/uploads\/2023\/09\/Clean-removal-filament-tape-data-sheet-600x278.jpg 600w, https:\/\/www.wingtaitape.com\/wp-content\/uploads\/2023\/09\/Clean-removal-filament-tape-data-sheet-1024x474.jpg 1024w, https:\/\/www.wingtaitape.com\/wp-content\/uploads\/2023\/09\/Clean-removal-filament-tape-data-sheet-768x356.jpg 768w, https:\/\/www.wingtaitape.com\/wp-content\/uploads\/2023\/09\/Clean-removal-filament-tape-data-sheet-18x8.jpg 18w, https:\/\/www.wingtaitape.com\/wp-content\/uploads\/2023\/09\/Clean-removal-filament-tape-data-sheet-800x370.jpg 800w\" sizes=\"(max-width: 1531px) 100vw, 1531px\" \/><\/p>\n<p><img loading=\"lazy\" decoding=\"async\" class=\"alignnone size-full wp-image-6367\" src=\"https:\/\/www.wingtaitape.com\/wp-content\/uploads\/2023\/09\/Filament-tape_01.jpg\" alt=\"fita de filamento\" width=\"790\" height=\"1104\" srcset=\"https:\/\/www.wingtaitape.com\/wp-content\/uploads\/2023\/09\/Filament-tape_01.jpg 790w, https:\/\/www.wingtaitape.com\/wp-content\/uploads\/2023\/09\/Filament-tape_01-429x600.jpg 429w, https:\/\/www.wingtaitape.com\/wp-content\/uploads\/2023\/09\/Filament-tape_01-733x1024.jpg 733w, https:\/\/www.wingtaitape.com\/wp-content\/uploads\/2023\/09\/Filament-tape_01-768x1073.jpg 768w, https:\/\/www.wingtaitape.com\/wp-content\/uploads\/2023\/09\/Filament-tape_01-9x12.jpg 9w, https:\/\/www.wingtaitape.com\/wp-content\/uploads\/2023\/09\/Filament-tape_01-600x838.jpg 600w\" sizes=\"(max-width: 790px) 100vw, 790px\" \/> <img loading=\"lazy\" decoding=\"async\" class=\"alignnone size-full wp-image-6368\" src=\"https:\/\/www.wingtaitape.com\/wp-content\/uploads\/2023\/09\/Filament-tape_02.jpg\" alt=\"fita de filamento\" width=\"790\" height=\"1404\" srcset=\"https:\/\/www.wingtaitape.com\/wp-content\/uploads\/2023\/09\/Filament-tape_02.jpg 790w, https:\/\/www.wingtaitape.com\/wp-content\/uploads\/2023\/09\/Filament-tape_02-338x600.jpg 338w, https:\/\/www.wingtaitape.com\/wp-content\/uploads\/2023\/09\/Filament-tape_02-576x1024.jpg 576w, https:\/\/www.wingtaitape.com\/wp-content\/uploads\/2023\/09\/Filament-tape_02-768x1365.jpg 768w, https:\/\/www.wingtaitape.com\/wp-content\/uploads\/2023\/09\/Filament-tape_02-7x12.jpg 7w, https:\/\/www.wingtaitape.com\/wp-content\/uploads\/2023\/09\/Filament-tape_02-600x1066.jpg 600w\" sizes=\"(max-width: 790px) 100vw, 790px\" \/> <img loading=\"lazy\" decoding=\"async\" class=\"alignnone size-full wp-image-6369\" src=\"https:\/\/www.wingtaitape.com\/wp-content\/uploads\/2023\/09\/Filament-tape_03.jpg\" alt=\"fita de filamento\" width=\"790\" height=\"866\" srcset=\"https:\/\/www.wingtaitape.com\/wp-content\/uploads\/2023\/09\/Filament-tape_03.jpg 790w, https:\/\/www.wingtaitape.com\/wp-content\/uploads\/2023\/09\/Filament-tape_03-547x600.jpg 547w, https:\/\/www.wingtaitape.com\/wp-content\/uploads\/2023\/09\/Filament-tape_03-768x842.jpg 768w, https:\/\/www.wingtaitape.com\/wp-content\/uploads\/2023\/09\/Filament-tape_03-11x12.jpg 11w, https:\/\/www.wingtaitape.com\/wp-content\/uploads\/2023\/09\/Filament-tape_03-600x658.jpg 600w\" sizes=\"(max-width: 790px) 100vw, 790px\" \/> <img loading=\"lazy\" decoding=\"async\" class=\"alignnone size-full wp-image-6370\" src=\"https:\/\/www.wingtaitape.com\/wp-content\/uploads\/2023\/09\/Filament-tape_04.jpg\" alt=\"fita de filamento\" width=\"790\" height=\"1343\" srcset=\"https:\/\/www.wingtaitape.com\/wp-content\/uploads\/2023\/09\/Filament-tape_04.jpg 790w, https:\/\/www.wingtaitape.com\/wp-content\/uploads\/2023\/09\/Filament-tape_04-353x600.jpg 353w, https:\/\/www.wingtaitape.com\/wp-content\/uploads\/2023\/09\/Filament-tape_04-602x1024.jpg 602w, https:\/\/www.wingtaitape.com\/wp-content\/uploads\/2023\/09\/Filament-tape_04-768x1306.jpg 768w, https:\/\/www.wingtaitape.com\/wp-content\/uploads\/2023\/09\/Filament-tape_04-7x12.jpg 7w, https:\/\/www.wingtaitape.com\/wp-content\/uploads\/2023\/09\/Filament-tape_04-600x1020.jpg 600w\" sizes=\"(max-width: 790px) 100vw, 790px\" \/> <img loading=\"lazy\" decoding=\"async\" class=\"alignnone size-full wp-image-6371\" src=\"https:\/\/www.wingtaitape.com\/wp-content\/uploads\/2023\/09\/Filament-tape_05.jpg\" alt=\"fita de filamento\" width=\"790\" height=\"1615\" srcset=\"https:\/\/www.wingtaitape.com\/wp-content\/uploads\/2023\/09\/Filament-tape_05.jpg 790w, https:\/\/www.wingtaitape.com\/wp-content\/uploads\/2023\/09\/Filament-tape_05-293x600.jpg 293w, https:\/\/www.wingtaitape.com\/wp-content\/uploads\/2023\/09\/Filament-tape_05-501x1024.jpg 501w, https:\/\/www.wingtaitape.com\/wp-content\/uploads\/2023\/09\/Filament-tape_05-768x1570.jpg 768w, https:\/\/www.wingtaitape.com\/wp-content\/uploads\/2023\/09\/Filament-tape_05-751x1536.jpg 751w, https:\/\/www.wingtaitape.com\/wp-content\/uploads\/2023\/09\/Filament-tape_05-6x12.jpg 6w, https:\/\/www.wingtaitape.com\/wp-content\/uploads\/2023\/09\/Filament-tape_05-600x1227.jpg 600w\" sizes=\"(max-width: 790px) 100vw, 790px\" \/> <img loading=\"lazy\" decoding=\"async\" class=\"alignnone size-full wp-image-6372\" src=\"https:\/\/www.wingtaitape.com\/wp-content\/uploads\/2023\/09\/Filament-tape_06.jpg\" alt=\"fita de filamento\" width=\"790\" height=\"1006\" srcset=\"https:\/\/www.wingtaitape.com\/wp-content\/uploads\/2023\/09\/Filament-tape_06.jpg 790w, https:\/\/www.wingtaitape.com\/wp-content\/uploads\/2023\/09\/Filament-tape_06-471x600.jpg 471w, https:\/\/www.wingtaitape.com\/wp-content\/uploads\/2023\/09\/Filament-tape_06-768x978.jpg 768w, https:\/\/www.wingtaitape.com\/wp-content\/uploads\/2023\/09\/Filament-tape_06-9x12.jpg 9w, https:\/\/www.wingtaitape.com\/wp-content\/uploads\/2023\/09\/Filament-tape_06-600x764.jpg 600w\" sizes=\"(max-width: 790px) 100vw, 790px\" \/> <img loading=\"lazy\" decoding=\"async\" class=\"alignnone size-full wp-image-6373\" src=\"https:\/\/www.wingtaitape.com\/wp-content\/uploads\/2023\/09\/Filament-tape_07.jpg\" alt=\"fita de filamento\" width=\"790\" height=\"1049\" srcset=\"https:\/\/www.wingtaitape.com\/wp-content\/uploads\/2023\/09\/Filament-tape_07.jpg 790w, https:\/\/www.wingtaitape.com\/wp-content\/uploads\/2023\/09\/Filament-tape_07-452x600.jpg 452w, https:\/\/www.wingtaitape.com\/wp-content\/uploads\/2023\/09\/Filament-tape_07-771x1024.jpg 771w, https:\/\/www.wingtaitape.com\/wp-content\/uploads\/2023\/09\/Filament-tape_07-768x1020.jpg 768w, https:\/\/www.wingtaitape.com\/wp-content\/uploads\/2023\/09\/Filament-tape_07-9x12.jpg 9w, https:\/\/www.wingtaitape.com\/wp-content\/uploads\/2023\/09\/Filament-tape_07-600x797.jpg 600w\" sizes=\"(max-width: 790px) 100vw, 790px\" \/> <img loading=\"lazy\" decoding=\"async\" class=\"alignnone size-full wp-image-6374\" src=\"https:\/\/www.wingtaitape.com\/wp-content\/uploads\/2023\/09\/Filament-tape_08.jpg\" alt=\"fita de filamento\" width=\"790\" height=\"1698\" srcset=\"https:\/\/www.wingtaitape.com\/wp-content\/uploads\/2023\/09\/Filament-tape_08.jpg 790w, https:\/\/www.wingtaitape.com\/wp-content\/uploads\/2023\/09\/Filament-tape_08-279x600.jpg 279w, https:\/\/www.wingtaitape.com\/wp-content\/uploads\/2023\/09\/Filament-tape_08-476x1024.jpg 476w, https:\/\/www.wingtaitape.com\/wp-content\/uploads\/2023\/09\/Filament-tape_08-768x1651.jpg 768w, https:\/\/www.wingtaitape.com\/wp-content\/uploads\/2023\/09\/Filament-tape_08-715x1536.jpg 715w, https:\/\/www.wingtaitape.com\/wp-content\/uploads\/2023\/09\/Filament-tape_08-6x12.jpg 6w, https:\/\/www.wingtaitape.com\/wp-content\/uploads\/2023\/09\/Filament-tape_08-600x1290.jpg 600w\" sizes=\"(max-width: 790px) 100vw, 790px\" \/> <img loading=\"lazy\" decoding=\"async\" class=\"alignnone size-full wp-image-6375\" src=\"https:\/\/www.wingtaitape.com\/wp-content\/uploads\/2023\/09\/Filament-tape_09.jpg\" alt=\"fita de filamento\" width=\"790\" height=\"810\" srcset=\"https:\/\/www.wingtaitape.com\/wp-content\/uploads\/2023\/09\/Filament-tape_09.jpg 790w, https:\/\/www.wingtaitape.com\/wp-content\/uploads\/2023\/09\/Filament-tape_09-585x600.jpg 585w, https:\/\/www.wingtaitape.com\/wp-content\/uploads\/2023\/09\/Filament-tape_09-768x787.jpg 768w, https:\/\/www.wingtaitape.com\/wp-content\/uploads\/2023\/09\/Filament-tape_09-12x12.jpg 12w, https:\/\/www.wingtaitape.com\/wp-content\/uploads\/2023\/09\/Filament-tape_09-600x615.jpg 600w\" sizes=\"(max-width: 790px) 100vw, 790px\" \/><\/p>","protected":false},"excerpt":{"rendered":"<ul>\n<li>Uma solu\u00e7\u00e3o econ\u00f4mica para suas necessidades de embalagem. Nossa fita de filme de polipropileno refor\u00e7ado com fibra de vidro, com um poderoso adesivo de borracha sint\u00e9tica, garante ades\u00e3o superior e desempenho duradouro.<\/li>\n<\/ul>","protected":false},"featured_media":3077,"template":"","meta":{"slim_seo":{"title":"Fita de Filamento de Alta Resist\u00eancia \u00e0 Tra\u00e7\u00e3o -Light Duty - Fita Adesiva Fabricante, Fornecedor, Exportador | WINGTAI","description":"Fita econ\u00f4mica de filme de polipropileno refor\u00e7ado com fibra de vidro com forte ades\u00e3o para embalagem e paletiza\u00e7\u00e3o. Ideal para o setor aeroespacial, com\u00e9rcio eletr\u00f4nico e muito mais."}},"product_brand":[],"product_cat":[40],"product_tag":[39],"class_list":{"0":"post-2851","1":"product","2":"type-product","3":"status-publish","4":"has-post-thumbnail","6":"product_cat-filament-tapes","7":"product_tag-filament-tape","9":"first","10":"instock","11":"shipping-taxable","12":"product-type-simple"},"_links":{"self":[{"href":"https:\/\/www.wingtaitape.com\/pt\/wp-json\/wp\/v2\/product\/2851","targetHints":{"allow":["GET"]}}],"collection":[{"href":"https:\/\/www.wingtaitape.com\/pt\/wp-json\/wp\/v2\/product"}],"about":[{"href":"https:\/\/www.wingtaitape.com\/pt\/wp-json\/wp\/v2\/types\/product"}],"wp:featuredmedia":[{"embeddable":true,"href":"https:\/\/www.wingtaitape.com\/pt\/wp-json\/wp\/v2\/media\/3077"}],"wp:attachment":[{"href":"https:\/\/www.wingtaitape.com\/pt\/wp-json\/wp\/v2\/media?parent=2851"}],"wp:term":[{"taxonomy":"product_brand","embeddable":true,"href":"https:\/\/www.wingtaitape.com\/pt\/wp-json\/wp\/v2\/product_brand?post=2851"},{"taxonomy":"product_cat","embeddable":true,"href":"https:\/\/www.wingtaitape.com\/pt\/wp-json\/wp\/v2\/product_cat?post=2851"},{"taxonomy":"product_tag","embeddable":true,"href":"https:\/\/www.wingtaitape.com\/pt\/wp-json\/wp\/v2\/product_tag?post=2851"}],"curies":[{"name":"wp","href":"https:\/\/api.w.org\/{rel}","templated":true}]}}