{"id":2871,"date":"2023-09-17T01:55:35","date_gmt":"2023-09-17T01:55:35","guid":{"rendered":"https:\/\/www.wingtaitape.com\/?post_type=product&#038;p=2871"},"modified":"2023-12-27T10:19:24","modified_gmt":"2023-12-27T02:19:24","slug":"fita-de-embalagem-fosca-com-efeito-antirreflexo","status":"publish","type":"product","link":"https:\/\/www.wingtaitape.com\/pt\/produto\/fita-de-embalagem-fosca-com-efeito-antirreflexo\/","title":{"rendered":"Fita de embalagem fosca com efeito antirreflexo"},"content":{"rendered":"<h4><span style=\"font-family: 'Open Sans';\">Principais recursos<\/span><\/h4>\n<ul>\n<li>Acabamento fosco e n\u00e3o reflexivo<\/li>\n<li>Melhora a apar\u00eancia dos designs impressos<\/li>\n<li>Oferece prote\u00e7\u00e3o adicional contra o bloqueio da luz<\/li>\n<li>Ideal para marcas de alta qualidade<\/li>\n<\/ul>\n<p>&nbsp;<\/p>\n<h4><span style=\"font-family: 'Open Sans';\">Aplicativo<\/span><\/h4>\n<ul>\n<li>Marca e embalagem<\/li>\n<li>Ind\u00fastria de alimentos<\/li>\n<li>Eletr\u00f4nicos<\/li>\n<li>Moda de alta qualidade<\/li>\n<li>Embalagem de produto premium<\/li>\n<\/ul>","protected":false},"excerpt":{"rendered":"<p>Nossa fita de embalagem fosca, tamb\u00e9m conhecida como fita de impress\u00e3o antirreflexo, \u00e9 criada pela aplica\u00e7\u00e3o de adesivo sens\u00edvel \u00e0 press\u00e3o \u00e0 base de \u00e1gua em um filme fosco, que \u00e9 ent\u00e3o seco e cortado em tiras. Esse processo especial permite a absor\u00e7\u00e3o e a difus\u00e3o da luz, resultando em um efeito n\u00e3o reflexivo e de textura fina. Ideal para marcas e embalagens, especialmente no setor de alimentos, eletr\u00f4nicos, moda de alta qualidade e produtos premium.<\/p>","protected":false},"featured_media":3075,"template":"","meta":{"slim_seo":{"title":"Fita para embalagem fosca com efeito antirreflexo - Fita adesiva Fabricante, fornecedor, exportador | WINGTAI","description":"Descubra nossa fita para embalagem fosca com efeito antirreflexo para embalagens premium e n\u00e3o reflexivas. Ideal para marcas de alta qualidade nos setores de alimentos, eletr\u00f4nicos e moda."}},"product_brand":[],"product_cat":[52],"product_tag":[],"class_list":{"0":"post-2871","1":"product","2":"type-product","3":"status-publish","4":"has-post-thumbnail","6":"product_cat-packaging-tapes","8":"first","9":"instock","10":"shipping-taxable","11":"product-type-simple"},"_links":{"self":[{"href":"https:\/\/www.wingtaitape.com\/pt\/wp-json\/wp\/v2\/product\/2871","targetHints":{"allow":["GET"]}}],"collection":[{"href":"https:\/\/www.wingtaitape.com\/pt\/wp-json\/wp\/v2\/product"}],"about":[{"href":"https:\/\/www.wingtaitape.com\/pt\/wp-json\/wp\/v2\/types\/product"}],"wp:featuredmedia":[{"embeddable":true,"href":"https:\/\/www.wingtaitape.com\/pt\/wp-json\/wp\/v2\/media\/3075"}],"wp:attachment":[{"href":"https:\/\/www.wingtaitape.com\/pt\/wp-json\/wp\/v2\/media?parent=2871"}],"wp:term":[{"taxonomy":"product_brand","embeddable":true,"href":"https:\/\/www.wingtaitape.com\/pt\/wp-json\/wp\/v2\/product_brand?post=2871"},{"taxonomy":"product_cat","embeddable":true,"href":"https:\/\/www.wingtaitape.com\/pt\/wp-json\/wp\/v2\/product_cat?post=2871"},{"taxonomy":"product_tag","embeddable":true,"href":"https:\/\/www.wingtaitape.com\/pt\/wp-json\/wp\/v2\/product_tag?post=2871"}],"curies":[{"name":"wp","href":"https:\/\/api.w.org\/{rel}","templated":true}]}}