{"id":5223,"date":"2024-04-21T12:35:03","date_gmt":"2024-04-21T04:35:03","guid":{"rendered":"https:\/\/www.wingtaitape.com\/?post_type=product&#038;p=5223"},"modified":"2025-10-26T16:59:32","modified_gmt":"2025-10-26T08:59:32","slug":"fita-de-papel-kraft-reforcado-ativado-por-agua-de-grau-medio","status":"publish","type":"product","link":"https:\/\/www.wingtaitape.com\/pt\/produto\/fita-de-papel-kraft-reforcado-ativado-por-agua-de-grau-medio\/","title":{"rendered":"Fita de papel kraft ativado por \u00e1gua refor\u00e7ada - Grau m\u00e9dio"},"content":{"rendered":"<h4><img fetchpriority=\"high\" decoding=\"async\" class=\"alignnone size-full wp-image-5224\" src=\"http:\/\/www.wingtaitape.com\/wp-content\/uploads\/2024\/04\/9271-Reinforced-Water-activated-kraft-tape-6.jpg\" alt=\"Fita kraft refor\u00e7ada ativada por \u00e1gua\" width=\"1094\" height=\"729\" srcset=\"https:\/\/www.wingtaitape.com\/wp-content\/uploads\/2024\/04\/9271-Reinforced-Water-activated-kraft-tape-6.jpg 1094w, https:\/\/www.wingtaitape.com\/wp-content\/uploads\/2024\/04\/9271-Reinforced-Water-activated-kraft-tape-6-600x400.jpg 600w, https:\/\/www.wingtaitape.com\/wp-content\/uploads\/2024\/04\/9271-Reinforced-Water-activated-kraft-tape-6-1024x682.jpg 1024w, https:\/\/www.wingtaitape.com\/wp-content\/uploads\/2024\/04\/9271-Reinforced-Water-activated-kraft-tape-6-768x512.jpg 768w, https:\/\/www.wingtaitape.com\/wp-content\/uploads\/2024\/04\/9271-Reinforced-Water-activated-kraft-tape-6-18x12.jpg 18w, https:\/\/www.wingtaitape.com\/wp-content\/uploads\/2024\/04\/9271-Reinforced-Water-activated-kraft-tape-6-800x533.jpg 800w\" sizes=\"(max-width: 1094px) 100vw, 1094px\" \/><\/h4>\n<h4><span style=\"font-family: 'Open Sans';\">Principais recursos<\/span><\/h4>\n<ul>\n<li>O adesivo \u00e0 base de amido adere agressivamente \u00e0s caixas de papel\u00e3o ondulado, mesmo em ambientes empoeirados ou sujos.<\/li>\n<li>Recicl\u00e1vel, biodegrad\u00e1vel e repolp\u00e1vel.<\/li>\n<li>Funciona bem em embalagens cartonadas recicladas e cargas n\u00e3o unitizadas.<\/li>\n<li>Lacre inviol\u00e1vel que desestimula o roubo.<\/li>\n<li>Recomendado para uso em caixas de papel\u00e3o de peso leve a m\u00e9dio, com at\u00e9 11 kg (25 libras).<\/li>\n<\/ul>\n<h4><span style=\"font-family: 'Open Sans';\">Aplicativo<\/span><\/h4>\n<div id=\"eluid6bff19a0\" class=\"tabbable hr-tabs hg-tabs eluid6bff19a0 tabs--light element-scheme--light tabs_style1\" data-tabs-history=\"1\">\n<div class=\"tab-content\">\n<div id=\"eluid6bff19a0_1_0\" class=\"tab-pane active in\">\n<div class=\"row tabPaneContainer\">\n<div id=\"eluid1612f633\" class=\"eluid1612f633 col-md-12 col-sm-12 znColumnElement\">\n<div class=\"znColumnElement-innerWrapper-eluid1612f633 znColumnElement-innerWrapper znColumnElement-innerWrapper--valign-top znColumnElement-innerWrapper--halign-left\">\n<div class=\"znColumnElement-innerContent\">\n<div class=\"zn_text_box eluidcd6101b1 zn_text_box-light element-scheme--light\">\n<ul>\n<li>Usado para selar caixas de papel\u00e3o com duas tiras, na parte superior e inferior.<\/li>\n<li>Impress\u00e3o personalizada - Marca e identifica\u00e7\u00e3o.<\/li>\n<li>Armazenamento de transporte refrigerado.<\/li>\n<li>Evid\u00eancia de viola\u00e7\u00e3o - uma caixa de papel\u00e3o lacrada com fita ativada por \u00e1gua n\u00e3o pode ser aberta sem deixar um lacre rompido.<\/li>\n<\/ul>\n<\/div>\n<\/div>\n<\/div>\n<\/div>\n<\/div>\n<\/div>\n<div id=\"eluid6bff19a0_1_1\" class=\"tab-pane\">\n<div class=\"row tabPaneContainer\">\n<div id=\"eluidc5f8461b\" class=\"eluidc5f8461b col-md-12 col-sm-12 znColumnElement\">\n<div class=\"znColumnElement-innerWrapper-eluidc5f8461b znColumnElement-innerWrapper znColumnElement-innerWrapper--valign-top znColumnElement-innerWrapper--halign-left\">\n<div class=\"znColumnElement-innerContent\"><\/div>\n<\/div>\n<\/div>\n<\/div>\n<\/div>\n<div id=\"eluid6bff19a0_1_2\" class=\"tab-pane\">\n<div class=\"row tabPaneContainer\">\n<div id=\"eluid21b6464b\" class=\"eluid21b6464b col-md-12 col-sm-12 znColumnElement\">\n<div class=\"znColumnElement-innerWrapper-eluid21b6464b znColumnElement-innerWrapper znColumnElement-innerWrapper--valign-top znColumnElement-innerWrapper--halign-left\">\n<div class=\"znColumnElement-innerContent\"><\/div>\n<\/div>\n<\/div>\n<\/div>\n<\/div>\n<div id=\"eluid6bff19a0_1_3\" class=\"tab-pane\">\n<div class=\"row tabPaneContainer\">\n<div id=\"eluidb48b786c\" class=\"eluidb48b786c col-md-12 col-sm-12 znColumnElement\">\n<div class=\"znColumnElement-innerWrapper-eluidb48b786c znColumnElement-innerWrapper znColumnElement-innerWrapper--valign-top znColumnElement-innerWrapper--halign-left\">\n<div class=\"znColumnElement-innerContent\">\n<div class=\"zn_text_box eluid07647954 zn_text_box-light element-scheme--light\">\n<p>&nbsp;<\/p>\n<\/div>\n<\/div>\n<\/div>\n<\/div>\n<\/div>\n<\/div>\n<\/div>\n<\/div>\n<p>&nbsp;<\/p>\n<p>&nbsp;<\/p>","protected":false},"excerpt":{"rendered":"<ul>\n<li>papel kraft de alta densidade como material de base e adiciona areia de fibra de vidro como refor\u00e7o<br \/>\nFibra de vidro de 3 vias para maior resist\u00eancia \u00e0 tra\u00e7\u00e3o.<\/li>\n<li>Recomendado para uso em caixas de papel\u00e3o de peso leve a m\u00e9dio, com at\u00e9 11 kg (25 libras).<\/li>\n<\/ul>","protected":false},"featured_media":5228,"template":"","meta":{"slim_seo":{"title":"Reinforced Water Activated Kraft Paper Tape-Mide Grade - Fita adesiva Fabricante, fornecedor, exportador | WINGTAI","description":"A fita ativada por \u00e1gua proporciona uma veda\u00e7\u00e3o inviol\u00e1vel que desestimula o roubo. Cria uma veda\u00e7\u00e3o t\u00e3o forte que voc\u00ea s\u00f3 precisa usar uma tira de fita."}},"product_brand":[],"product_cat":[46,47],"product_tag":[],"class_list":{"0":"post-5223","1":"product","2":"type-product","3":"status-publish","4":"has-post-thumbnail","6":"product_cat-kraft-tapes","7":"product_cat-masking-paper-tapes","9":"first","10":"instock","11":"shipping-taxable","12":"product-type-simple"},"_links":{"self":[{"href":"https:\/\/www.wingtaitape.com\/pt\/wp-json\/wp\/v2\/product\/5223","targetHints":{"allow":["GET"]}}],"collection":[{"href":"https:\/\/www.wingtaitape.com\/pt\/wp-json\/wp\/v2\/product"}],"about":[{"href":"https:\/\/www.wingtaitape.com\/pt\/wp-json\/wp\/v2\/types\/product"}],"wp:featuredmedia":[{"embeddable":true,"href":"https:\/\/www.wingtaitape.com\/pt\/wp-json\/wp\/v2\/media\/5228"}],"wp:attachment":[{"href":"https:\/\/www.wingtaitape.com\/pt\/wp-json\/wp\/v2\/media?parent=5223"}],"wp:term":[{"taxonomy":"product_brand","embeddable":true,"href":"https:\/\/www.wingtaitape.com\/pt\/wp-json\/wp\/v2\/product_brand?post=5223"},{"taxonomy":"product_cat","embeddable":true,"href":"https:\/\/www.wingtaitape.com\/pt\/wp-json\/wp\/v2\/product_cat?post=5223"},{"taxonomy":"product_tag","embeddable":true,"href":"https:\/\/www.wingtaitape.com\/pt\/wp-json\/wp\/v2\/product_tag?post=5223"}],"curies":[{"name":"wp","href":"https:\/\/api.w.org\/{rel}","templated":true}]}}