{"id":7646,"date":"2025-08-09T18:29:21","date_gmt":"2025-08-09T10:29:21","guid":{"rendered":"https:\/\/www.wingtaitape.com\/?post_type=product&#038;p=7646"},"modified":"2025-08-09T18:37:23","modified_gmt":"2025-08-09T10:37:23","slug":"fita-adesiva-dupla-face-para-scrapbooking","status":"publish","type":"product","link":"https:\/\/www.wingtaitape.com\/pt\/produto\/fita-adesiva-dupla-face-para-scrapbooking\/","title":{"rendered":"Fita adesiva dupla face para scrapbooking"},"content":{"rendered":"<p><iframe title=\"Reprodutor de v\u00eddeo do YouTube\" src=\"https:\/\/www.youtube.com\/embed\/e1e_aGcGLdU?si=K8DVpZa10_qcdZEn\" width=\"560\" height=\"315\" frameborder=\"0\" allowfullscreen=\"allowfullscreen\"><\/iframe><\/p>\n<div id=\"model-response-message-contentr_16707efe56158903\" class=\"markdown markdown-main-panel stronger enable-updated-hr-color\" dir=\"ltr\">\n<p>&nbsp;<\/p>\n<h3>Caracter\u00edsticas do produto:<\/h3>\n<ul>\n<li><b>F\u00e1cil de usar:<\/b><span class=\"citation-5 citation-end-5\"> A fita \u00e9 simples de aplicar, eliminando a bagun\u00e7a e o tempo de secagem associados aos adesivos l\u00edquidos.<\/span><\/li>\n<li><b><span class=\"citation-4\">Ades\u00e3o de longa dura\u00e7\u00e3o:<\/span><\/b><span class=\"citation-4 citation-end-4\"> Proporciona uma colagem segura e dur\u00e1vel para v\u00e1rios trabalhos manuais em papel.<\/span><\/li>\n<li><b>Variedade de tamanhos:<\/b> Dispon\u00edvel em rolos de diferentes larguras, variando de 0,25 a 4 polegadas, para acomodar v\u00e1rias necessidades de projetos.<\/li>\n<li><b>Lies Flat:<\/b> A fita adere suavemente \u00e0s superf\u00edcies, evitando rugas, deforma\u00e7\u00f5es ou bolhas em pap\u00e9is e fotografias.<\/li>\n<li><b><span class=\"citation-3\">Aplica\u00e7\u00e3o sem bagun\u00e7a:<\/span><\/b><span class=\"citation-3 citation-end-3\"> Ao contr\u00e1rio da cola l\u00edquida, a fita n\u00e3o deixa res\u00edduos ou umidade, garantindo um acabamento limpo e profissional.<\/span><\/li>\n<li><b>Embalagem conveniente:<\/b> Vendido em rolos f\u00e1ceis de armazenar, geralmente dispon\u00edveis em pacotes de variedades para uma gama de op\u00e7\u00f5es.<\/li>\n<\/ul>\n<p>&nbsp;<\/p>\n<h3>Aplicativos:<\/h3>\n<ul>\n<li><b>Scrapbooking:<\/b> Ideal para fixar fotos, pap\u00e9is decorativos e enfeites em p\u00e1ginas de scrapbook.<\/li>\n<li><b>Mini \u00e1lbuns:<\/b> Perfeito para a constru\u00e7\u00e3o e montagem de mini \u00e1lbuns de fotos devido \u00e0 sua forte ades\u00e3o plana.<\/li>\n<li><b>Confec\u00e7\u00e3o de cart\u00f5es:<\/b> Excelente para fixar camadas de cartolina, recortes complexos e pequenos enfeites, como letras ou detalhes florais.<\/li>\n<li><b>Artesanato em papel:<\/b> Adequado para uma ampla gama de projetos baseados em papel em que \u00e9 necess\u00e1rio um adesivo forte, limpo e plano.<\/li>\n<li><b>Anexar fotografias:<\/b> As larguras maiores s\u00e3o \u00fateis especificamente para a montagem de fotografias sem causar danos ou deforma\u00e7\u00f5es.<\/li>\n<li><b>Prote\u00e7\u00e3o de planos de fundo e enfeites:<\/b> Use larguras menores para tiras de papel finas e enfeites detalhados, e larguras maiores para cobrir \u00e1reas mais amplas, como fundos.<\/li>\n<\/ul>\n<\/div>\n<h4><\/h4>","protected":false},"excerpt":{"rendered":"<p>Procurando uma maneira limpa e confi\u00e1vel de montar seus \u00e1lbuns de recortes e artesanato em papel?<\/p>\n<p>Nosso <b>fita dupla face para scrapbook<\/b> \u00e9 a solu\u00e7\u00e3o perfeita.<\/p>\n<p>Ao contr\u00e1rio das colas l\u00edquidas que podem causar rugas e deforma\u00e7\u00f5es, nossa fita fica perfeitamente plana para um acabamento suave e profissional. Ela oferece uma uni\u00e3o forte e duradoura para tudo, desde fotos e planos de fundo at\u00e9 enfeites delicados.<\/p>\n<p>Dispon\u00edvel em uma variedade de larguras de 0,25 a 4 polegadas, voc\u00ea pode encontrar facilmente o tamanho certo para qualquer projeto. Quer esteja fazendo minialbuns, cart\u00f5es de felicita\u00e7\u00f5es ou layouts complexos, nossa fita para scrapbook garante que suas cria\u00e7\u00f5es permanecer\u00e3o intactas e bonitas por muitos anos.<\/p>","protected":false},"featured_media":3123,"template":"","meta":{"slim_seo":{"description":"Crie scrapbooks e artesanatos perfeitos com nossa fita dupla face. Plana, sem rugas e de longa dura\u00e7\u00e3o. V\u00e1rios tamanhos para todas as necessidades de seus projetos.","title":"Double Sided Adhesive Tape for Scrapbooking - Adhesive tape Manufacturer, Supplier, Exporter | WINGTAI"}},"product_brand":[],"product_cat":[35,43],"product_tag":[],"class_list":{"0":"post-7646","1":"product","2":"type-product","3":"status-publish","4":"has-post-thumbnail","6":"product_cat-double-coated-tapes","7":"product_cat-industrial-tape","9":"first","10":"instock","11":"shipping-taxable","12":"product-type-simple"},"_links":{"self":[{"href":"https:\/\/www.wingtaitape.com\/pt\/wp-json\/wp\/v2\/product\/7646","targetHints":{"allow":["GET"]}}],"collection":[{"href":"https:\/\/www.wingtaitape.com\/pt\/wp-json\/wp\/v2\/product"}],"about":[{"href":"https:\/\/www.wingtaitape.com\/pt\/wp-json\/wp\/v2\/types\/product"}],"wp:featuredmedia":[{"embeddable":true,"href":"https:\/\/www.wingtaitape.com\/pt\/wp-json\/wp\/v2\/media\/3123"}],"wp:attachment":[{"href":"https:\/\/www.wingtaitape.com\/pt\/wp-json\/wp\/v2\/media?parent=7646"}],"wp:term":[{"taxonomy":"product_brand","embeddable":true,"href":"https:\/\/www.wingtaitape.com\/pt\/wp-json\/wp\/v2\/product_brand?post=7646"},{"taxonomy":"product_cat","embeddable":true,"href":"https:\/\/www.wingtaitape.com\/pt\/wp-json\/wp\/v2\/product_cat?post=7646"},{"taxonomy":"product_tag","embeddable":true,"href":"https:\/\/www.wingtaitape.com\/pt\/wp-json\/wp\/v2\/product_tag?post=7646"}],"curies":[{"name":"wp","href":"https:\/\/api.w.org\/{rel}","templated":true}]}}