{"id":7855,"date":"2025-10-19T17:52:54","date_gmt":"2025-10-19T09:52:54","guid":{"rendered":"https:\/\/www.wingtaitape.com\/?post_type=product&#038;p=7855"},"modified":"2025-10-19T18:35:13","modified_gmt":"2025-10-19T10:35:13","slug":"fita-de-filme-pi-de-poliimida-resistente-a-altas-temperaturas-e-sem-residuos","status":"publish","type":"product","link":"https:\/\/www.wingtaitape.com\/pt\/produto\/fita-de-filme-pi-de-poliimida-resistente-a-altas-temperaturas-e-sem-residuos\/","title":{"rendered":"Fita de filme pi de poliimida resistente ao calor e n\u00e3o residual para altas temperaturas"},"content":{"rendered":"<h3>Maximize seu potencial de fabrica\u00e7\u00e3o e elabora\u00e7\u00e3o com essa fita de poliimida de n\u00edvel profissional, projetada para aplica\u00e7\u00f5es de calor extremo e precis\u00e3o.<\/h3>\n<h3>Caracter\u00edsticas do produto:<\/h3>\n<div id=\"model-response-message-contentr_16707efe56158903\" class=\"markdown markdown-main-panel stronger enable-updated-hr-color\" dir=\"ltr\">\n<ul>\n<li>Garantir um <strong>acabamento limpo<\/strong> em qualquer material, pois o adesivo de silicone pode ser removido sem deixar marcas de sujeira.<\/li>\n<li>Al\u00e7a <strong>temperaturas extremas<\/strong>resistindo ao calor at\u00e9 <span class=\"math-inline\" data-math=\"536^\\circ\\text{F}\">536\u2109<\/span><span class=\"citation-14 citation-end-14\">\u00a0(<\/span><span class=\"math-inline\" data-math=\"280^\\circ\\text{C}\">280\u2103<\/span><span class=\"citation-13\">) <\/span>para prote\u00e7\u00e3o confi\u00e1vel de curto prazo durante processos rigorosos.<\/li>\n<li>Completo <strong>detalhes finos e formas complexas<\/strong> facilmente; a fita apresenta propriedades de cisalhamento superiores e est\u00e1 pronta para <strong>corte e vinco<\/strong> processos.<\/li>\n<li>Mant\u00e9m a integridade mec\u00e2nica sob estresse severo, tornando-o confi\u00e1vel onde o calor e a vibra\u00e7\u00e3o s\u00e3o rotineiros.<\/li>\n<li>Proteja os componentes sens\u00edveis e os dedos de ouro dos agentes de limpeza agressivos, beneficiando-se da capacidade da fita de<strong> forte resist\u00eancia a solventes<\/strong>.<\/li>\n<li>Reduzir as trocas de material e <strong>aumentar o tempo de atividade operacional<\/strong>.<\/li>\n<li>Obtenha uma ades\u00e3o confi\u00e1vel e um alinhamento perfeito, com o apoio de um <strong>revestimento de alta precis\u00e3o<\/strong> que limita as inconsist\u00eancias dimensionais.<\/li>\n<\/ul>\n<p>&nbsp;<\/p>\n<h3>Aplicativos:<\/h3>\n<\/div>\n<p>Essa fita resistente ao calor \u00e9 um componente confi\u00e1vel em v\u00e1rios ambientes industriais e de manufatura:<\/p>\n<ul>\n<li><b>Fabrica\u00e7\u00e3o de eletr\u00f4nicos:<\/b> Usado para <b>blindagem de solda por onda<\/b> em placas de circuito e proteger \u00e1reas sens\u00edveis como <b>dedos de ouro<\/b>.<\/li>\n<li><b>Processos de transfer\u00eancia de calor:<\/b> Obten\u00e7\u00e3o de materiais para <b>sublima\u00e7\u00e3o, prensa t\u00e9rmica e HTV<\/b> aplica\u00e7\u00f5es em roupas e outros substratos.<\/li>\n<li><b>Isolamento el\u00e9trico:<\/b> Fornecimento de isolamento especializado para <b>motores, bobinas, transformadores e capacitores<\/b> em montagens eletr\u00f4nicas.<\/li>\n<li><b>Processamento especializado:<\/b> Aplic\u00e1vel a tarefas de alta temperatura, como <b>revestimento em p\u00f3<\/b> e manufatura na <b>semicondutores<\/b> setor.<\/li>\n<li><b>Energia e pot\u00eancia:<\/b> Isolamento dos polos positivo e negativo durante a produ\u00e7\u00e3o de <b>Bateria de l\u00edtio<\/b> sistemas.<\/li>\n<li><b>Uso geral em altas temperaturas:<\/b> Materiais de m\u00e1scara e fixa\u00e7\u00e3o em <b>Impress\u00e3o 3D<\/b> e v\u00e1rios outros ambientes industriais de alta temperatura.<\/li>\n<\/ul>\n<p><img fetchpriority=\"high\" decoding=\"async\" class=\"alignnone size-full wp-image-7862\" src=\"https:\/\/www.wingtaitape.com\/wp-content\/uploads\/2025\/10\/polyimide-tape-6.webp\" alt=\"Fita de poliimida (6)\" width=\"800\" height=\"800\" srcset=\"https:\/\/www.wingtaitape.com\/wp-content\/uploads\/2025\/10\/polyimide-tape-6.webp 800w, https:\/\/www.wingtaitape.com\/wp-content\/uploads\/2025\/10\/polyimide-tape-6-600x600.webp 600w, https:\/\/www.wingtaitape.com\/wp-content\/uploads\/2025\/10\/polyimide-tape-6-150x150.webp 150w, https:\/\/www.wingtaitape.com\/wp-content\/uploads\/2025\/10\/polyimide-tape-6-768x768.webp 768w, https:\/\/www.wingtaitape.com\/wp-content\/uploads\/2025\/10\/polyimide-tape-6-12x12.webp 12w, https:\/\/www.wingtaitape.com\/wp-content\/uploads\/2025\/10\/polyimide-tape-6-100x100.webp 100w\" sizes=\"(max-width: 800px) 100vw, 800px\" \/> <img decoding=\"async\" class=\"alignnone size-full wp-image-7858\" src=\"https:\/\/www.wingtaitape.com\/wp-content\/uploads\/2025\/10\/polyimide-tape-2.webp\" alt=\"Fita de poliimida (2)\" width=\"800\" height=\"800\" srcset=\"https:\/\/www.wingtaitape.com\/wp-content\/uploads\/2025\/10\/polyimide-tape-2.webp 800w, https:\/\/www.wingtaitape.com\/wp-content\/uploads\/2025\/10\/polyimide-tape-2-600x600.webp 600w, https:\/\/www.wingtaitape.com\/wp-content\/uploads\/2025\/10\/polyimide-tape-2-150x150.webp 150w, https:\/\/www.wingtaitape.com\/wp-content\/uploads\/2025\/10\/polyimide-tape-2-768x768.webp 768w, https:\/\/www.wingtaitape.com\/wp-content\/uploads\/2025\/10\/polyimide-tape-2-12x12.webp 12w, https:\/\/www.wingtaitape.com\/wp-content\/uploads\/2025\/10\/polyimide-tape-2-100x100.webp 100w\" sizes=\"(max-width: 800px) 100vw, 800px\" \/><\/p>","protected":false},"excerpt":{"rendered":"<p><span class=\"citation-35 citation-end-35\">Essa fita de filme de poliimida oferece resist\u00eancia superior ao calor<\/span><span class=\"citation-34 citation-end-34\"> e apresenta um forte adesivo de silicone que pode ser removido sem deixar res\u00edduos. <\/span>\u00c9 uma solu\u00e7\u00e3o confi\u00e1vel para aplica\u00e7\u00f5es de mascaramento de precis\u00e3o em alta temperatura, isolamento el\u00e9trico e transfer\u00eancia de calor.<\/p>","protected":false},"featured_media":7861,"template":"","meta":{"slim_seo":{"description":"Fita t\u00e9rmica profissional de poliimida para mascaramento de alta temperatura, isolamento el\u00e9trico e sublima\u00e7\u00e3o, sem deixar res\u00edduos.","title":"High Temperature Heat Resistant No-residual Polyimide Pi Film Tape - Adhesive tape Manufacturer, Supplier, Exporter | WINGTAI"}},"product_brand":[],"product_cat":[37,43],"product_tag":[],"class_list":{"0":"post-7855","1":"product","2":"type-product","3":"status-publish","4":"has-post-thumbnail","6":"product_cat-electrical-tapes","7":"product_cat-industrial-tape","9":"first","10":"instock","11":"shipping-taxable","12":"product-type-simple"},"_links":{"self":[{"href":"https:\/\/www.wingtaitape.com\/pt\/wp-json\/wp\/v2\/product\/7855","targetHints":{"allow":["GET"]}}],"collection":[{"href":"https:\/\/www.wingtaitape.com\/pt\/wp-json\/wp\/v2\/product"}],"about":[{"href":"https:\/\/www.wingtaitape.com\/pt\/wp-json\/wp\/v2\/types\/product"}],"wp:featuredmedia":[{"embeddable":true,"href":"https:\/\/www.wingtaitape.com\/pt\/wp-json\/wp\/v2\/media\/7861"}],"wp:attachment":[{"href":"https:\/\/www.wingtaitape.com\/pt\/wp-json\/wp\/v2\/media?parent=7855"}],"wp:term":[{"taxonomy":"product_brand","embeddable":true,"href":"https:\/\/www.wingtaitape.com\/pt\/wp-json\/wp\/v2\/product_brand?post=7855"},{"taxonomy":"product_cat","embeddable":true,"href":"https:\/\/www.wingtaitape.com\/pt\/wp-json\/wp\/v2\/product_cat?post=7855"},{"taxonomy":"product_tag","embeddable":true,"href":"https:\/\/www.wingtaitape.com\/pt\/wp-json\/wp\/v2\/product_tag?post=7855"}],"curies":[{"name":"wp","href":"https:\/\/api.w.org\/{rel}","templated":true}]}}