{"id":8108,"date":"2026-01-18T15:13:54","date_gmt":"2026-01-18T07:13:54","guid":{"rendered":"https:\/\/www.wingtaitape.com\/?post_type=product&#038;p=8108"},"modified":"2026-01-18T15:23:23","modified_gmt":"2026-01-18T07:23:23","slug":"fita-butilica-super-impermeavel-fita-de-aluminio-para-reparo-de-vazamentos-fita-de-vedacao-resistente-ao-calor-e-aos-raios-ultravioleta","status":"publish","type":"product","link":"https:\/\/www.wingtaitape.com\/pt\/produto\/fita-butilica-super-impermeavel-fita-de-aluminio-para-reparo-de-vazamentos-fita-de-vedacao-resistente-ao-calor-e-aos-raios-ultravioleta\/","title":{"rendered":"Super Waterproof Butyl Tape - Fita de veda\u00e7\u00e3o e reparo de vazamento de folha de alum\u00ednio (resistente a UV e calor)"},"content":{"rendered":"<div class=\"product-description-container\">\n<h2 style=\"margin-top: 20px; margin-bottom: 15px;\">Selante para servi\u00e7o pesado para reparos permanentes<\/h2>\n<p>Os danos causados pela \u00e1gua s\u00e3o r\u00e1pidos, portanto, voc\u00ea precisa de uma solu\u00e7\u00e3o de reparo que seja mais r\u00e1pida. Esse <strong>Fita but\u00edlica super imperme\u00e1vel<\/strong> apresenta uma estrutura composta de tecido n\u00e3o tecido, folha de alum\u00ednio met\u00e1lica atualizada e borracha but\u00edlica de alta densidade. Ao contr\u00e1rio das fitas \u00e0 base de asfalto, que endurecem e racham com o tempo, a borracha but\u00edlica mant\u00e9m a flexibilidade e a for\u00e7a de ades\u00e3o por d\u00e9cadas.<\/p>\n<p>A superf\u00edcie de alum\u00ednio com padr\u00e3o de grade dissipa o calor e reflete a luz solar, mantendo a superf\u00edcie subjacente fria e evitando a degrada\u00e7\u00e3o do adesivo. Funciona como um remendo profissional para vazamentos no telhado, veda\u00e7\u00e3o de janelas e rompimentos de tubula\u00e7\u00f5es.<\/p>\n<div style=\"margin-top: 25px; margin-bottom: 25px;\">\u00a0\u00a0 \u00a0<img fetchpriority=\"high\" decoding=\"async\" class=\"alignnone size-full wp-image-8114\" src=\"https:\/\/www.wingtaitape.com\/wp-content\/uploads\/2026\/01\/Waterproof-and-Abrasion-resistance-test.jpg\" alt=\"Teste de resist\u00eancia \u00e0 \u00e1gua e \u00e0 abras\u00e3o\" width=\"498\" height=\"800\" srcset=\"https:\/\/www.wingtaitape.com\/wp-content\/uploads\/2026\/01\/Waterproof-and-Abrasion-resistance-test.jpg 498w, https:\/\/www.wingtaitape.com\/wp-content\/uploads\/2026\/01\/Waterproof-and-Abrasion-resistance-test-374x600.jpg 374w, https:\/\/www.wingtaitape.com\/wp-content\/uploads\/2026\/01\/Waterproof-and-Abrasion-resistance-test-7x12.jpg 7w\" sizes=\"(max-width: 498px) 100vw, 498px\" \/><\/div>\n<h2 style=\"margin-top: 20px; margin-bottom: 15px;\">\u00c1reas comuns de aplica\u00e7\u00e3o<\/h2>\n<h2><img decoding=\"async\" class=\"alignnone size-full wp-image-8112\" src=\"https:\/\/www.wingtaitape.com\/wp-content\/uploads\/2026\/01\/Application.jpg\" alt=\"Aplicativo\" width=\"533\" height=\"800\" srcset=\"https:\/\/www.wingtaitape.com\/wp-content\/uploads\/2026\/01\/Application.jpg 533w, https:\/\/www.wingtaitape.com\/wp-content\/uploads\/2026\/01\/Application-400x600.jpg 400w, https:\/\/www.wingtaitape.com\/wp-content\/uploads\/2026\/01\/Application-8x12.jpg 8w\" sizes=\"(max-width: 533px) 100vw, 533px\" \/><\/h2>\n<p>Essa fita resolve problemas de vazamento em ambientes residenciais e industriais. Sua forte adaptabilidade a torna eficaz para:<\/p>\n<div style=\"display: flex; flex-wrap: wrap; gap: 20px; margin-bottom: 25px;\">\n<p><!-- Block 1: Roofing (Light Blue) --><\/p>\n<div style=\"flex: 1 1 45%; min-width: 300px; background-color: #e1f5fe; padding: 20px; border-radius: 8px; box-sizing: border-box;\">\n<h3 style=\"margin-top: 0; font-size: 1.1em; color: #0277bd;\">1. Telhados e calhas<\/h3>\n<p style=\"font-size: 0.9em; margin-bottom: 0; color: #333;\"><strong>Metal e azulejo:<\/strong> Veda costuras em telhados de metal, conserta telhas rachadas e repara imediatamente calhas enferrujadas.<\/p>\n<\/div>\n<p><!-- Block 2: RVs (Light Orange) --><\/p>\n<div style=\"flex: 1 1 45%; min-width: 300px; background-color: #fff3e0; padding: 20px; border-radius: 8px; box-sizing: border-box;\">\n<h3 style=\"margin-top: 0; font-size: 1.1em; color: #ef6c00;\">2. RV e campistas<\/h3>\n<p style=\"font-size: 0.9em; margin-bottom: 0; color: #333;\"><strong>Manuten\u00e7\u00e3o externa:<\/strong> Perfeito para vedar claraboias, aberturas e bordas de janelas em ve\u00edculos recreativos. Resiste \u00e0 vibra\u00e7\u00e3o durante a viagem.<\/p>\n<\/div>\n<p><!-- Block 3: Pipes (Light Green) --><\/p>\n<div style=\"flex: 1 1 45%; min-width: 300px; background-color: #e8f5e9; padding: 20px; border-radius: 8px; box-sizing: border-box;\">\n<h3 style=\"margin-top: 0; font-size: 1.1em; color: #2e7d32;\">3. Tubula\u00e7\u00f5es e HVAC<\/h3>\n<p style=\"font-size: 0.9em; margin-bottom: 0; color: #333;\"><strong>Controle de vazamentos:<\/strong> Envolve os tubos de drenagem com vazamentos e veda as juntas dos dutos de HVAC para melhorar a efici\u00eancia energ\u00e9tica.<\/p>\n<\/div>\n<p><!-- Block 4: Construction (Light Grey) --><\/p>\n<div style=\"flex: 1 1 45%; min-width: 300px; background-color: #f5f5f5; padding: 20px; border-radius: 8px; box-sizing: border-box;\">\n<h3 style=\"margin-top: 0; font-size: 1.1em; color: #616161;\">4. Constru\u00e7\u00e3o geral<\/h3>\n<p style=\"font-size: 0.9em; margin-bottom: 0; color: #333;\"><strong>Preenchimento de lacunas:<\/strong> Veda lacunas entre paredes de concreto, protege os peitoris das janelas contra a umidade e remenda lonas \u00e0 prova d'\u00e1gua.<\/p>\n<\/div>\n<\/div>\n<h2><\/h2>\n<h2 style=\"margin-top: 20px; margin-bottom: 15px;\">Por que escolher a borracha but\u00edlica?<\/h2>\n<ul style=\"list-style-type: square; margin-left: 20px; margin-bottom: 20px;\">\n<li><strong>Autocura:<\/strong> A espessa camada de borracha flui para pequenos arranh\u00f5es e lacunas, criando uma barreira herm\u00e9tica.<\/li>\n<li><strong>Alto alongamento:<\/strong> Expande-se e contrai-se com as condi\u00e7\u00f5es clim\u00e1ticas sem quebrar ou perder sua liga\u00e7\u00e3o.<\/li>\n<li><strong>Resistente ao fogo:<\/strong> A superf\u00edcie de alum\u00ednio resiste \u00e0 igni\u00e7\u00e3o e retarda a propaga\u00e7\u00e3o da chama.<\/li>\n<li><strong>Est\u00e1vel do ponto de vista qu\u00edmico:<\/strong> Resiste \u00e0 corros\u00e3o causada por \u00e1cidos fracos, \u00e1lcalis e n\u00e9voa salina.<\/li>\n<\/ul>\n<h2 style=\"margin-top: 20px; margin-bottom: 15px;\">Diretrizes de instala\u00e7\u00e3o<\/h2>\n<p>A aplica\u00e7\u00e3o correta determina o sucesso da veda\u00e7\u00e3o. Siga estas etapas:<\/p>\n<ol style=\"margin-left: 20px;\">\n<li><strong>Limpo:<\/strong> Remova toda a poeira, areia e \u00f3leo da superf\u00edcie. A base deve estar seca e limpa.<\/li>\n<li><strong>Medida:<\/strong> Corte a fita no comprimento necess\u00e1rio.<\/li>\n<li><strong>Descascar:<\/strong> Remova a pel\u00edcula protetora da parte inferior.<\/li>\n<li><strong>Stick:<\/strong> Aplique a fita sobre a rachadura ou a costura.<\/li>\n<li><strong>Imprensa:<\/strong> Pressione firmemente a fita (especialmente as bordas) para espremer as bolhas de ar e ativar a colagem.<\/li>\n<\/ol>\n<p style=\"font-size: 0.9em; color: #666; margin-top: 20px;\"><em>Observa\u00e7\u00e3o: Depois de aplicada, a fita se fixa permanentemente. N\u00e3o tente reposicion\u00e1-la ap\u00f3s pression\u00e1-la.<br \/>\n<\/em><\/p>\n<h2 style=\"margin-top: 20px; margin-bottom: 15px;\">Lista de tamanhos dispon\u00edveis<\/h2>\n<table style=\"width: 100%; border-collapse: collapse; border: 1px solid #e1e1e1; margin-bottom: 25px; text-align: center;\">\n<thead>\n<tr style=\"background-color: #f9f9f9; border-bottom: 2px solid #ddd;\">\n<th style=\"padding: 10px; border: 1px solid #e1e1e1;\">N\u00e3o.<\/th>\n<th style=\"padding: 10px; border: 1px solid #e1e1e1;\">Espessura<\/th>\n<th style=\"padding: 10px; border: 1px solid #e1e1e1;\">Largura<\/th>\n<th style=\"padding: 10px; border: 1px solid #e1e1e1;\">Comprimento<\/th>\n<\/tr>\n<\/thead>\n<tbody><!-- 1.0mm Series --><\/p>\n<tr>\n<td style=\"padding: 8px; border: 1px solid #e1e1e1;\">1<\/td>\n<td style=\"padding: 8px; border: 1px solid #e1e1e1;\">1,0 mm<\/td>\n<td style=\"padding: 8px; border: 1px solid #e1e1e1;\">5 cm<\/td>\n<td style=\"padding: 8px; border: 1px solid #e1e1e1;\">5 m<\/td>\n<\/tr>\n<tr>\n<td style=\"padding: 8px; border: 1px solid #e1e1e1;\">2<\/td>\n<td style=\"padding: 8px; border: 1px solid #e1e1e1;\">1,0 mm<\/td>\n<td style=\"padding: 8px; border: 1px solid #e1e1e1;\">10 cm<\/td>\n<td style=\"padding: 8px; border: 1px solid #e1e1e1;\">5 m<\/td>\n<\/tr>\n<tr>\n<td style=\"padding: 8px; border: 1px solid #e1e1e1;\">3<\/td>\n<td style=\"padding: 8px; border: 1px solid #e1e1e1;\">1,0 mm<\/td>\n<td style=\"padding: 8px; border: 1px solid #e1e1e1;\">10 cm<\/td>\n<td style=\"padding: 8px; border: 1px solid #e1e1e1;\">10 m<\/td>\n<\/tr>\n<tr>\n<td style=\"padding: 8px; border: 1px solid #e1e1e1;\">4<\/td>\n<td style=\"padding: 8px; border: 1px solid #e1e1e1;\">1,0 mm<\/td>\n<td style=\"padding: 8px; border: 1px solid #e1e1e1;\">15 cm<\/td>\n<td style=\"padding: 8px; border: 1px solid #e1e1e1;\">5 m<\/td>\n<\/tr>\n<tr>\n<td style=\"padding: 8px; border: 1px solid #e1e1e1;\">5<\/td>\n<td style=\"padding: 8px; border: 1px solid #e1e1e1;\">1,0 mm<\/td>\n<td style=\"padding: 8px; border: 1px solid #e1e1e1;\">20 cm<\/td>\n<td style=\"padding: 8px; border: 1px solid #e1e1e1;\">5 m<\/td>\n<\/tr>\n<tr>\n<td style=\"padding: 8px; border: 1px solid #e1e1e1;\">6<\/td>\n<td style=\"padding: 8px; border: 1px solid #e1e1e1;\">1,0 mm<\/td>\n<td style=\"padding: 8px; border: 1px solid #e1e1e1;\">30 cm<\/td>\n<td style=\"padding: 8px; border: 1px solid #e1e1e1;\">5 m<\/td>\n<\/tr>\n<tr>\n<td style=\"padding: 8px; border: 1px solid #e1e1e1;\">7<\/td>\n<td style=\"padding: 8px; border: 1px solid #e1e1e1;\">1,0 mm<\/td>\n<td style=\"padding: 8px; border: 1px solid #e1e1e1;\">50 cm<\/td>\n<td style=\"padding: 8px; border: 1px solid #e1e1e1;\">5 m<\/td>\n<\/tr>\n<tr>\n<td style=\"padding: 8px; border: 1px solid #e1e1e1;\">8<\/td>\n<td style=\"padding: 8px; border: 1px solid #e1e1e1;\">1,0 mm<\/td>\n<td style=\"padding: 8px; border: 1px solid #e1e1e1;\">1 metro<\/td>\n<td style=\"padding: 8px; border: 1px solid #e1e1e1;\">5 m<\/td>\n<\/tr>\n<tr>\n<td style=\"padding: 8px; border: 1px solid #e1e1e1;\">9<\/td>\n<td style=\"padding: 8px; border: 1px solid #e1e1e1;\">1,0 mm<\/td>\n<td style=\"padding: 8px; border: 1px solid #e1e1e1;\">1 metro<\/td>\n<td style=\"padding: 8px; border: 1px solid #e1e1e1;\">10 m<\/td>\n<\/tr>\n<p><!-- 1.2mm Series --><\/p>\n<tr>\n<td style=\"padding: 8px; border: 1px solid #e1e1e1;\">10<\/td>\n<td style=\"padding: 8px; border: 1px solid #e1e1e1;\">1,2 mm<\/td>\n<td style=\"padding: 8px; border: 1px solid #e1e1e1;\">5 cm<\/td>\n<td style=\"padding: 8px; border: 1px solid #e1e1e1;\">5 m<\/td>\n<\/tr>\n<tr>\n<td style=\"padding: 8px; border: 1px solid #e1e1e1;\">11<\/td>\n<td style=\"padding: 8px; border: 1px solid #e1e1e1;\">1,2 mm<\/td>\n<td style=\"padding: 8px; border: 1px solid #e1e1e1;\">10 cm<\/td>\n<td style=\"padding: 8px; border: 1px solid #e1e1e1;\">5 m<\/td>\n<\/tr>\n<tr>\n<td style=\"padding: 8px; border: 1px solid #e1e1e1;\">12<\/td>\n<td style=\"padding: 8px; border: 1px solid #e1e1e1;\">1,2 mm<\/td>\n<td style=\"padding: 8px; border: 1px solid #e1e1e1;\">10 cm<\/td>\n<td style=\"padding: 8px; border: 1px solid #e1e1e1;\">10 m<\/td>\n<\/tr>\n<tr>\n<td style=\"padding: 8px; border: 1px solid #e1e1e1;\">13<\/td>\n<td style=\"padding: 8px; border: 1px solid #e1e1e1;\">1,2 mm<\/td>\n<td style=\"padding: 8px; border: 1px solid #e1e1e1;\">15 cm<\/td>\n<td style=\"padding: 8px; border: 1px solid #e1e1e1;\">5 m<\/td>\n<\/tr>\n<tr>\n<td style=\"padding: 8px; border: 1px solid #e1e1e1;\">14<\/td>\n<td style=\"padding: 8px; border: 1px solid #e1e1e1;\">1,2 mm<\/td>\n<td style=\"padding: 8px; border: 1px solid #e1e1e1;\">20 cm<\/td>\n<td style=\"padding: 8px; border: 1px solid #e1e1e1;\">5 m<\/td>\n<\/tr>\n<tr>\n<td style=\"padding: 8px; border: 1px solid #e1e1e1;\">15<\/td>\n<td style=\"padding: 8px; border: 1px solid #e1e1e1;\">1,2 mm<\/td>\n<td style=\"padding: 8px; border: 1px solid #e1e1e1;\">30 cm<\/td>\n<td style=\"padding: 8px; border: 1px solid #e1e1e1;\">5 m<\/td>\n<\/tr>\n<tr>\n<td style=\"padding: 8px; border: 1px solid #e1e1e1;\">16<\/td>\n<td style=\"padding: 8px; border: 1px solid #e1e1e1;\">1,2 mm<\/td>\n<td style=\"padding: 8px; border: 1px solid #e1e1e1;\">50 cm<\/td>\n<td style=\"padding: 8px; border: 1px solid #e1e1e1;\">5 m<\/td>\n<\/tr>\n<tr>\n<td style=\"padding: 8px; border: 1px solid #e1e1e1;\">17<\/td>\n<td style=\"padding: 8px; border: 1px solid #e1e1e1;\">1,2 mm<\/td>\n<td style=\"padding: 8px; border: 1px solid #e1e1e1;\">1 metro<\/td>\n<td style=\"padding: 8px; border: 1px solid #e1e1e1;\">5 m<\/td>\n<\/tr>\n<tr>\n<td style=\"padding: 8px; border: 1px solid #e1e1e1;\">18<\/td>\n<td style=\"padding: 8px; border: 1px solid #e1e1e1;\">1,2 mm<\/td>\n<td style=\"padding: 8px; border: 1px solid #e1e1e1;\">1 metro<\/td>\n<td style=\"padding: 8px; border: 1px solid #e1e1e1;\">10 m<\/td>\n<\/tr>\n<p><!-- 1.5mm Series --><\/p>\n<tr>\n<td style=\"padding: 8px; border: 1px solid #e1e1e1;\">19<\/td>\n<td style=\"padding: 8px; border: 1px solid #e1e1e1;\">1,5 mm<\/td>\n<td style=\"padding: 8px; border: 1px solid #e1e1e1;\">5 cm<\/td>\n<td style=\"padding: 8px; border: 1px solid #e1e1e1;\">5 m<\/td>\n<\/tr>\n<tr>\n<td style=\"padding: 8px; border: 1px solid #e1e1e1;\">20<\/td>\n<td style=\"padding: 8px; border: 1px solid #e1e1e1;\">1,5 mm<\/td>\n<td style=\"padding: 8px; border: 1px solid #e1e1e1;\">10 cm<\/td>\n<td style=\"padding: 8px; border: 1px solid #e1e1e1;\">5 m<\/td>\n<\/tr>\n<tr>\n<td style=\"padding: 8px; border: 1px solid #e1e1e1;\">21<\/td>\n<td style=\"padding: 8px; border: 1px solid #e1e1e1;\">1,5 mm<\/td>\n<td style=\"padding: 8px; border: 1px solid #e1e1e1;\">15 cm<\/td>\n<td style=\"padding: 8px; border: 1px solid #e1e1e1;\">5 m<\/td>\n<\/tr>\n<tr>\n<td style=\"padding: 8px; border: 1px solid #e1e1e1;\">22<\/td>\n<td style=\"padding: 8px; border: 1px solid #e1e1e1;\">1,5 mm<\/td>\n<td style=\"padding: 8px; border: 1px solid #e1e1e1;\">20 cm<\/td>\n<td style=\"padding: 8px; border: 1px solid #e1e1e1;\">5 m<\/td>\n<\/tr>\n<tr>\n<td style=\"padding: 8px; border: 1px solid #e1e1e1;\">23<\/td>\n<td style=\"padding: 8px; border: 1px solid #e1e1e1;\">1,5 mm<\/td>\n<td style=\"padding: 8px; border: 1px solid #e1e1e1;\">30 cm<\/td>\n<td style=\"padding: 8px; border: 1px solid #e1e1e1;\">5 m<\/td>\n<\/tr>\n<tr>\n<td style=\"padding: 8px; border: 1px solid #e1e1e1;\">24<\/td>\n<td style=\"padding: 8px; border: 1px solid #e1e1e1;\">1,5 mm<\/td>\n<td style=\"padding: 8px; border: 1px solid #e1e1e1;\">50 cm<\/td>\n<td style=\"padding: 8px; border: 1px solid #e1e1e1;\">5 m<\/td>\n<\/tr>\n<tr>\n<td style=\"padding: 8px; border: 1px solid #e1e1e1;\">25<\/td>\n<td style=\"padding: 8px; border: 1px solid #e1e1e1;\">1,5 mm<\/td>\n<td style=\"padding: 8px; border: 1px solid #e1e1e1;\">1 metro<\/td>\n<td style=\"padding: 8px; border: 1px solid #e1e1e1;\">5 m<\/td>\n<\/tr>\n<tr>\n<td style=\"padding: 8px; border: 1px solid #e1e1e1;\">26<\/td>\n<td style=\"padding: 8px; border: 1px solid #e1e1e1;\">1,5 mm<\/td>\n<td style=\"padding: 8px; border: 1px solid #e1e1e1;\">1 metro<\/td>\n<td style=\"padding: 8px; border: 1px solid #e1e1e1;\">10 m<\/td>\n<\/tr>\n<\/tbody>\n<\/table>\n<\/div>","protected":false},"excerpt":{"rendered":"<ul style=\"list-style-type: disc; margin-left: 20px;\">\n<li><strong>Bloqueio instant\u00e2neo de vazamentos:<\/strong> O adesivo but\u00edlico agressivo adere imediatamente a superf\u00edcies \u00famidas ou secas para vedar rachaduras.<\/li>\n<li><strong>Escudo para todos os climas:<\/strong> O suporte de folha de alum\u00ednio reflete os raios UV e resiste ao envelhecimento por mais de 30 anos.<\/li>\n<li><strong>Resist\u00eancia a temperaturas extremas:<\/strong> Permanece est\u00e1vel de -40\u00b0C a 120\u00b0C (-40\u00b0F a 248\u00b0F) sem derreter ou rachar.<\/li>\n<li><strong>Liga\u00e7\u00e3o em v\u00e1rias superf\u00edcies:<\/strong> Adere fortemente a metal, concreto, vidro, madeira e pl\u00e1stico.<\/li>\n<li><strong>F\u00e1cil aplica\u00e7\u00e3o:<\/strong> O design \"peel-and-stick\" n\u00e3o requer cola extra ou ma\u00e7arico.<\/li>\n<\/ul>","protected":false},"featured_media":8113,"template":"","meta":{"slim_seo":{"description":"Pare os vazamentos instantaneamente com a Super Waterproof Butyl Tape. O dorso de folha de alum\u00ednio resiste ao calor e aos raios UV. Ideal para reparos em telhados, veda\u00e7\u00e3o de trailers e vazamentos em tubula\u00e7\u00f5es.","title":"Super Waterproof Butyl Tape - Aluminum Foil Leak Repair & Sealing Strip (UV & Heat Resistant) - Adhesive tape Manufacturer, Supplier, Exporter | WINGTAI"}},"product_brand":[218],"product_cat":[217],"product_tag":[],"class_list":{"0":"post-8108","1":"product","2":"type-product","3":"status-publish","4":"has-post-thumbnail","6":"product_brand-wingtai","7":"product_cat-protection-materials","9":"first","10":"instock","11":"shipping-taxable","12":"product-type-simple"},"_links":{"self":[{"href":"https:\/\/www.wingtaitape.com\/pt\/wp-json\/wp\/v2\/product\/8108","targetHints":{"allow":["GET"]}}],"collection":[{"href":"https:\/\/www.wingtaitape.com\/pt\/wp-json\/wp\/v2\/product"}],"about":[{"href":"https:\/\/www.wingtaitape.com\/pt\/wp-json\/wp\/v2\/types\/product"}],"wp:featuredmedia":[{"embeddable":true,"href":"https:\/\/www.wingtaitape.com\/pt\/wp-json\/wp\/v2\/media\/8113"}],"wp:attachment":[{"href":"https:\/\/www.wingtaitape.com\/pt\/wp-json\/wp\/v2\/media?parent=8108"}],"wp:term":[{"taxonomy":"product_brand","embeddable":true,"href":"https:\/\/www.wingtaitape.com\/pt\/wp-json\/wp\/v2\/product_brand?post=8108"},{"taxonomy":"product_cat","embeddable":true,"href":"https:\/\/www.wingtaitape.com\/pt\/wp-json\/wp\/v2\/product_cat?post=8108"},{"taxonomy":"product_tag","embeddable":true,"href":"https:\/\/www.wingtaitape.com\/pt\/wp-json\/wp\/v2\/product_tag?post=8108"}],"curies":[{"name":"wp","href":"https:\/\/api.w.org\/{rel}","templated":true}]}}